{"id":301,"date":"2025-12-15T11:51:59","date_gmt":"2025-12-15T10:51:59","guid":{"rendered":"https:\/\/divi.zae.pl\/?page_id=301"},"modified":"2026-04-14T13:09:41","modified_gmt":"2026-04-14T11:09:41","slug":"doradztwo-techniczne","status":"publish","type":"page","link":"https:\/\/divi.zae.pl\/index.php\/doradztwo-techniczne\/","title":{"rendered":"Doradztwo techniczne"},"content":{"rendered":"\n<div class=\"et_pb_section_0 et_pb_section et_section_regular et_block_section preset--module--divi-section--default\"><div class=\"et_pb_row_0 et_pb_row et_block_row\"><div class=\"et_pb_column_0 et_pb_column et_pb_column_4_4 et-last-child et_block_column et_pb_css_mix_blend_mode_passthrough\"><div class=\"et_pb_heading_0 et_pb_heading et_pb_module et_block_module preset--module--divi-heading--a981e6ca-7fd8-45e6-9c38-41ce8df70846\"><div class=\"et_pb_heading_container\"><h1 class=\"et_pb_module_header\">Doradztwo techniczne<\/h1><\/div><\/div><\/div><\/div><div class=\"et_pb_row_1 et_pb_row et_block_row\"><div class=\"et_pb_column_1 et_pb_column et_pb_column_4_4 et-last-child et_block_column et_pb_css_mix_blend_mode_passthrough\"><div class=\"et_pb_text_0 et_pb_text et_pb_bg_layout_light et_pb_module et_block_module preset--module--divi-text--default\"><div class=\"et_pb_text_inner\"><p class=\"align-justify\">Administratorom budynk\u00f3w proponujemy szereg rozwi\u0105za\u0144 obni\u017caj\u0105cych koszty eksploatacji zwi\u0105zanych ze zu\u017cyciem energii elektrycznej. Tworzymy systemy monitoringu kluczowych medi\u00f3w \u2013 takie instalacje pozwalaj\u0105 nadzorowa\u0107 \u00a0ich zu\u017cycie przyczyniaj\u0105c si\u0119 do oszcz\u0119dno\u015bci, kt\u00f3re przek\u0142adaj\u0105 si\u0119 na realny zysk dla Klienta.\u00a0<\/p>\n<p class=\"align-justify\">Wykonujemy analizy projekt\u00f3w od strony technicznej i ekonomicznej. Opracowujemy koncepcje zasilania obiekt\u00f3w energi\u0105 elektryczn\u0105, w tym energi\u0105 odnawialn\u0105.<\/p>\n<\/div><\/div><\/div><\/div><\/div>\n","protected":false},"excerpt":{"rendered":"","protected":false},"author":2,"featured_media":0,"parent":0,"menu_order":0,"comment_status":"closed","ping_status":"closed","template":"","meta":{"footnotes":""},"class_list":["post-301","page","type-page","status-publish","hentry"],"_links":{"self":[{"href":"https:\/\/divi.zae.pl\/index.php\/wp-json\/wp\/v2\/pages\/301","targetHints":{"allow":["GET"]}}],"collection":[{"href":"https:\/\/divi.zae.pl\/index.php\/wp-json\/wp\/v2\/pages"}],"about":[{"href":"https:\/\/divi.zae.pl\/index.php\/wp-json\/wp\/v2\/types\/page"}],"author":[{"embeddable":true,"href":"https:\/\/divi.zae.pl\/index.php\/wp-json\/wp\/v2\/users\/2"}],"replies":[{"embeddable":true,"href":"https:\/\/divi.zae.pl\/index.php\/wp-json\/wp\/v2\/comments?post=301"}],"version-history":[{"count":3,"href":"https:\/\/divi.zae.pl\/index.php\/wp-json\/wp\/v2\/pages\/301\/revisions"}],"predecessor-version":[{"id":810,"href":"https:\/\/divi.zae.pl\/index.php\/wp-json\/wp\/v2\/pages\/301\/revisions\/810"}],"wp:attachment":[{"href":"https:\/\/divi.zae.pl\/index.php\/wp-json\/wp\/v2\/media?parent=301"}],"curies":[{"name":"wp","href":"https:\/\/api.w.org\/{rel}","templated":true}]}}