{"id":300,"date":"2025-12-15T11:51:11","date_gmt":"2025-12-15T10:51:11","guid":{"rendered":"https:\/\/divi.zae.pl\/?page_id=300"},"modified":"2026-04-14T13:09:41","modified_gmt":"2026-04-14T11:09:41","slug":"nadzor-eksploatacyjny-instalacji-i-urzadzen-elektrycznych-obiektow","status":"publish","type":"page","link":"https:\/\/divi.zae.pl\/index.php\/nadzor-eksploatacyjny-instalacji-i-urzadzen-elektrycznych-obiektow\/","title":{"rendered":"Nadz\u00f3r eksploatacyjny instalacji i urz\u0105dze\u0144 elektrycznych obiekt\u00f3w"},"content":{"rendered":"\n<div class=\"et_pb_section_0 et_pb_section et_section_regular et_block_section preset--module--divi-section--default\"><div class=\"et_pb_row_0 et_pb_row et_block_row\"><div class=\"et_pb_column_0 et_pb_column et_pb_column_4_4 et-last-child et_block_column et_pb_css_mix_blend_mode_passthrough\"><div class=\"et_pb_heading_0 et_pb_heading et_pb_module et_block_module preset--module--divi-heading--a981e6ca-7fd8-45e6-9c38-41ce8df70846\"><div class=\"et_pb_heading_container\"><h1 class=\"et_pb_module_header\">Nadz\u00f3r eksploatacyjny instalacji i urz\u0105dze\u0144 elektrycznych obiekt\u00f3w<\/h1><\/div><\/div><\/div><\/div><div class=\"et_pb_row_1 et_pb_row et_block_row\"><div class=\"et_pb_column_1 et_pb_column et_pb_column_4_4 et-last-child et_block_column et_pb_css_mix_blend_mode_passthrough\"><div class=\"et_pb_text_0 et_pb_text et_pb_bg_layout_light et_pb_module et_block_module preset--module--divi-text--default\"><div class=\"et_pb_text_inner\"><p><span>Obs\u0142uga budynku, kt\u00f3ry posiadasz lub u\u017cytkujesz ju\u017c nie musi by\u0107 dla Ciebie problemem \u2013 Serwis ZAE wychodz\u0105c naprzeciw oczekiwaniom swoich Klient\u00f3w oferuje kompleksow\u0105 obs\u0142ug\u0119 obiekt\u00f3w.\u00a0<\/span><\/p>\n<\/div><\/div><\/div><\/div><\/div>\n","protected":false},"excerpt":{"rendered":"","protected":false},"author":2,"featured_media":0,"parent":0,"menu_order":0,"comment_status":"closed","ping_status":"closed","template":"","meta":{"footnotes":""},"class_list":["post-300","page","type-page","status-publish","hentry"],"_links":{"self":[{"href":"https:\/\/divi.zae.pl\/index.php\/wp-json\/wp\/v2\/pages\/300","targetHints":{"allow":["GET"]}}],"collection":[{"href":"https:\/\/divi.zae.pl\/index.php\/wp-json\/wp\/v2\/pages"}],"about":[{"href":"https:\/\/divi.zae.pl\/index.php\/wp-json\/wp\/v2\/types\/page"}],"author":[{"embeddable":true,"href":"https:\/\/divi.zae.pl\/index.php\/wp-json\/wp\/v2\/users\/2"}],"replies":[{"embeddable":true,"href":"https:\/\/divi.zae.pl\/index.php\/wp-json\/wp\/v2\/comments?post=300"}],"version-history":[{"count":4,"href":"https:\/\/divi.zae.pl\/index.php\/wp-json\/wp\/v2\/pages\/300\/revisions"}],"predecessor-version":[{"id":809,"href":"https:\/\/divi.zae.pl\/index.php\/wp-json\/wp\/v2\/pages\/300\/revisions\/809"}],"wp:attachment":[{"href":"https:\/\/divi.zae.pl\/index.php\/wp-json\/wp\/v2\/media?parent=300"}],"curies":[{"name":"wp","href":"https:\/\/api.w.org\/{rel}","templated":true}]}}