{"id":299,"date":"2025-12-15T11:50:55","date_gmt":"2025-12-15T10:50:55","guid":{"rendered":"https:\/\/divi.zae.pl\/?page_id=299"},"modified":"2026-04-14T13:09:40","modified_gmt":"2026-04-14T11:09:40","slug":"modernizacja-instalacji-i-urzadzen-elektrycznych","status":"publish","type":"page","link":"https:\/\/divi.zae.pl\/index.php\/modernizacja-instalacji-i-urzadzen-elektrycznych\/","title":{"rendered":"Modernizacja instalacji i urz\u0105dze\u0144 elektrycznych"},"content":{"rendered":"\n<div class=\"et_pb_section_0 et_pb_section et_section_regular et_block_section preset--module--divi-section--default\"><div class=\"et_pb_row_0 et_pb_row et_block_row\"><div class=\"et_pb_column_0 et_pb_column et_pb_column_4_4 et-last-child et_block_column et_pb_css_mix_blend_mode_passthrough\"><div class=\"et_pb_heading_0 et_pb_heading et_pb_module et_block_module preset--module--divi-heading--a981e6ca-7fd8-45e6-9c38-41ce8df70846\"><div class=\"et_pb_heading_container\"><h1 class=\"et_pb_module_header\">Modernizacja instalacji i urz\u0105dze\u0144 elektrycznych<\/h1><\/div><\/div><\/div><\/div><div class=\"et_pb_row_1 et_pb_row et_block_row\"><div class=\"et_pb_column_1 et_pb_column et_pb_column_4_4 et-last-child et_block_column et_pb_css_mix_blend_mode_passthrough\"><div class=\"et_pb_text_0 et_pb_text et_pb_bg_layout_light et_pb_module et_block_module preset--module--divi-text--default\"><div class=\"et_pb_text_inner\"><p><span>\u015awiadczymy kompleksowe us\u0142ugi w zakresie modernizacji i remont\u00f3w instalacji elektrycznych. Nasza oferta kierowana jest do klient\u00f3w indywidualnych, firm i zak\u0142ad\u00f3w przemys\u0142owych. Specjalizujemy si\u0119 w monta\u017cu, serwisie oraz renowacji uk\u0142ad\u00f3w SZR, rozdzielnic elektrycznych niskiego napi\u0119cia, uk\u0142ad\u00f3w sterowania automatyk\u0105 przemys\u0142ow\u0105.<\/span><\/p>\n<\/div><\/div><\/div><\/div><\/div>\n","protected":false},"excerpt":{"rendered":"","protected":false},"author":2,"featured_media":0,"parent":0,"menu_order":0,"comment_status":"closed","ping_status":"closed","template":"","meta":{"footnotes":""},"class_list":["post-299","page","type-page","status-publish","hentry"],"_links":{"self":[{"href":"https:\/\/divi.zae.pl\/index.php\/wp-json\/wp\/v2\/pages\/299","targetHints":{"allow":["GET"]}}],"collection":[{"href":"https:\/\/divi.zae.pl\/index.php\/wp-json\/wp\/v2\/pages"}],"about":[{"href":"https:\/\/divi.zae.pl\/index.php\/wp-json\/wp\/v2\/types\/page"}],"author":[{"embeddable":true,"href":"https:\/\/divi.zae.pl\/index.php\/wp-json\/wp\/v2\/users\/2"}],"replies":[{"embeddable":true,"href":"https:\/\/divi.zae.pl\/index.php\/wp-json\/wp\/v2\/comments?post=299"}],"version-history":[{"count":3,"href":"https:\/\/divi.zae.pl\/index.php\/wp-json\/wp\/v2\/pages\/299\/revisions"}],"predecessor-version":[{"id":808,"href":"https:\/\/divi.zae.pl\/index.php\/wp-json\/wp\/v2\/pages\/299\/revisions\/808"}],"wp:attachment":[{"href":"https:\/\/divi.zae.pl\/index.php\/wp-json\/wp\/v2\/media?parent=299"}],"curies":[{"name":"wp","href":"https:\/\/api.w.org\/{rel}","templated":true}]}}