{"id":298,"date":"2025-12-15T11:50:40","date_gmt":"2025-12-15T10:50:40","guid":{"rendered":"https:\/\/divi.zae.pl\/?page_id=298"},"modified":"2026-04-14T13:09:40","modified_gmt":"2026-04-14T11:09:40","slug":"czyszczenie-regulacja-testy-i-konserwacja","status":"publish","type":"page","link":"https:\/\/divi.zae.pl\/index.php\/czyszczenie-regulacja-testy-i-konserwacja\/","title":{"rendered":"Czyszczenie, regulacja, testy i konserwacja"},"content":{"rendered":"\n<div class=\"et_pb_section_0 et_pb_section et_section_regular et_block_section preset--module--divi-section--default\"><div class=\"et_pb_row_0 et_pb_row et_block_row\"><div class=\"et_pb_column_0 et_pb_column et_pb_column_4_4 et-last-child et_block_column et_pb_css_mix_blend_mode_passthrough\"><div class=\"et_pb_heading_0 et_pb_heading et_pb_module et_block_module preset--module--divi-heading--a981e6ca-7fd8-45e6-9c38-41ce8df70846\"><div class=\"et_pb_heading_container\"><h1 class=\"et_pb_module_header\">Czyszczenie, regulacja, testy i konserwacja<\/h1><\/div><\/div><\/div><\/div><div class=\"et_pb_row_1 et_pb_row et_block_row\"><div class=\"et_pb_column_1 et_pb_column et_pb_column_4_4 et-last-child et_block_column et_pb_css_mix_blend_mode_passthrough\"><div class=\"et_pb_text_0 et_pb_text et_pb_bg_layout_light et_pb_module et_block_module preset--module--divi-text--default\"><div class=\"et_pb_text_inner\"><p><span>Podczas wieloletniej eksploatacji urz\u0105dze\u0144 i instalacji elektrycznych dochodzi do ich starzenia si\u0119. Urz\u0105dzenia nierzadko pracuj\u0105 w trudnych warunkach, zwi\u0119kszone<\/span><span>\u00a0\u00a0<\/span><span>zapylenie czy kurz powoduj\u0105 osadzanie si\u0119 brudu. Prowadzi\u0107 to mo\u017ce do pogorszenia wentylacji i przegrzewania si\u0119 urz\u0105dze\u0144. Skutkowa\u0107 to mo\u017ce ich wy\u0142\u0105czaniem lub szybszym starzeniem si\u0119. Regularne czyszczenie i konserwacja znacznie wyd\u0142u\u017ca czas eksploatacji. Czy wiedz\u0105 Pa\u0144stwo jak brak serwisu o\u015bwietlenia wp\u0142ywa na spadek jasno\u015bci? Czyszczenie optyki opraw o\u015bwietleniowych mo\u017ce poprawi\u0107 nat\u0119\u017cenie o\u015bwietlenia nawet o kilkadziesi\u0105t procent, bez konieczno\u015bci stosowania mocniejszych \u017ar\u00f3de\u0142 \u015bwiat\u0142a!<\/span><\/p>\n<\/div><\/div><\/div><\/div><\/div>\n","protected":false},"excerpt":{"rendered":"","protected":false},"author":2,"featured_media":0,"parent":0,"menu_order":0,"comment_status":"closed","ping_status":"closed","template":"","meta":{"footnotes":""},"class_list":["post-298","page","type-page","status-publish","hentry"],"_links":{"self":[{"href":"https:\/\/divi.zae.pl\/index.php\/wp-json\/wp\/v2\/pages\/298","targetHints":{"allow":["GET"]}}],"collection":[{"href":"https:\/\/divi.zae.pl\/index.php\/wp-json\/wp\/v2\/pages"}],"about":[{"href":"https:\/\/divi.zae.pl\/index.php\/wp-json\/wp\/v2\/types\/page"}],"author":[{"embeddable":true,"href":"https:\/\/divi.zae.pl\/index.php\/wp-json\/wp\/v2\/users\/2"}],"replies":[{"embeddable":true,"href":"https:\/\/divi.zae.pl\/index.php\/wp-json\/wp\/v2\/comments?post=298"}],"version-history":[{"count":3,"href":"https:\/\/divi.zae.pl\/index.php\/wp-json\/wp\/v2\/pages\/298\/revisions"}],"predecessor-version":[{"id":807,"href":"https:\/\/divi.zae.pl\/index.php\/wp-json\/wp\/v2\/pages\/298\/revisions\/807"}],"wp:attachment":[{"href":"https:\/\/divi.zae.pl\/index.php\/wp-json\/wp\/v2\/media?parent=298"}],"curies":[{"name":"wp","href":"https:\/\/api.w.org\/{rel}","templated":true}]}}