{"id":297,"date":"2025-12-15T11:50:26","date_gmt":"2025-12-15T10:50:26","guid":{"rendered":"https:\/\/divi.zae.pl\/?page_id=297"},"modified":"2026-04-14T13:09:40","modified_gmt":"2026-04-14T11:09:40","slug":"pomiary-elektryczne","status":"publish","type":"page","link":"https:\/\/divi.zae.pl\/index.php\/pomiary-elektryczne\/","title":{"rendered":"Pomiary elektryczne"},"content":{"rendered":"\n<div class=\"et_pb_section_0 et_pb_section et_section_regular et_block_section preset--module--divi-section--default\"><div class=\"et_pb_row_0 et_pb_row et_block_row\"><div class=\"et_pb_column_0 et_pb_column et_pb_column_4_4 et-last-child et_block_column et_pb_css_mix_blend_mode_passthrough\"><div class=\"et_pb_heading_0 et_pb_heading et_pb_module et_block_module preset--module--divi-heading--a981e6ca-7fd8-45e6-9c38-41ce8df70846\"><div class=\"et_pb_heading_container\"><h1 class=\"et_pb_module_header\">Pomiary elektryczne<\/h1><\/div><\/div><\/div><\/div><div class=\"et_pb_row_1 et_pb_row et_block_row\"><div class=\"et_pb_column_1 et_pb_column et_pb_column_4_4 et-last-child et_block_column et_pb_css_mix_blend_mode_passthrough\"><div class=\"et_pb_text_0 et_pb_text et_pb_bg_layout_light et_pb_module et_block_module preset--module--divi-text--default\"><div class=\"et_pb_text_inner\"><p class=\"align-justify\">Nasz Serwis wykonuje pomiary oraz przegl\u0105dy odbiorcze i okresowe instalacji elektrycznych. Badania okresowe s\u0105 szczeg\u00f3lnie wa\u017cne gdy\u017c daj\u0105 mo\u017cliwo\u015b\u0107 oceny stanu technicznego urz\u0105dze\u0144\u00a0oraz\u00a0instalacji i pozwalaj\u0105 stwierdzi\u0107 czy dalsza ich eksploatacja jest bezpieczna.\u00a0Cz\u0119stotliwo\u015b\u0107 wykonywania bada\u0144 okresowych okre\u015bla m.in. Ustawa \"Prawo Budowlane\" z dnia 7.07.1994 r. Prawo Budowlane. Dz. U. z 1994r., Nr 89, poz. 414, nakazuj\u0105ca wykonywanie pomiar\u00f3w nie rzadziej ni\u017c co 5 lat. W niekt\u00f3rych przypadkach, np. w strefach zagro\u017conych wybuchem, zaleca si\u0119 jednak wykonywanie pomiar\u00f3w w odst\u0119pach nie d\u0142u\u017cszych ni\u017c 1 rok.<\/p>\n<p class=\"bodytext\">W naszej ofercie znajd\u0105 Pa\u0144stwo:<\/p>\n<ul>\n<li>pomiary impedancji p\u0119tli zwarcia,<\/li>\n<li>pomiary rezystancji izolacji,<\/li>\n<li>badanie rezystancji uziemienia,<\/li>\n<li>badanie wy\u0142\u0105cznik\u00f3w r\u00f3\u017cnicowo-pr\u0105dowych,<\/li>\n<li>pomiar ci\u0105g\u0142o\u015bci przewod\u00f3w ochronnych,<\/li>\n<li>pomiary fotometryczne o\u015bwietlenia,<\/li>\n<li>pomiary elektronarz\u0119dzi i urz\u0105dze\u0144 elektrycznych \u2013 baterie kondensator\u00f3w, transformatory,<\/li>\n<li>rozdzielnice n\/n i S\/N,<\/li>\n<li>termowizja \u2013 transformatory, rozdzielnice, instalacje,<\/li>\n<\/ul>\n<\/div><\/div><\/div><\/div><\/div>\n","protected":false},"excerpt":{"rendered":"","protected":false},"author":2,"featured_media":0,"parent":0,"menu_order":0,"comment_status":"closed","ping_status":"closed","template":"","meta":{"footnotes":""},"class_list":["post-297","page","type-page","status-publish","hentry"],"_links":{"self":[{"href":"https:\/\/divi.zae.pl\/index.php\/wp-json\/wp\/v2\/pages\/297","targetHints":{"allow":["GET"]}}],"collection":[{"href":"https:\/\/divi.zae.pl\/index.php\/wp-json\/wp\/v2\/pages"}],"about":[{"href":"https:\/\/divi.zae.pl\/index.php\/wp-json\/wp\/v2\/types\/page"}],"author":[{"embeddable":true,"href":"https:\/\/divi.zae.pl\/index.php\/wp-json\/wp\/v2\/users\/2"}],"replies":[{"embeddable":true,"href":"https:\/\/divi.zae.pl\/index.php\/wp-json\/wp\/v2\/comments?post=297"}],"version-history":[{"count":3,"href":"https:\/\/divi.zae.pl\/index.php\/wp-json\/wp\/v2\/pages\/297\/revisions"}],"predecessor-version":[{"id":806,"href":"https:\/\/divi.zae.pl\/index.php\/wp-json\/wp\/v2\/pages\/297\/revisions\/806"}],"wp:attachment":[{"href":"https:\/\/divi.zae.pl\/index.php\/wp-json\/wp\/v2\/media?parent=297"}],"curies":[{"name":"wp","href":"https:\/\/api.w.org\/{rel}","templated":true}]}}