{"id":296,"date":"2025-12-15T11:50:07","date_gmt":"2025-12-15T10:50:07","guid":{"rendered":"https:\/\/divi.zae.pl\/?page_id=296"},"modified":"2026-04-14T13:09:40","modified_gmt":"2026-04-14T11:09:40","slug":"serwis-sygnalizatorow-cpz","status":"publish","type":"page","link":"https:\/\/divi.zae.pl\/index.php\/serwis-sygnalizatorow-cpz\/","title":{"rendered":"Serwis sygnalizator\u00f3w CPZ"},"content":{"rendered":"\n<div class=\"et_pb_section_0 et_pb_section et_section_regular et_block_section preset--module--divi-section--default\"><div class=\"et_pb_row_0 et_pb_row et_block_row\"><div class=\"et_pb_column_0 et_pb_column et_pb_column_4_4 et-last-child et_block_column et_pb_css_mix_blend_mode_passthrough\"><div class=\"et_pb_heading_0 et_pb_heading et_pb_module et_block_module preset--module--divi-heading--a981e6ca-7fd8-45e6-9c38-41ce8df70846\"><div class=\"et_pb_heading_container\"><h1 class=\"et_pb_module_header\">Serwis sygnalizator\u00f3w CPZ<\/h1><\/div><\/div><\/div><\/div><div class=\"et_pb_row_1 et_pb_row et_block_row\"><div class=\"et_pb_column_1 et_pb_column et_pb_column_4_4 et-last-child et_block_column et_pb_css_mix_blend_mode_passthrough\"><div class=\"et_pb_text_0 et_pb_text et_pb_bg_layout_light et_pb_module et_block_module preset--module--divi-text--default\"><div class=\"et_pb_text_inner\"><p class=\"bodytext\">Wysokie wymagania jako\u015bciowe stawiane naszym produktom licz\u0105 si\u0119 podw\u00f3jnie. Podczas ca\u0142ego okresu u\u017cytkowania korzystaj\u0105 Pa\u0144stwo z dopracowanych i wszechstronnych urz\u0105dze\u0144. Jednak i te wymagaj\u0105 przegl\u0105d\u00f3w okresowych.<\/p>\n<p class=\"align-justify\">Proponujemy Pa\u0144stwu przegl\u0105dy okresowe sygnalizator\u00f3w zwar\u0107 doziemnych. Podczas wizyty naszych technik\u00f3w sprawdzane s\u0105 ustawienia parametr\u00f3w, stan akumulator\u00f3w podtrzymuj\u0105cych zasilanie oraz poprawno\u015b\u0107 dzia\u0142ania, co daje Pa\u0144stwu gwarancj\u0119 wysokiej sprawno\u015bci oraz niezawodno\u015bci sprz\u0119tu w ka\u017cdym momencie.<\/p>\n<\/div><\/div><\/div><\/div><\/div>\n","protected":false},"excerpt":{"rendered":"","protected":false},"author":2,"featured_media":0,"parent":0,"menu_order":0,"comment_status":"closed","ping_status":"closed","template":"","meta":{"footnotes":""},"class_list":["post-296","page","type-page","status-publish","hentry"],"_links":{"self":[{"href":"https:\/\/divi.zae.pl\/index.php\/wp-json\/wp\/v2\/pages\/296","targetHints":{"allow":["GET"]}}],"collection":[{"href":"https:\/\/divi.zae.pl\/index.php\/wp-json\/wp\/v2\/pages"}],"about":[{"href":"https:\/\/divi.zae.pl\/index.php\/wp-json\/wp\/v2\/types\/page"}],"author":[{"embeddable":true,"href":"https:\/\/divi.zae.pl\/index.php\/wp-json\/wp\/v2\/users\/2"}],"replies":[{"embeddable":true,"href":"https:\/\/divi.zae.pl\/index.php\/wp-json\/wp\/v2\/comments?post=296"}],"version-history":[{"count":3,"href":"https:\/\/divi.zae.pl\/index.php\/wp-json\/wp\/v2\/pages\/296\/revisions"}],"predecessor-version":[{"id":805,"href":"https:\/\/divi.zae.pl\/index.php\/wp-json\/wp\/v2\/pages\/296\/revisions\/805"}],"wp:attachment":[{"href":"https:\/\/divi.zae.pl\/index.php\/wp-json\/wp\/v2\/media?parent=296"}],"curies":[{"name":"wp","href":"https:\/\/api.w.org\/{rel}","templated":true}]}}