{"id":295,"date":"2025-12-15T11:49:51","date_gmt":"2025-12-15T10:49:51","guid":{"rendered":"https:\/\/divi.zae.pl\/?page_id=295"},"modified":"2026-04-14T13:09:39","modified_gmt":"2026-04-14T11:09:39","slug":"serwis-elektrowni-wiatrowych","status":"publish","type":"page","link":"https:\/\/divi.zae.pl\/index.php\/serwis-elektrowni-wiatrowych\/","title":{"rendered":"Serwis elektrowni wiatrowych"},"content":{"rendered":"\n<div class=\"et_pb_section_0 et_pb_section et_section_regular et_block_section preset--module--divi-section--default\"><div class=\"et_pb_row_0 et_pb_row et_block_row\"><div class=\"et_pb_column_0 et_pb_column et_pb_column_4_4 et-last-child et_block_column et_pb_css_mix_blend_mode_passthrough\"><div class=\"et_pb_heading_0 et_pb_heading et_pb_module et_block_module preset--module--divi-heading--a981e6ca-7fd8-45e6-9c38-41ce8df70846\"><div class=\"et_pb_heading_container\"><h1 class=\"et_pb_module_header\">Serwis elektrowni wiatrowych<\/h1><\/div><\/div><\/div><\/div><div class=\"et_pb_row_1 et_pb_row et_block_row\"><div class=\"et_pb_column_1 et_pb_column et_pb_column_4_4 et-last-child et_block_column et_pb_css_mix_blend_mode_passthrough\"><div class=\"et_pb_text_0 et_pb_text et_pb_bg_layout_light et_pb_module et_block_module preset--module--divi-text--default\"><div class=\"et_pb_text_inner\"><p class=\"bodytext\">Zesp\u00f3\u0142 ZAE od blisko 10 lat zajmuje si\u0119 aktywnie energetyk\u0105 wiatrow\u0105, maj\u0105c du\u017ce do\u015bwiadczenia w zakresie pomiar\u00f3w wiatru, przygotowywaniu inwestycji oraz samej produkcji, uruchamianiu i serwisowaniu elektrowni wiatrowych. Obecnie jeste\u015bmy licencjonowanym producentem elektrowni wiatrowych<span>\u00a0<\/span><b>SEEWIND 25\/132<\/b><span>\u00a0<\/span>(produkcji niemieckiej firmy SEEWIND GmbH), kt\u00f3re do tej pory zainstalowane zosta\u0142y w Korei, Francji, Niemczech i Polsce.<\/p>\n<p class=\"bodytext\">Od kilku lat zajmujemy si\u0119 tak\u017ce serwisowaniem w Polsce elektrowni wiatrowych r\u00f3\u017cnych typ\u00f3w, prowadz\u0105c sta\u0142y nadz\u00f3r nad ich funkcjonowaniem.<br \/>Obecnie, na bazie do\u015bwiadcze\u0144 zdobytych przy produkcji i serwisie ma\u0142ych jednostek, planujemy<span>\u00a0<\/span><b>przyst\u0105pienie do instalowania i serwisowania elektrowni wiatrowych o mocach powy\u017cej 1,5 MW<\/b>.<br \/>Jeste\u015bmy przekonani, \u017ce nasze kompetencje oraz dobra znajomo\u015b\u0107 rynku lokalnego mog\u0105 by\u0107 bardzo korzystne dla obu stron podczas procesu inwestycyjnego w elektrownie wiatrowe na terenie Polski.\u00a0<\/p>\n<p class=\"bodytext\">\u00a0W ramach rocznej konserwacji elektrowni SEEWIND 25\/132 wykonujemy m.in. nast\u0119puj\u0105ce\u00a0prace:\u00a0<\/p>\n<ul>\n<li>kontrola obwod\u00f3w pomiaru napi\u0119\u0107 tor\u00f3w zasilaj\u0105cych,<\/li>\n<li>kontrola oleju w przek\u0142adniach,<\/li>\n<li>smarowanie \u0142o\u017cysk generatora, otwarcie \u0142o\u017cysk wirnika i ewentualne dope\u0142nienie smarem, smarowanie wewn\u0119trznego wie\u0144ca,<\/li>\n<li>regulacja hamulc\u00f3w, ewentualnie wymiana ok\u0142adzin, regulacja hamulc\u00f3w ciernych wie\u017cy,<\/li>\n<li>kontrola \u0142opat wirnika, sprawdzaj\u0105ca rysy, wzgl\u0119dnie uszkodzenia od pioruna,<\/li>\n<li>kontrola ko\u0144c\u00f3wek \u0142opat TIP\u2019u,<\/li>\n<li>czyszczenie ko\u0144c\u00f3wek \u0142opat wirnika w obszarze miejsc rozdzia\u0142u i TIP\u2019u,<\/li>\n<li>kontrola dokr\u0119cenia \u015brub mocuj\u0105cych itp.<\/li>\n<\/ul>\n<\/div><\/div><\/div><\/div><\/div>\n","protected":false},"excerpt":{"rendered":"","protected":false},"author":2,"featured_media":0,"parent":0,"menu_order":0,"comment_status":"closed","ping_status":"closed","template":"","meta":{"footnotes":""},"class_list":["post-295","page","type-page","status-publish","hentry"],"_links":{"self":[{"href":"https:\/\/divi.zae.pl\/index.php\/wp-json\/wp\/v2\/pages\/295","targetHints":{"allow":["GET"]}}],"collection":[{"href":"https:\/\/divi.zae.pl\/index.php\/wp-json\/wp\/v2\/pages"}],"about":[{"href":"https:\/\/divi.zae.pl\/index.php\/wp-json\/wp\/v2\/types\/page"}],"author":[{"embeddable":true,"href":"https:\/\/divi.zae.pl\/index.php\/wp-json\/wp\/v2\/users\/2"}],"replies":[{"embeddable":true,"href":"https:\/\/divi.zae.pl\/index.php\/wp-json\/wp\/v2\/comments?post=295"}],"version-history":[{"count":3,"href":"https:\/\/divi.zae.pl\/index.php\/wp-json\/wp\/v2\/pages\/295\/revisions"}],"predecessor-version":[{"id":804,"href":"https:\/\/divi.zae.pl\/index.php\/wp-json\/wp\/v2\/pages\/295\/revisions\/804"}],"wp:attachment":[{"href":"https:\/\/divi.zae.pl\/index.php\/wp-json\/wp\/v2\/media?parent=295"}],"curies":[{"name":"wp","href":"https:\/\/api.w.org\/{rel}","templated":true}]}}