{"id":289,"date":"2025-12-15T11:48:01","date_gmt":"2025-12-15T10:48:01","guid":{"rendered":"https:\/\/divi.zae.pl\/?page_id=289"},"modified":"2026-04-14T13:09:39","modified_gmt":"2026-04-14T11:09:39","slug":"izpo","status":"publish","type":"page","link":"https:\/\/divi.zae.pl\/index.php\/izpo\/","title":{"rendered":"IZPO"},"content":{"rendered":"\n<div class=\"et_pb_section_0 et_pb_section et_section_regular et_block_section preset--module--divi-section--default\"><span class=\"et_pb_background_mask\"><\/span><div class=\"et_pb_row_0 et_pb_row et_block_row\"><div class=\"et_pb_column_0 et_pb_column et_pb_column_4_4 et-last-child et_block_column et_pb_css_mix_blend_mode_passthrough\"><div class=\"et_pb_heading_0 et_pb_heading et_pb_module et_block_module preset--module--divi-heading--a981e6ca-7fd8-45e6-9c38-41ce8df70846\"><div class=\"et_pb_heading_container\"><h1 class=\"et_pb_module_header\">IZPO<\/h1><\/div><\/div><\/div><\/div><div class=\"et_pb_row_1 et_pb_row et_block_row\"><div class=\"et_pb_column_1 et_pb_column et_pb_column_3_5 et_block_column et_pb_css_mix_blend_mode_passthrough\"><div class=\"et_pb_text_0 et_pb_text et_pb_bg_layout_light et_pb_module et_block_module preset--module--divi-text--default\"><div class=\"et_pb_text_inner\"><h4><b>Przek\u0142adniki pr\u0105dowe po\u015brednicz\u0105ce IZPO<\/b><\/h4>\n<\/div><\/div><div class=\"et_pb_module et_pb_button_module_wrapper et_pb_button_0_wrapper preset--module--divi-button--default_wrapper\"><a class=\"et_pb_button_0 et_pb_button et_pb_bg_layout_light et_pb_module et_block_module preset--module--divi-button--default\" href=\"https:\/\/divi.zae.pl\/wp-content\/uploads\/2025\/12\/wksl.pdf\">Pobierz kart\u0119 katalogow\u0105<\/a><\/div><\/div><div class=\"et_pb_column_2 et_pb_column et_pb_column_2_5 et-last-child et_block_column et_pb_css_mix_blend_mode_passthrough\"><div class=\"et_pb_image_0 et_pb_image et_pb_module et_block_module preset--module--divi-image--2586f1e8-fe17-40b4-853b-9c01d50277a4\"><span class=\"et_pb_image_wrap\"><img loading=\"lazy\" decoding=\"async\" src=\"https:\/\/divi.zae.pl\/wp-content\/uploads\/2025\/12\/izpo.jpg\" width=\"177\" height=\"218\" srcset=\"https:\/\/divi.zae.pl\/wp-content\/uploads\/2025\/12\/izpo.jpg 177w\" sizes=\"(max-width: 177px) 100vw, 177px\" class=\"wp-image-621\" title=\"izpo\" \/><\/span><\/div><\/div><\/div><div class=\"et_pb_row_2 et_pb_row et_pb_equal_columns et_block_row\"><div class=\"et_pb_column_3 et_pb_column et_pb_column_1_2 et_block_column et_pb_css_mix_blend_mode_passthrough preset--module--divi-column--a7ef23f1-f627-4ecd-806a-02d1f07a1abe\"><div class=\"et_pb_heading_1 et_pb_heading et_pb_module et_block_module preset--module--divi-heading--d107d49f-9310-49c1-879e-2085690a8512\"><div class=\"et_pb_heading_container\"><h3 class=\"et_pb_module_header\">Zastosowanie<\/h3><\/div><\/div><div class=\"et_pb_text_1 et_pb_text et_pb_bg_layout_light et_pb_module et_block_module preset--module--divi-text--9141f592-7022-4cc8-95ec-cef5b8f9ad2b\"><div class=\"et_pb_text_inner\"><div id=\"c473\" class=\"csc-default\">\n<p class=\"bodytext\">Przek\u0142adniki pr\u0105dowe po\u015brednicz\u0105ce typu IZPO s\u0105 przeznaczone do wsp\u00f3\u0142pracy z przek\u0142adnikami g\u0142\u00f3wnymi. S\u0142u\u017c\u0105 one do po\u015bredniego zasilania aparat\u00f3w, kt\u00f3rych pr\u0105d znamionowy r\u00f3\u017cni si\u0119 od pr\u0105du przek\u0142adnika g\u0142\u00f3wnego.<\/p>\n<p class=\"bodytext\">Ze wzgl\u0119du na zastosowanie dzieli si\u0119 je na:<\/p>\n<ul>\n<li>pomiarowe, przeznaczone do ochrony przyrz\u0105d\u00f3w pomiarowych wysokiej klasy, przeka\u017anik\u00f3w nadpr\u0105dowych cieplnych i innych urz\u0105dze\u0144 odznaczaj\u0105cych si\u0119 ma\u0142\u0105 odporno\u015bci\u0105 na przet\u0119\u017cenia,<\/li>\n<li>zabezpieczeniowe, stosowane w obwodach zabezpiecze\u0144 przeka\u017anik\u00f3w do transformacji pr\u0105d\u00f3w, wynikaj\u0105cych z r\u00f3\u017cnych potrzeb uk\u0142ad\u00f3w oraz do zabezpiecze\u0144 r\u00f3\u017cnicowych szyn i transformator\u00f3w w uk\u0142adach, zamiast specjalnych autotransformator\u00f3w pr\u0105dowych.<\/li>\n<\/ul>\n<\/div>\n<div id=\"c474\" class=\"csc-default\"><\/div>\n<\/div><\/div><\/div><div class=\"et_pb_column_4 et_pb_column et_pb_column_1_2 et-last-child et_block_column et_pb_css_mix_blend_mode_passthrough preset--module--divi-column--a7ef23f1-f627-4ecd-806a-02d1f07a1abe\"><div class=\"et_pb_heading_2 et_pb_heading et_pb_module et_block_module preset--module--divi-heading--d107d49f-9310-49c1-879e-2085690a8512\"><div class=\"et_pb_heading_container\"><h3 class=\"et_pb_module_header\">Budowa<\/h3><\/div><\/div><div class=\"et_pb_text_2 et_pb_text et_pb_bg_layout_light et_pb_module et_block_module preset--module--divi-text--9141f592-7022-4cc8-95ec-cef5b8f9ad2b\"><div class=\"et_pb_text_inner\"><p><span>Przek\u0142adniki IZPO posiadaj\u0105 rdze\u0144 zwijany typu RZC. Wymiary rdzeni uzale\u017cnione s\u0105 od parametr\u00f3w przek\u0142adnik\u00f3w. Izolacj\u0119 g\u0142\u00f3wn\u0105 tych urz\u0105dze\u0144 stanowi \u017cywica poliestrowa, kt\u00f3r\u0105 nasycone s\u0105 uzwojenia umieszczone na rdzeniu. Przek\u0142adniki pr\u0105dowe po\u015brednicz\u0105ce maj\u0105 po stronie pierwotnej i wt\u00f3rnej po 2 zaciski, przy czym w zale\u017cno\u015bci od potrzeb istnieje mo\u017cliwo\u015b\u0107 zwi\u0119kszenia ich liczby (np. przek\u0142adniki sumuj\u0105ce, prze\u0142\u0105czalne). Urz\u0105dzenia spe\u0142niaj\u0105 wymagania Warunk\u00f3w Technicznych (WT\/X.75)<\/span><\/p>\n<\/div><\/div><\/div><\/div><\/div>\n","protected":false},"excerpt":{"rendered":"","protected":false},"author":2,"featured_media":0,"parent":0,"menu_order":0,"comment_status":"closed","ping_status":"closed","template":"","meta":{"footnotes":""},"class_list":["post-289","page","type-page","status-publish","hentry"],"_links":{"self":[{"href":"https:\/\/divi.zae.pl\/index.php\/wp-json\/wp\/v2\/pages\/289","targetHints":{"allow":["GET"]}}],"collection":[{"href":"https:\/\/divi.zae.pl\/index.php\/wp-json\/wp\/v2\/pages"}],"about":[{"href":"https:\/\/divi.zae.pl\/index.php\/wp-json\/wp\/v2\/types\/page"}],"author":[{"embeddable":true,"href":"https:\/\/divi.zae.pl\/index.php\/wp-json\/wp\/v2\/users\/2"}],"replies":[{"embeddable":true,"href":"https:\/\/divi.zae.pl\/index.php\/wp-json\/wp\/v2\/comments?post=289"}],"version-history":[{"count":5,"href":"https:\/\/divi.zae.pl\/index.php\/wp-json\/wp\/v2\/pages\/289\/revisions"}],"predecessor-version":[{"id":802,"href":"https:\/\/divi.zae.pl\/index.php\/wp-json\/wp\/v2\/pages\/289\/revisions\/802"}],"wp:attachment":[{"href":"https:\/\/divi.zae.pl\/index.php\/wp-json\/wp\/v2\/media?parent=289"}],"curies":[{"name":"wp","href":"https:\/\/api.w.org\/{rel}","templated":true}]}}