{"id":288,"date":"2025-12-15T11:47:45","date_gmt":"2025-12-15T10:47:45","guid":{"rendered":"https:\/\/divi.zae.pl\/?page_id=288"},"modified":"2026-04-14T13:09:39","modified_gmt":"2026-04-14T11:09:39","slug":"azwo","status":"publish","type":"page","link":"https:\/\/divi.zae.pl\/index.php\/azwo\/","title":{"rendered":"AZWO"},"content":{"rendered":"\n<div class=\"et_pb_section_0 et_pb_section et_section_regular et_block_section preset--module--divi-section--default\"><span class=\"et_pb_background_mask\"><\/span><div class=\"et_pb_row_0 et_pb_row et_block_row\"><div class=\"et_pb_column_0 et_pb_column et_pb_column_4_4 et-last-child et_block_column et_pb_css_mix_blend_mode_passthrough\"><div class=\"et_pb_heading_0 et_pb_heading et_pb_module et_block_module preset--module--divi-heading--a981e6ca-7fd8-45e6-9c38-41ce8df70846\"><div class=\"et_pb_heading_container\"><h1 class=\"et_pb_module_header\">AZWO<\/h1><\/div><\/div><\/div><\/div><div class=\"et_pb_row_1 et_pb_row et_block_row\"><div class=\"et_pb_column_1 et_pb_column et_pb_column_3_5 et_block_column et_pb_css_mix_blend_mode_passthrough\"><div class=\"et_pb_text_0 et_pb_text et_pb_bg_layout_light et_pb_module et_block_module preset--module--divi-text--default\"><div class=\"et_pb_text_inner\"><p><b>Autotransformatory pr\u0105dowe wyr\u00f3wnawcze AZWO<\/b><\/p>\n<div id=\"c450\" class=\"csc-default\">\n<div class=\"csc-header csc-header-n3\">\n<h2>Zastosowanie<\/h2>\n<\/div>\n<p class=\"bodytext\">Autotransformatory pr\u0105dowe wyr\u00f3wnawcze jednofazowe typu AZWO przeznaczone s\u0105 do wsp\u00f3\u0142pracy z przek\u0142adnikami g\u0142\u00f3wnymi. Stosuje si\u0119 je w obwodach zabezpiecze\u0144 r\u00f3\u017cnicowych transformator\u00f3w mocy.<\/p>\n<\/div>\n<div id=\"c451\" class=\"csc-default\">\n<div class=\"csc-header csc-header-n4\">\n<h2>Budowa<\/h2>\n<\/div>\n<p class=\"bodytext\">Autotransformatory AZWO posiadaj\u0105 rdze\u0144 zwijany typu RZC. Wymiary rdzeni uzale\u017cnione s\u0105 od parametr\u00f3w autotransformator\u00f3w. Izolacj\u0119 g\u0142\u00f3wn\u0105 tych urz\u0105dze\u0144 stanowi \u017cywica poliestrowa, kt\u00f3r\u0105 nasycone s\u0105 uzwojenia umieszczone na rdzeniu. Autotransformatory AZWO maj\u0105 po stronie pierwotnej i wt\u00f3rnej po 6 zacisk\u00f3w. Urz\u0105dzenia spe\u0142niaj\u0105 wymagania Warunk\u00f3w Technicznych (WT\/X.75)<\/p>\n<\/div>\n<div id=\"c1117\" class=\"csc-default\">\n<div class=\"csc-header csc-header-n5\">\n<h2>Dane techniczne<\/h2>\n<\/div>\n<div>\n<table cellpadding=\"0\" cellspacing=\"0\" width=\"550px\" border=\"0\">\n<tbody>\n<tr>\n<td colspan=\"2\" class=\"t_head\" valign=\"top\">\n<p class=\"bodytext\">AUTOTRANSFORMATORY PR\u0104DOWE WYR\u00d3WNAWCZE AZWO<\/p>\n<\/td>\n<\/tr>\n<tr>\n<td class=\"jasny\">\n<p class=\"bodytext\">Znamionowe pr\u0105dy pierwotne i wt\u00f3rne<\/p>\n<\/td>\n<td class=\"jasny\">\n<ul>\n<li>pr\u0105d wt\u00f3rny: 1A - pr\u0105d pierwotny: 0,495A \u00f7 9,654A<\/li>\n<li>pr\u0105d wt\u00f3rny: 5A - pr\u0105d pierwotny: 0,712A \u00f7 17,94A<\/li>\n<\/ul>\n<p>&nbsp;<\/p>\n<\/td>\n<\/tr>\n<tr>\n<td class=\"szary\">\n<p class=\"bodytext\">Moc znamionowa<\/p>\n<\/td>\n<td class=\"szary\">\n<p class=\"bodytext\">10, 20 lub 30 VA<\/p>\n<\/td>\n<\/tr>\n<tr>\n<td class=\"jasny\">\n<p class=\"bodytext\">Klasa dok\u0142adno\u015bci<\/p>\n<\/td>\n<td class=\"jasny\">\n<p class=\"bodytext\">10 P<\/p>\n<\/td>\n<\/tr>\n<tr>\n<td class=\"szary\">\n<p class=\"bodytext\">Znamionowa liczba przet\u0119\u017ceniowa<\/p>\n<\/td>\n<td class=\"szary\">\n<p class=\"bodytext\">n &gt; 15<\/p>\n<\/td>\n<\/tr>\n<tr>\n<td class=\"jasny\">\n<p class=\"bodytext\">Napi\u0119cie znamionowe izolacji<\/p>\n<\/td>\n<td class=\"jasny\">\n<p class=\"bodytext\">0,5kV\/50Hz<\/p>\n<\/td>\n<\/tr>\n<tr>\n<td class=\"szary\">\n<p class=\"bodytext\">Napi\u0119cie probiercze przy pr\u0105dzie<\/p>\n<\/td>\n<td class=\"szary\">\n<ul>\n<li>wt\u00f3rnym: 1A - 4kV \/ 50 Hz<\/li>\n<li>wt\u00f3rnym: 5A - 2kV \/ 50 Hz<\/li>\n<\/ul>\n<p>&nbsp;<\/p>\n<\/td>\n<\/tr>\n<tr>\n<td class=\"jasny\">\n<p class=\"bodytext\">Cz\u0119stotliwo\u015b\u0107 znamionowa<\/p>\n<\/td>\n<td class=\"jasny\">\n<p class=\"bodytext\">50Hz<\/p>\n<\/td>\n<\/tr>\n<tr>\n<td class=\"szary\">\n<p class=\"bodytext\">Zakres temperatury pracy<\/p>\n<\/td>\n<td class=\"szary\">\n<p class=\"bodytext\">-25\u00b0C \u00f7 +55\u00b0C<\/p>\n<\/td>\n<\/tr>\n<\/tbody>\n<\/table>\n<\/div>\n<\/div>\n<\/div><\/div><\/div><div class=\"et_pb_column_2 et_pb_column et_pb_column_2_5 et-last-child et_block_column et_pb_css_mix_blend_mode_passthrough\"><div class=\"et_pb_image_0 et_pb_image et_pb_module et_block_module preset--module--divi-image--2586f1e8-fe17-40b4-853b-9c01d50277a4\"><span class=\"et_pb_image_wrap\"><img loading=\"lazy\" decoding=\"async\" src=\"https:\/\/divi.zae.pl\/wp-content\/uploads\/2025\/12\/azwo.jpg\" width=\"173\" height=\"218\" srcset=\"https:\/\/divi.zae.pl\/wp-content\/uploads\/2025\/12\/azwo.jpg 173w\" sizes=\"(max-width: 173px) 100vw, 173px\" class=\"wp-image-416\" title=\"azwo\" \/><\/span><\/div><\/div><\/div><\/div>\n","protected":false},"excerpt":{"rendered":"","protected":false},"author":2,"featured_media":0,"parent":0,"menu_order":0,"comment_status":"closed","ping_status":"closed","template":"","meta":{"footnotes":""},"class_list":["post-288","page","type-page","status-publish","hentry"],"_links":{"self":[{"href":"https:\/\/divi.zae.pl\/index.php\/wp-json\/wp\/v2\/pages\/288","targetHints":{"allow":["GET"]}}],"collection":[{"href":"https:\/\/divi.zae.pl\/index.php\/wp-json\/wp\/v2\/pages"}],"about":[{"href":"https:\/\/divi.zae.pl\/index.php\/wp-json\/wp\/v2\/types\/page"}],"author":[{"embeddable":true,"href":"https:\/\/divi.zae.pl\/index.php\/wp-json\/wp\/v2\/users\/2"}],"replies":[{"embeddable":true,"href":"https:\/\/divi.zae.pl\/index.php\/wp-json\/wp\/v2\/comments?post=288"}],"version-history":[{"count":5,"href":"https:\/\/divi.zae.pl\/index.php\/wp-json\/wp\/v2\/pages\/288\/revisions"}],"predecessor-version":[{"id":801,"href":"https:\/\/divi.zae.pl\/index.php\/wp-json\/wp\/v2\/pages\/288\/revisions\/801"}],"wp:attachment":[{"href":"https:\/\/divi.zae.pl\/index.php\/wp-json\/wp\/v2\/media?parent=288"}],"curies":[{"name":"wp","href":"https:\/\/api.w.org\/{rel}","templated":true}]}}