{"id":275,"date":"2025-12-15T11:46:02","date_gmt":"2025-12-15T10:46:02","guid":{"rendered":"https:\/\/divi.zae.pl\/?page_id=275"},"modified":"2026-04-14T13:09:38","modified_gmt":"2026-04-14T11:09:38","slug":"cpz-3mfs","status":"publish","type":"page","link":"https:\/\/divi.zae.pl\/index.php\/cpz-3mfs\/","title":{"rendered":"CPZ-3MFS"},"content":{"rendered":"\n<div class=\"et_pb_section_0 et_pb_section et_section_regular et_block_section preset--module--divi-section--default\"><span class=\"et_pb_background_mask\"><\/span><div class=\"et_pb_row_0 et_pb_row et_block_row\"><div class=\"et_pb_column_0 et_pb_column et_pb_column_4_4 et-last-child et_block_column et_pb_css_mix_blend_mode_passthrough\"><div class=\"et_pb_heading_0 et_pb_heading et_pb_module et_block_module preset--module--divi-heading--a981e6ca-7fd8-45e6-9c38-41ce8df70846\"><div class=\"et_pb_heading_container\"><h1 class=\"et_pb_module_header\">CPZ-3MFS<\/h1><\/div><\/div><\/div><\/div><div class=\"et_pb_row_1 et_pb_row et_block_row\"><div class=\"et_pb_column_1 et_pb_column et_pb_column_1_2 et_block_column et_pb_css_mix_blend_mode_passthrough\"><div class=\"et_pb_module et_pb_button_module_wrapper et_pb_button_0_wrapper preset--module--divi-button--default_wrapper\"><a class=\"et_pb_button_0 et_pb_button et_pb_bg_layout_light et_pb_module et_block_module preset--module--divi-button--default\" href=\"https:\/\/divi.zae.pl\/wp-content\/uploads\/2025\/12\/ZAE-karta_CPZ-3MFS.pdf\">Karta katalogowa CPZ-3MFS<\/a><\/div><\/div><div class=\"et_pb_column_2 et_pb_column et_pb_column_1_2 et-last-child et_block_column et_pb_css_mix_blend_mode_passthrough\"><div class=\"et_pb_module et_pb_button_module_wrapper et_pb_button_1_wrapper preset--module--divi-button--default_wrapper\"><a class=\"et_pb_button_1 et_pb_button et_pb_bg_layout_light et_pb_module et_block_module preset--module--divi-button--default\" href=\"https:\/\/divi.zae.pl\/wp-content\/uploads\/2025\/12\/DTR_CPZ-3MFSv1_w03.pdf\">Pobierz dokumentacj\u0119 techniczno-rozruchow\u0105<\/a><\/div><\/div><\/div><div class=\"et_pb_row_2 et_pb_row et_block_row\"><div class=\"et_pb_column_3 et_pb_column et_pb_column_3_5 et_block_column et_pb_css_mix_blend_mode_passthrough\"><div class=\"et_pb_text_0 et_pb_text et_pb_bg_layout_light et_pb_module et_block_module preset--module--divi-text--default\"><div class=\"et_pb_text_inner\"><div id=\"c761\" class=\"csc-default\">\n<p class=\"bodytext\"><b>UWAGA! CPZ\u00ae-3MFS - zosta\u0142 wycofany z produkcji<\/b><\/p>\n<p class=\"bodytext\">Sygnalizator zwar\u0107 CPZ<sup>\u00ae<\/sup>-3MFS jest urz\u0105dzeniem pomiarowo-sygnalizacyjnym, umo\u017cliwiaj\u0105cym szybk\u0105 identyfikacj\u0119 uszkodzenia w ci\u0105gach kablowych sieci SN. CPZ<sup>\u00ae<\/sup>-3MFS przeznaczony jest do sygnalizacji zwar\u0107 doziemnych i mi\u0119dzyfazowych.<\/p>\n<\/div>\n<\/div><\/div><div class=\"et_pb_text_1 et_pb_text et_pb_bg_layout_light et_pb_module et_block_module preset--module--divi-text--default\"><div class=\"et_pb_text_inner\"><div id=\"c761\" class=\"csc-default\"><\/div>\n<h4 id=\"c760\" class=\"csc-default\">Przeznaczenie i zastosowanie<\/h4>\n<\/div><\/div><div class=\"et_pb_text_2 et_pb_text et_pb_bg_layout_light et_pb_module et_block_module preset--module--divi-text--default\"><div class=\"et_pb_text_inner\"><p class=\"bodytext\">Sygnalizator zwar\u0107 CPZ<sup>\u00ae<\/sup>-3MFS mo\u017ce by\u0107 stosowany w sieciach kablowych lub kablowo-napowietrznych:<\/p>\n<ul>\n<li>skompensowanych z automatyk\u0105 AWSC,<\/li>\n<li>ze stale uziemionym przez rezystor punktem neutralnym,<\/li>\n<li>ze stale izolowanym lub te\u017c chwilowo izolowanym punktem neutralnym.<\/li>\n<\/ul>\n<p class=\"bodytext\">Sygnalizator zwar\u0107 CPZ<sup>\u00ae<\/sup>-3MFS jest przeznaczony dla stacji wn\u0119trzowych. Sk\u0142ada si\u0119 z czujnika b\u0119d\u0105cego przek\u0142adnikiem transreaktorowym po\u0142\u0105czonym w uk\u0142adzie z sumowaniem magnetycznym (uk\u0142ad Ferrantiego) lub w uk\u0142adzie z sumowaniem elektrycznym (uk\u0142ad Holmgreena) oraz centralki pod\u0142\u0105czonej do obwodu wt\u00f3rnego.<br \/>Elementem sygnalizacyjnym jest dwukolorowa lampka. Wyposa\u017cenie centralki we w\u0142asne \u017ar\u00f3d\u0142o podtrzymania zasilania oraz przeka\u017anik, kt\u00f3rego styki zwierne s\u0105 dost\u0119pne na zaciskach wyj\u015bciowych, stwarza, w przypadku awarii sieci, mo\u017cliwo\u015b\u0107 transmisji sygna\u0142u o zwarciu poprzez systemy telemechaniki.<\/p>\n<\/div><\/div><\/div><div class=\"et_pb_column_4 et_pb_column et_pb_column_2_5 et-last-child et_block_column et_pb_css_mix_blend_mode_passthrough\"><div class=\"et_pb_image_0 et_pb_image et_pb_module et_block_module preset--module--divi-image--2586f1e8-fe17-40b4-853b-9c01d50277a4\"><span class=\"et_pb_image_wrap\"><img loading=\"lazy\" decoding=\"async\" src=\"https:\/\/divi.zae.pl\/wp-content\/uploads\/2025\/12\/CPZ-3MFS_15.jpg\" width=\"605\" height=\"800\" srcset=\"https:\/\/divi.zae.pl\/wp-content\/uploads\/2025\/12\/CPZ-3MFS_15.jpg 605w, https:\/\/divi.zae.pl\/wp-content\/uploads\/2025\/12\/CPZ-3MFS_15-480x635.jpg 480w\" sizes=\"(min-width: 0px) and (max-width: 480px) 480px, (min-width: 481px) 605px, 100vw\" class=\"wp-image-558\" title=\"CPZ-3MFS_15\" \/><\/span><\/div><\/div><\/div><div class=\"et_pb_row_3 et_pb_row et_pb_equal_columns et_block_row\"><div class=\"et_pb_column_5 et_pb_column et_pb_column_3_5 et_block_column et_pb_css_mix_blend_mode_passthrough preset--module--divi-column--a7ef23f1-f627-4ecd-806a-02d1f07a1abe\"><div class=\"et_pb_heading_1 et_pb_heading et_pb_module et_block_module preset--module--divi-heading--d107d49f-9310-49c1-879e-2085690a8512\"><div class=\"et_pb_heading_container\"><h3 class=\"et_pb_module_header\">Korzy\u015bci z zastosowania<\/h3><\/div><\/div><div class=\"et_pb_text_3 et_pb_text et_pb_bg_layout_light et_pb_module et_block_module preset--module--divi-text--9141f592-7022-4cc8-95ec-cef5b8f9ad2b\"><div class=\"et_pb_text_inner\"><ul>\n<li>Zdecydowane skr\u00f3cenie czasu lokalizacji uszkodzenia kabla i w zwi\u0105zku z tym skr\u00f3cenie przerw w dostawie energii elektrycznej.<\/li>\n<li>Zmniejszenie prawdopodobie\u0144stwa uszkodzenia kabla i transformatora, wynikaj\u0105ce z ograniczenia liczby \u0142\u0105cze\u0144 na zwarcie, st\u0105d przed\u0142u\u017cenie \u017cywotno\u015bci urz\u0105dze\u0144 poprzez eliminacj\u0119 zb\u0119dnych \u0142\u0105cze\u0144 z przep\u0142ywem pr\u0105du zwarciowego.<\/li>\n<li>Wynik pr\u00f3bny skasowania pobudzenia CPZ<sup>\u00ae<\/sup>-3MFS, daje informacj\u0119 o przep\u0142ywie lub zaniku pr\u0105du zwarcia, st\u0105d zdecydowanie mniejsze ryzyko pomy\u0142ki otwarcia od\u0142\u0105cznika w stanie przep\u0142ywu pr\u0105du\u00a0zwarcia.<\/li>\n<li>Sygnalizacja zwar\u0107 przemijaj\u0105cych w udanym cyklu SPZ<\/li>\n<\/ul>\n<\/div><\/div><\/div><div class=\"et_pb_column_6 et_pb_column et_pb_column_2_5 et-last-child et_block_column et_pb_css_mix_blend_mode_passthrough preset--module--divi-column--a7ef23f1-f627-4ecd-806a-02d1f07a1abe\"><div class=\"et_pb_image_1 et_pb_image et_pb_module et_block_module\"><span class=\"et_pb_image_wrap\"><img loading=\"lazy\" decoding=\"async\" src=\"https:\/\/divi.zae.pl\/wp-content\/uploads\/2025\/12\/cpz-3mf.gif\" width=\"292\" height=\"272\" srcset=\"https:\/\/divi.zae.pl\/wp-content\/uploads\/2025\/12\/cpz-3mf.gif 292w\" sizes=\"(max-width: 292px) 100vw, 292px\" class=\"wp-image-556\" title=\"cpz-3mf\" \/><\/span><\/div><div class=\"et_pb_image_2 et_pb_image et_pb_module et_block_module\"><span class=\"et_pb_image_wrap\"><img loading=\"lazy\" decoding=\"async\" src=\"https:\/\/divi.zae.pl\/wp-content\/uploads\/2025\/12\/cpz-3mf_1.jpg\" width=\"292\" height=\"272\" srcset=\"https:\/\/divi.zae.pl\/wp-content\/uploads\/2025\/12\/cpz-3mf_1.jpg 292w\" sizes=\"(max-width: 292px) 100vw, 292px\" class=\"wp-image-557\" title=\"cpz-3mf_1\" \/><\/span><\/div><\/div><\/div><div class=\"et_pb_row_4 et_pb_row et_block_row\"><div class=\"et_pb_column_7 et_pb_column et_pb_column_4_4 et-last-child et_block_column et_pb_css_mix_blend_mode_passthrough\"><div class=\"et_pb_text_4 et_pb_text et_pb_bg_layout_light et_pb_module et_block_module preset--module--divi-text--default\"><div class=\"et_pb_text_inner\"><h4>Dane techniczne<\/h4>\n<\/div><\/div><div class=\"et_pb_text_5 et_pb_text et_pb_bg_layout_light et_pb_module et_block_module preset--module--divi-text--default\"><div class=\"et_pb_text_inner\"><table cellpadding=\"0\" cellspacing=\"0\" width=\"550px\" border=\"0\">\n<tbody>\n<tr>\n<td colspan=\"2\" class=\"t_head\" valign=\"top\">\n<p class=\"bodytext\">Podstawowe dane techniczne<\/p>\n<\/td>\n<\/tr>\n<tr>\n<td class=\"jasny\">\n<p class=\"bodytext\">Pr\u00f3g zadzia\u0142ania pr\u0105dowego dla zwar\u0107 doziemnych<\/p>\n<\/td>\n<td class=\"jasny\">\n<p class=\"bodytext\">podpodzakres I<br \/>5 \u00f7 80 A co 5 A \u00b1 5%<br \/>podzakres II<br \/>10 \u00f7 160 A co 10 A \u00b1 5%<\/p>\n<\/td>\n<\/tr>\n<tr>\n<td class=\"szary\">\n<p class=\"bodytext\">Pr\u00f3g zadzia\u0142ania pr\u0105dowego dla zwar\u0107 mi\u0119dzyfazowych<\/p>\n<\/td>\n<td class=\"szary\">\n<p class=\"bodytext\">(100 - 1000)A co 100A \u00b1 10%<\/p>\n<\/td>\n<\/tr>\n<tr>\n<td class=\"jasny\">\n<p class=\"bodytext\">Pr\u00f3g czasu trwania zwarcia<\/p>\n<\/td>\n<td class=\"jasny\">\n<p class=\"bodytext\">podzakres I<br \/>50 \u00f7 750 ms co 50 ms \u00b1 1 ms<br \/>podzakres II<br \/>100 \u00f7 1500 ms co 100 ms \u00b1 2 ms<\/p>\n<\/td>\n<\/tr>\n<tr>\n<td class=\"szary\">\n<p class=\"bodytext\">Czas trwania sygnalizacji<\/p>\n<\/td>\n<td class=\"szary\">\n<p class=\"bodytext\">2 lub 4 godz.<\/p>\n<\/td>\n<\/tr>\n<tr>\n<td class=\"jasny\">\n<p class=\"bodytext\">Rodzaj sygnalizacji<\/p>\n<\/td>\n<td class=\"jasny\">\n<ul>\n<li>lampka dwukolorowa czerwono-zielona<\/li>\n<ul>\n<li>czerwona \u2013 sygnalizacja doziemienia<\/li>\n<li>zielona i czerwona naprzemiennie \u2013 sygnalizacja zwarcia mi\u0119dzyfazowego<\/li>\n<\/ul>\n<li>zestyk zwierny przeka\u017anika sygnalizacji zwarcia doziemnego<\/li>\n<li>zestyk zwierny przeka\u017anika sygnalizacji zwarcia mi\u0119dzyfazowego<\/li>\n<li>zestyk zwierny przeka\u017anika sygnalizacji niskiej pojemno\u015bci akumulatora<\/li>\n<\/ul>\n<p>&nbsp;<\/p>\n<\/td>\n<\/tr>\n<tr>\n<td class=\"jasny\">\n<p class=\"bodytext\">Testowanie sygnalizatora<\/p>\n<\/td>\n<td class=\"jasny\">\n<ul>\n<li>lokalnie przyciskiem TEST na p\u0142ycie czo\u0142owej sygnalizatora<\/li>\n<li>zdalnie z uk\u0142ad\u00f3w telemechaniki 24V DC przez podanie (+) napi\u0119cia 24V DC na odpowiednie wej\u015bcie centralki CPZ\u00ae-3MFS<\/li>\n<\/ul>\n<p>&nbsp;<\/p>\n<\/td>\n<\/tr>\n<tr>\n<td class=\"jasny\">\n<p class=\"bodytext\">Kasowanie sygnalizacji<\/p>\n<\/td>\n<td class=\"jasny\">\n<ul>\n<li>samoczynne po nastawionym czasie sygnalizacji,<\/li>\n<li>przyciskiem KASOWANIE w centralce,<\/li>\n<li>samoczynne po powrocie napi\u0119cia zasilania centralki przez czas d\u0142u\u017cszy ni\u017c 10s,<\/li>\n<li>samoczynne po czasie 60s w przypadku braku zaniku napi\u0119cia zasilania centralki w czasie 60s od pobudzenia,<\/li>\n<li>zdalnie z uk\u0142ad\u00f3w telemechaniki 24V przez podanie (+) napi\u0119cia 24V DC na odpowiednie wej\u015bcie centralki CPZ\u00ae-3MFS<\/li>\n<\/ul>\n<p>&nbsp;<\/p>\n<\/td>\n<\/tr>\n<tr>\n<td class=\"jasny\">\n<p class=\"bodytext\">Minimalny czas przerwy beznapi\u0119ciowej cyklu SPZ<\/p>\n<\/td>\n<td class=\"jasny\">\n<p class=\"bodytext\">1 s<\/p>\n<\/td>\n<\/tr>\n<tr>\n<td class=\"jasny\">\n<p class=\"bodytext\">Zasilanie centralki<\/p>\n<\/td>\n<td class=\"jasny\">\n<p class=\"bodytext\">230 V AC +10% -15%, 50 Hz<\/p>\n<\/td>\n<\/tr>\n<tr>\n<td class=\"jasny\">\n<p class=\"bodytext\">Pob\u00f3r mocy przez centralk\u0119<\/p>\n<\/td>\n<td class=\"jasny\">\n<p class=\"bodytext\">\u2264 2 VA<\/p>\n<\/td>\n<\/tr>\n<tr>\n<td class=\"szary\">\n<p class=\"bodytext\">Podtrzymanie zasilania<\/p>\n<\/td>\n<td class=\"szary\">\n<p class=\"bodytext\">akumulator 12 V \/ 0,8 Ah<\/p>\n<\/td>\n<\/tr>\n<tr>\n<td class=\"jasny\">\n<p class=\"bodytext\">Obudowa centralki<\/p>\n<\/td>\n<td class=\"jasny\">\n<p class=\"bodytext\">obudowa na\u015bcienna (196 x 113 x 157) mm (wys. x g\u0142. x szer.)<\/p>\n<\/td>\n<\/tr>\n<tr>\n<td class=\"jasny\">\n<p class=\"bodytext\">Stopie\u0144 ochrony obudowy<\/p>\n<\/td>\n<td class=\"jasny\">\n<ul>\n<li>przek\u0142adnik IP40<\/li>\n<li>centralka IP54<\/li>\n<li>lampka IP54<\/li>\n<\/ul>\n<p>&nbsp;<\/p>\n<\/td>\n<\/tr>\n<tr>\n<td class=\"szary\">\n<p class=\"bodytext\">Zakres temperatury pracy<\/p>\n<\/td>\n<td class=\"szary\">\n<p class=\"bodytext\">(-5 \u00f7 +55) \u00b0C<\/p>\n<\/td>\n<\/tr>\n<\/tbody>\n<\/table>\n<\/div><\/div><\/div><\/div><\/div>\n","protected":false},"excerpt":{"rendered":"","protected":false},"author":2,"featured_media":0,"parent":0,"menu_order":0,"comment_status":"closed","ping_status":"closed","template":"","meta":{"footnotes":""},"class_list":["post-275","page","type-page","status-publish","hentry"],"_links":{"self":[{"href":"https:\/\/divi.zae.pl\/index.php\/wp-json\/wp\/v2\/pages\/275","targetHints":{"allow":["GET"]}}],"collection":[{"href":"https:\/\/divi.zae.pl\/index.php\/wp-json\/wp\/v2\/pages"}],"about":[{"href":"https:\/\/divi.zae.pl\/index.php\/wp-json\/wp\/v2\/types\/page"}],"author":[{"embeddable":true,"href":"https:\/\/divi.zae.pl\/index.php\/wp-json\/wp\/v2\/users\/2"}],"replies":[{"embeddable":true,"href":"https:\/\/divi.zae.pl\/index.php\/wp-json\/wp\/v2\/comments?post=275"}],"version-history":[{"count":8,"href":"https:\/\/divi.zae.pl\/index.php\/wp-json\/wp\/v2\/pages\/275\/revisions"}],"predecessor-version":[{"id":800,"href":"https:\/\/divi.zae.pl\/index.php\/wp-json\/wp\/v2\/pages\/275\/revisions\/800"}],"wp:attachment":[{"href":"https:\/\/divi.zae.pl\/index.php\/wp-json\/wp\/v2\/media?parent=275"}],"curies":[{"name":"wp","href":"https:\/\/api.w.org\/{rel}","templated":true}]}}