{"id":273,"date":"2025-12-15T11:45:30","date_gmt":"2025-12-15T10:45:30","guid":{"rendered":"https:\/\/divi.zae.pl\/?page_id=273"},"modified":"2026-04-14T13:09:38","modified_gmt":"2026-04-14T11:09:38","slug":"cpz-4s","status":"publish","type":"page","link":"https:\/\/divi.zae.pl\/index.php\/cpz-4s\/","title":{"rendered":"CPZ-4S"},"content":{"rendered":"\n<div class=\"et_pb_section_0 et_pb_section et_section_regular et_block_section preset--module--divi-section--default\"><span class=\"et_pb_background_mask\"><\/span><div class=\"et_pb_row_0 et_pb_row et_block_row\"><div class=\"et_pb_column_0 et_pb_column et_pb_column_4_4 et-last-child et_block_column et_pb_css_mix_blend_mode_passthrough\"><div class=\"et_pb_heading_0 et_pb_heading et_pb_module et_block_module preset--module--divi-heading--a981e6ca-7fd8-45e6-9c38-41ce8df70846\"><div class=\"et_pb_heading_container\"><h1 class=\"et_pb_module_header\">CPZ-4S<\/h1><\/div><\/div><\/div><\/div><div class=\"et_pb_row_1 et_pb_row et_block_row\"><div class=\"et_pb_column_1 et_pb_column et_pb_column_4_4 et-last-child et_block_column et_pb_css_mix_blend_mode_passthrough\"><div class=\"et_pb_image_0 et_pb_image et_pb_module et_block_module preset--module--divi-image--2586f1e8-fe17-40b4-853b-9c01d50277a4\"><span class=\"et_pb_image_wrap\"><img loading=\"lazy\" decoding=\"async\" src=\"https:\/\/divi.zae.pl\/wp-content\/uploads\/2025\/12\/CPZ_4S.png\" width=\"1024\" height=\"1002\" srcset=\"https:\/\/divi.zae.pl\/wp-content\/uploads\/2025\/12\/CPZ_4S.png 1024w, https:\/\/divi.zae.pl\/wp-content\/uploads\/2025\/12\/CPZ_4S-980x959.png 980w, https:\/\/divi.zae.pl\/wp-content\/uploads\/2025\/12\/CPZ_4S-480x470.png 480w\" sizes=\"(min-width: 0px) and (max-width: 480px) 480px, (min-width: 481px) and (max-width: 980px) 980px, (min-width: 981px) 1024px, 100vw\" class=\"wp-image-554\" title=\"CPZ_4S\" \/><\/span><\/div><div class=\"et_pb_text_0 et_pb_text et_pb_bg_layout_light et_pb_module et_block_module preset--module--divi-text--default\"><div class=\"et_pb_text_inner\"><p class=\"bodytext\">Sygnalizator zwar\u0107 CPZ<sup>\u00ae<\/sup>-4S jest wyposa\u017cony w interfejs komunikacyjny RS-485 z protoko\u0142em Modbus RTU, kt\u00f3ry umo\u017cliwia komunikacj\u0119 ze sterownikami telemechaniki lub za pomoc\u0105 modemu GSM np. AS30GSM80IC wysy\u0142a\u0107 informacj\u0119 o zwarciach do SCADY.<\/p>\n<p class=\"bodytext\">Ta funkcjonalno\u015b\u0107 umo\u017cliwia zdalny odczyt stanu sygnalizatora, jego konfiguracje jak i modyfikacje nastaw (<b>nowo\u015b\u0107 !!!<\/b>).<\/p>\n<\/div><\/div><\/div><\/div><\/div>\n","protected":false},"excerpt":{"rendered":"","protected":false},"author":2,"featured_media":0,"parent":0,"menu_order":0,"comment_status":"closed","ping_status":"closed","template":"","meta":{"footnotes":""},"class_list":["post-273","page","type-page","status-publish","hentry"],"_links":{"self":[{"href":"https:\/\/divi.zae.pl\/index.php\/wp-json\/wp\/v2\/pages\/273","targetHints":{"allow":["GET"]}}],"collection":[{"href":"https:\/\/divi.zae.pl\/index.php\/wp-json\/wp\/v2\/pages"}],"about":[{"href":"https:\/\/divi.zae.pl\/index.php\/wp-json\/wp\/v2\/types\/page"}],"author":[{"embeddable":true,"href":"https:\/\/divi.zae.pl\/index.php\/wp-json\/wp\/v2\/users\/2"}],"replies":[{"embeddable":true,"href":"https:\/\/divi.zae.pl\/index.php\/wp-json\/wp\/v2\/comments?post=273"}],"version-history":[{"count":4,"href":"https:\/\/divi.zae.pl\/index.php\/wp-json\/wp\/v2\/pages\/273\/revisions"}],"predecessor-version":[{"id":798,"href":"https:\/\/divi.zae.pl\/index.php\/wp-json\/wp\/v2\/pages\/273\/revisions\/798"}],"wp:attachment":[{"href":"https:\/\/divi.zae.pl\/index.php\/wp-json\/wp\/v2\/media?parent=273"}],"curies":[{"name":"wp","href":"https:\/\/api.w.org\/{rel}","templated":true}]}}