{"id":258,"date":"2025-12-15T11:40:39","date_gmt":"2025-12-15T10:40:39","guid":{"rendered":"https:\/\/divi.zae.pl\/?page_id=258"},"modified":"2026-04-14T13:09:34","modified_gmt":"2026-04-14T11:09:34","slug":"mbe-1","status":"publish","type":"page","link":"https:\/\/divi.zae.pl\/index.php\/mbe-1\/","title":{"rendered":"MBE-1"},"content":{"rendered":"\n<div class=\"et_pb_section_0 et_pb_section et_section_regular et_block_section preset--module--divi-section--default\"><div class=\"et_pb_row_0 et_pb_row et_block_row\"><div class=\"et_pb_column_0 et_pb_column et_pb_column_4_4 et-last-child et_block_column et_pb_css_mix_blend_mode_passthrough\"><div class=\"et_pb_heading_0 et_pb_heading et_pb_module et_block_module preset--module--divi-heading--a981e6ca-7fd8-45e6-9c38-41ce8df70846\"><div class=\"et_pb_heading_container\"><h4 class=\"et_pb_module_header\">MBE-1<\/h4><\/div><\/div><\/div><\/div><div class=\"et_pb_row_1 et_pb_row et_block_row\"><div class=\"et_pb_column_1 et_pb_column et_pb_column_1_2 et_block_column et_pb_css_mix_blend_mode_passthrough\"><div class=\"et_pb_module et_pb_button_module_wrapper et_pb_button_0_wrapper preset--module--divi-button--default_wrapper\"><a class=\"et_pb_button_0 et_pb_button et_pb_bg_layout_light et_pb_module et_block_module preset--module--divi-button--default\" href=\"https:\/\/divi.zae.pl\/wp-content\/uploads\/2025\/12\/ZAE-karta_MBE-1.pdf\">Pobierz karte katalogow\u0105<\/a><\/div><div class=\"et_pb_module et_pb_button_module_wrapper et_pb_button_1_wrapper preset--module--divi-button--default_wrapper\"><a class=\"et_pb_button_1 et_pb_button et_pb_bg_layout_light et_pb_module et_block_module preset--module--divi-button--default\" href=\"https:\/\/divi.zae.pl\/wp-content\/uploads\/2025\/12\/DTR_MBE-1.pdf\">Pobierz dokumentacje techniczno-rozruchow\u0105<\/a><\/div><div class=\"et_pb_text_0 et_pb_text et_pb_bg_layout_light et_pb_module et_block_module preset--module--divi-text--default\"><div class=\"et_pb_text_inner\"><h4>Modu\u0142 blokady elektrycznej MBE-1<\/h4>\n<\/div><\/div><div class=\"et_pb_text_1 et_pb_text et_pb_bg_layout_light et_pb_module et_block_module preset--module--divi-text--default\"><div class=\"et_pb_text_inner\"><p><b>Modu\u0142 blokady elektrycznej MBE-1<\/b><span>\u00a0jest modu\u0142em do blokady elektrycznej za\u0142\u0105czania wy\u0142\u0105cznik\u00f3w lub stycznik\u00f3w w uk\u0142adach SZR w rozdzielni 0,4 kV.<\/span><br \/><span>Zapewnia on blokad\u0119 elektryczn\u0105 za\u0142\u0105czania urz\u0105dze\u0144 komutacyjnych nie dopuszczaj\u0105c do b\u0142\u0119dnego ich za\u0142\u0105czenia.<\/span><\/p>\n<\/div><\/div><\/div><div class=\"et_pb_column_2 et_pb_column et_pb_column_1_2 et-last-child et_block_column et_pb_css_mix_blend_mode_passthrough\"><div class=\"et_pb_image_0 et_pb_image et_pb_module et_block_module preset--module--divi-image--2586f1e8-fe17-40b4-853b-9c01d50277a4\"><span class=\"et_pb_image_wrap\"><img loading=\"lazy\" decoding=\"async\" src=\"https:\/\/divi.zae.pl\/wp-content\/uploads\/2025\/12\/MBE-1.png\" width=\"1024\" height=\"733\" srcset=\"https:\/\/divi.zae.pl\/wp-content\/uploads\/2025\/12\/MBE-1.png 1024w, https:\/\/divi.zae.pl\/wp-content\/uploads\/2025\/12\/MBE-1-980x702.png 980w, https:\/\/divi.zae.pl\/wp-content\/uploads\/2025\/12\/MBE-1-480x344.png 480w\" sizes=\"(min-width: 0px) and (max-width: 480px) 480px, (min-width: 481px) and (max-width: 980px) 980px, (min-width: 981px) 1024px, 100vw\" class=\"wp-image-422\" title=\"MBE-1\" \/><\/span><\/div><\/div><\/div><\/div>\n","protected":false},"excerpt":{"rendered":"","protected":false},"author":2,"featured_media":0,"parent":0,"menu_order":0,"comment_status":"closed","ping_status":"closed","template":"","meta":{"footnotes":""},"class_list":["post-258","page","type-page","status-publish","hentry"],"_links":{"self":[{"href":"https:\/\/divi.zae.pl\/index.php\/wp-json\/wp\/v2\/pages\/258","targetHints":{"allow":["GET"]}}],"collection":[{"href":"https:\/\/divi.zae.pl\/index.php\/wp-json\/wp\/v2\/pages"}],"about":[{"href":"https:\/\/divi.zae.pl\/index.php\/wp-json\/wp\/v2\/types\/page"}],"author":[{"embeddable":true,"href":"https:\/\/divi.zae.pl\/index.php\/wp-json\/wp\/v2\/users\/2"}],"replies":[{"embeddable":true,"href":"https:\/\/divi.zae.pl\/index.php\/wp-json\/wp\/v2\/comments?post=258"}],"version-history":[{"count":7,"href":"https:\/\/divi.zae.pl\/index.php\/wp-json\/wp\/v2\/pages\/258\/revisions"}],"predecessor-version":[{"id":792,"href":"https:\/\/divi.zae.pl\/index.php\/wp-json\/wp\/v2\/pages\/258\/revisions\/792"}],"wp:attachment":[{"href":"https:\/\/divi.zae.pl\/index.php\/wp-json\/wp\/v2\/media?parent=258"}],"curies":[{"name":"wp","href":"https:\/\/api.w.org\/{rel}","templated":true}]}}