{"id":255,"date":"2025-12-15T11:40:49","date_gmt":"2025-12-15T10:40:49","guid":{"rendered":"https:\/\/divi.zae.pl\/?page_id=255"},"modified":"2026-04-14T13:09:34","modified_gmt":"2026-04-14T11:09:34","slug":"pnz-3","status":"publish","type":"page","link":"https:\/\/divi.zae.pl\/index.php\/pnz-3\/","title":{"rendered":"PNZ-3"},"content":{"rendered":"\n<div class=\"et_pb_section_0 et_pb_section et_section_regular et_block_section preset--module--divi-section--default\"><div class=\"et_pb_row_0 et_pb_row et_block_row\"><div class=\"et_pb_column_0 et_pb_column et_pb_column_4_4 et-last-child et_block_column et_pb_css_mix_blend_mode_passthrough\"><div class=\"et_pb_heading_0 et_pb_heading et_pb_module et_block_module preset--module--divi-heading--a981e6ca-7fd8-45e6-9c38-41ce8df70846\"><div class=\"et_pb_heading_container\"><h4 class=\"et_pb_module_header\">PNZ-3<\/h4><\/div><\/div><\/div><\/div><div class=\"et_pb_row_1 et_pb_row et_block_row\"><div class=\"et_pb_column_1 et_pb_column et_pb_column_1_3 et_block_column et_pb_css_mix_blend_mode_passthrough\"><div class=\"et_pb_module et_pb_button_module_wrapper et_pb_button_0_wrapper preset--module--divi-button--default_wrapper\"><a class=\"et_pb_button_0 et_pb_button et_pb_bg_layout_light et_pb_module et_block_module preset--module--divi-button--default\" href=\"https:\/\/divi.zae.pl\/wp-content\/uploads\/2025\/12\/PNZ-3_1.pdf\">Pobierz karte katalogow\u0105<\/a><\/div><\/div><div class=\"et_pb_column_2 et_pb_column et_pb_column_1_3 et_block_column et_pb_css_mix_blend_mode_passthrough\"><div class=\"et_pb_module et_pb_button_module_wrapper et_pb_button_1_wrapper preset--module--divi-button--default_wrapper\"><a class=\"et_pb_button_1 et_pb_button et_pb_bg_layout_light et_pb_module et_block_module preset--module--divi-button--default\" href=\"https:\/\/divi.zae.pl\/wp-content\/uploads\/2025\/12\/DTR_PNZ-3v2mk.pdf\">Pobierz dokumentacje techniczno-rozruchow\u0105<\/a><\/div><\/div><div class=\"et_pb_column_3 et_pb_column et_pb_column_1_3 et-last-child et_block_column et_pb_css_mix_blend_mode_passthrough\"><div class=\"et_pb_module et_pb_button_module_wrapper et_pb_button_2_wrapper preset--module--divi-button--default_wrapper\"><a class=\"et_pb_button_2 et_pb_button et_pb_bg_layout_light et_pb_module et_block_module preset--module--divi-button--default\" href=\"\">Schemat SZR dla 2 stycznik\u00f3w \u2013 PNZ-3<\/a><\/div><\/div><\/div><div class=\"et_pb_row_2 et_pb_row et_block_row\"><div class=\"et_pb_column_4 et_pb_column et_pb_column_3_5 et_block_column et_pb_css_mix_blend_mode_passthrough\"><div class=\"et_pb_text_0 et_pb_text et_pb_bg_layout_light et_pb_module et_block_module preset--module--divi-text--default\"><div class=\"et_pb_text_inner\"><h4>Prze\u0142\u0105cznik zasilania typu PNZ-3<\/h4>\n<\/div><\/div><div class=\"et_pb_text_1 et_pb_text et_pb_bg_layout_light et_pb_module et_block_module preset--module--divi-text--default\"><div class=\"et_pb_text_inner\"><p class=\"bodytext\">PNZ-3 jest urz\u0105dzeniem do automatycznego wyboru jednego z trzech napi\u0119\u0107 podaj\u0105cego wybrane napi\u0119cie na wyj\u015bcie. W przypadku zaniku napi\u0119cia na jednym z trzech wej\u015b\u0107, uk\u0142ad automatycznie prze\u0142\u0105cza wyj\u015bcie na jedno z istniej\u0105cych napi\u0119\u0107 wej\u015bciowych.<\/p>\n<p class=\"bodytext\">PNZ-3 zapewnia pe\u0142n\u0105 izolacj\u0119 pomi\u0119dzy napi\u0119ciami wej\u015bciowymi. Umo\u017cliwia to pod\u0142\u0105czenie trzech dowolnych niezale\u017cnych napi\u0119\u0107 (niezale\u017cny przew\u00f3d N). Urz\u0105dzenie zasilane jest z napi\u0119\u0107 wej\u015bciowych.<\/p>\n<p class=\"bodytext\">Uk\u0142ad posiada cz\u0142on op\u00f3\u017anienia czasowego za\u0142\u0105czania i wy\u0142\u0105czania napi\u0119cia wyj\u015bciowego w zakresie od 0,5s do 15s. Op\u00f3\u017anienia te umo\u017cliwiaj\u0105 bezpieczne prze\u0142\u0105czenia. PNZ-3 zapewnia automatyczny wyb\u00f3r jednego napi\u0119cia z trzech \u017ar\u00f3de\u0142 do zasilania odbiornik\u00f3w.<\/p>\n<p class=\"bodytext\">Na przyk\u0142ad:\u00a0\u00a0\u00a0\u00a0\u00a0\u00a0 UPS-\u00f3w zasilaj\u0105cych urz\u0105dzenia automatyki, komputer\u00f3w itd.<\/p>\n<p class=\"bodytext\">Poniewa\u017c uk\u0142ad posiada dodatkowe wyj\u015bcia mo\u017cliwa jest praca tego urz\u0105dzenia w uk\u0142adzie SZR-a steruj\u0105cego dwoma lub trzema stycznikami.<\/p>\n<\/div><\/div><div class=\"et_pb_text_2 et_pb_text et_pb_bg_layout_light et_pb_module et_block_module preset--module--divi-text--default\"><div class=\"et_pb_text_inner\"><h4>Schemat<\/h4>\n<\/div><\/div><div class=\"et_pb_image_0 et_pb_image et_pb_module et_block_module\"><span class=\"et_pb_image_wrap\"><img loading=\"lazy\" decoding=\"async\" src=\"https:\/\/divi.zae.pl\/wp-content\/uploads\/2025\/12\/schemat.png\" width=\"400\" height=\"404\" srcset=\"https:\/\/divi.zae.pl\/wp-content\/uploads\/2025\/12\/schemat.png 400w, https:\/\/divi.zae.pl\/wp-content\/uploads\/2025\/12\/schemat-297x300.png 297w\" sizes=\"(max-width: 400px) 100vw, 400px\" class=\"wp-image-508\" title=\"schemat\" \/><\/span><\/div><\/div><div class=\"et_pb_column_5 et_pb_column et_pb_column_2_5 et-last-child et_block_column et_pb_css_mix_blend_mode_passthrough\"><div class=\"et_pb_image_1 et_pb_image et_pb_module et_block_module preset--module--divi-image--2586f1e8-fe17-40b4-853b-9c01d50277a4\"><span class=\"et_pb_image_wrap\"><img loading=\"lazy\" decoding=\"async\" src=\"https:\/\/divi.zae.pl\/wp-content\/uploads\/2025\/12\/PNZ-3.png\" width=\"770\" height=\"613\" srcset=\"https:\/\/divi.zae.pl\/wp-content\/uploads\/2025\/12\/PNZ-3.png 770w, https:\/\/divi.zae.pl\/wp-content\/uploads\/2025\/12\/PNZ-3-480x382.png 480w\" sizes=\"(min-width: 0px) and (max-width: 480px) 480px, (min-width: 481px) 770px, 100vw\" class=\"wp-image-423\" title=\"PNZ-3\" \/><\/span><\/div><\/div><\/div><div class=\"et_pb_row_3 et_pb_row et_pb_equal_columns et_block_row\"><div class=\"et_pb_column_6 et_pb_column et_pb_column_4_4 et-last-child et_block_column et_pb_css_mix_blend_mode_passthrough\"><div class=\"et_pb_text_3 et_pb_text et_pb_bg_layout_light et_pb_module et_block_module preset--module--divi-text--default\"><div class=\"et_pb_text_inner\"><h4>Dane techniczne<\/h4>\n<\/div><\/div><div class=\"et_pb_text_4 et_pb_text et_pb_bg_layout_light et_pb_module et_block_module preset--module--divi-text--default\"><div class=\"et_pb_text_inner\"><p>&nbsp;<\/p>\n<table cellpadding=\"0\" cellspacing=\"0\" width=\"550px\" border=\"0\">\n<tbody>\n<tr>\n<td colspan=\"2\" class=\"t_head\" valign=\"top\">\n<p class=\"bodytext\">Podstawowe dane techniczne<\/p>\n<\/td>\n<\/tr>\n<tr>\n<td class=\"jasny\">\n<p class=\"bodytext\">Znamionowe napi\u0119cie Un (U1, U2, U3)<\/p>\n<\/td>\n<td class=\"jasny\">\n<p class=\"bodytext\">AC 230V 50Hz<\/p>\n<\/td>\n<\/tr>\n<tr>\n<td class=\"szary\">\n<p class=\"bodytext\">Napi\u0119cie progowe kontrolowanych faz<\/p>\n<\/td>\n<td class=\"szary\">\n<p class=\"bodytext\">200 V AC \u00b1 10%<\/p>\n<\/td>\n<\/tr>\n<tr>\n<td class=\"jasny\">\n<p class=\"bodytext\">Maksymalne napi\u0119cie kontrolowanych faz<\/p>\n<\/td>\n<td class=\"jasny\">\n<p class=\"bodytext\">260 V AC<\/p>\n<\/td>\n<\/tr>\n<tr>\n<td class=\"szary\">\n<p class=\"bodytext\">Zakres nastawienia czasu op\u00f3\u017anienia<\/p>\n<\/td>\n<td class=\"szary\">\n<p class=\"bodytext\">(0,5\u00f715)s co 1s<\/p>\n<\/td>\n<\/tr>\n<tr>\n<td class=\"jasny\">\n<p class=\"bodytext\">Uchyb cz\u0142on\u00f3w czasowych<\/p>\n<\/td>\n<td class=\"jasny\">\n<p class=\"bodytext\">\u2264 1%<\/p>\n<\/td>\n<\/tr>\n<tr>\n<td class=\"szary\">\n<p class=\"bodytext\">Temperatura otoczenia<\/p>\n<\/td>\n<td class=\"szary\">\n<p class=\"bodytext\">(-5 \u00f7 +55) \u00b0C<\/p>\n<\/td>\n<\/tr>\n<tr>\n<td class=\"jasny\">\n<p class=\"bodytext\">Dopuszczalna wilgotno\u015b\u0107 wzgl\u0119dna<\/p>\n<\/td>\n<td class=\"jasny\">\n<p class=\"bodytext\">90% (bez kondensacji)<\/p>\n<\/td>\n<\/tr>\n<tr>\n<td class=\"szary\">\n<ul>\n<li>maksymalny pr\u0105d za\u0142\u0105czania zestyk\u00f3w wyj\u015bciowych<\/li>\n<li>obci\u0105\u017calno\u015b\u0107 pr\u0105dowa trwa\u0142a zestyk\u00f3w w kategorii AC1<\/li>\n<li>obci\u0105\u017calno\u015b\u0107 pr\u0105dowa trwa\u0142a zestyk\u00f3w w kategorii DC1<\/li>\n<li>maksymalna moc \u0142\u0105czeniowa zestyk\u00f3w<\/li>\n<li>maksymalne napi\u0119cie zestyk\u00f3w AC\/DC<\/li>\n<\/ul>\n<p>&nbsp;<\/p>\n<\/td>\n<td class=\"szary\">\n<p class=\"bodytext\">15 A<br \/>8A \/ 250V AC<br \/>8A \/ 24V DC<br \/>2000 VA<br \/>400V \/ 300 V<\/p>\n<\/td>\n<\/tr>\n<tr>\n<td class=\"jasny\">\n<p class=\"bodytext\">Trwa\u0142o\u015b\u0107 \u0142\u0105czeniowa przeka\u017anik\u00f3w wyj\u015bciowych<\/p>\n<\/td>\n<td class=\"jasny\">\n<p class=\"bodytext\">&gt; 105 8A, 250 V AC<\/p>\n<\/td>\n<\/tr>\n<tr>\n<td class=\"szary\">\n<p class=\"bodytext\">Znamionowy pob\u00f3r mocy na jeden tor<\/p>\n<\/td>\n<td class=\"szary\">\n<p class=\"bodytext\">\u2264 1 VA<\/p>\n<\/td>\n<\/tr>\n<tr>\n<td class=\"jasny\">\n<p class=\"bodytext\">Wymiary<\/p>\n<\/td>\n<td class=\"jasny\">\n<p class=\"bodytext\">106 x 90 x 58 mm<\/p>\n<\/td>\n<\/tr>\n<tr>\n<td class=\"szary\">\n<p class=\"bodytext\">Waga<\/p>\n<\/td>\n<td class=\"szary\">\n<p class=\"bodytext\">ok. 0,4 kg<\/p>\n<\/td>\n<\/tr>\n<tr>\n<td class=\"jasny\">\n<p class=\"bodytext\">Stopie\u0144 ochrony<\/p>\n<\/td>\n<td class=\"jasny\">\n<p class=\"bodytext\">IP 20<\/p>\n<\/td>\n<\/tr>\n<\/tbody>\n<\/table>\n<\/div><\/div><\/div><\/div><\/div>\n","protected":false},"excerpt":{"rendered":"","protected":false},"author":2,"featured_media":0,"parent":0,"menu_order":0,"comment_status":"closed","ping_status":"closed","template":"","meta":{"footnotes":""},"class_list":["post-255","page","type-page","status-publish","hentry"],"_links":{"self":[{"href":"https:\/\/divi.zae.pl\/index.php\/wp-json\/wp\/v2\/pages\/255","targetHints":{"allow":["GET"]}}],"collection":[{"href":"https:\/\/divi.zae.pl\/index.php\/wp-json\/wp\/v2\/pages"}],"about":[{"href":"https:\/\/divi.zae.pl\/index.php\/wp-json\/wp\/v2\/types\/page"}],"author":[{"embeddable":true,"href":"https:\/\/divi.zae.pl\/index.php\/wp-json\/wp\/v2\/users\/2"}],"replies":[{"embeddable":true,"href":"https:\/\/divi.zae.pl\/index.php\/wp-json\/wp\/v2\/comments?post=255"}],"version-history":[{"count":9,"href":"https:\/\/divi.zae.pl\/index.php\/wp-json\/wp\/v2\/pages\/255\/revisions"}],"predecessor-version":[{"id":793,"href":"https:\/\/divi.zae.pl\/index.php\/wp-json\/wp\/v2\/pages\/255\/revisions\/793"}],"wp:attachment":[{"href":"https:\/\/divi.zae.pl\/index.php\/wp-json\/wp\/v2\/media?parent=255"}],"curies":[{"name":"wp","href":"https:\/\/api.w.org\/{rel}","templated":true}]}}