{"id":243,"date":"2025-12-15T11:33:57","date_gmt":"2025-12-15T10:33:57","guid":{"rendered":"https:\/\/divi.zae.pl\/?page_id=243"},"modified":"2026-04-14T13:09:32","modified_gmt":"2026-04-14T11:09:32","slug":"praca","status":"publish","type":"page","link":"https:\/\/divi.zae.pl\/index.php\/praca\/","title":{"rendered":"Praca"},"content":{"rendered":"\n<div class=\"et_pb_section_0 et_pb_section et_section_regular et_block_section preset--module--divi-section--default\"><span class=\"et_pb_background_mask\"><\/span><div class=\"et_pb_row_0 et_pb_row et_block_row\"><div class=\"et_pb_column_0 et_pb_column et_pb_column_4_4 et-last-child et_block_column et_pb_css_mix_blend_mode_passthrough\"><div class=\"et_pb_heading_0 et_pb_heading et_pb_module et_block_module preset--module--divi-heading--a981e6ca-7fd8-45e6-9c38-41ce8df70846\"><div class=\"et_pb_heading_container\"><h1 class=\"et_pb_module_header\">Oferty pracy<\/h1><\/div><\/div><div class=\"et_pb_text_0 et_pb_text et_pb_bg_layout_light et_pb_module et_block_module preset--module--divi-text--default\"><div class=\"et_pb_text_inner\"><p><span>Kandydat\u00f3w, poszukuj\u0105cych zatrudnienia w bran\u017cy elektrycznej na stanowisku:<\/span><\/p>\n<\/div><\/div><\/div><\/div><div class=\"et_pb_row_1 et_pb_row et_block_row\"><div class=\"et_pb_column_1 et_pb_column et_pb_column_1_2 et_block_column et_pb_css_mix_blend_mode_passthrough\"><div class=\"et_pb_text_1 et_pb_text et_pb_bg_layout_light et_pb_module et_block_module preset--module--divi-text--default\"><div class=\"et_pb_text_inner\"><h4>Specjalista ds. przygotowania ofert<\/h4>\n<\/div><\/div><div class=\"et_pb_text_2 et_pb_text et_pb_bg_layout_light et_pb_module et_block_module preset--module--divi-text--default\"><div class=\"et_pb_text_inner\"><p class=\"bodytext\">Od kandydat\u00f3w oczekujemy:<\/p>\n<ul>\n<li>wykszta\u0142cenia kierunkowego,<\/li>\n<li>minimum rocznego do\u015bwiadczenia w pracy na podobnym stanowisku<\/li>\n<li>znajomo\u015bci obs\u0142ugi komputera (pakiet MS Office, AutoCAD, NORMA)<\/li>\n<li>czynnego prawa jazdy kat. B<\/li>\n<li>dobrej organizacji czasu pracy oraz umiej\u0119tno\u015bci pracy w zespole<\/li>\n<li>otwarto\u015bci na nowe wyzwania, komunikatywno\u015bci, solidno\u015bci i zaanga\u017cowania<\/li>\n<\/ul>\n<p class=\"bodytext\">Oferujemy: interesuj\u0105c\u0105 prac\u0119 w dynamicznie rozwijaj\u0105cej si\u0119 firmie, w m\u0142odym i zaanga\u017cowanym zespole, mo\u017cliwo\u015bci rozwoju i doskonalenia zawodowego, wynagrodzenie odpowiednie do osi\u0105ganych wynik\u00f3w.<\/p>\n<p class=\"bodytext\">Oferty zawieraj\u0105ce CV oraz list motywacyjny prosimy kierowa\u0107 na adres: e-mail:\u00a0<span style=\"color: #e02b20;\"><a style=\"color: #e02b20;\">rekrutacja@zae.pl<\/a><\/span><br \/>Prosimy o za\u0142\u0105czenie nast\u0119puj\u0105cej klauzuli: \"Wyra\u017cam zgod\u0119 na przetwarzanie moich danych osobowych zawartych w mojej ofercie pracy dla potrzeb niezb\u0119dnych do realizacji procesu rekrutacji zgodnie z Ustaw\u0105 z dnia 29.08.1997 roku o ochronie danych osobowych (Dz.U. nr 133, poz. 883).\"<\/p>\n<\/div><\/div><\/div><div class=\"et_pb_column_2 et_pb_column et_pb_column_1_2 et-last-child et_block_column et_pb_css_mix_blend_mode_passthrough\"><div class=\"et_pb_text_3 et_pb_text et_pb_bg_layout_light et_pb_module et_block_module preset--module--divi-text--default\"><div class=\"et_pb_text_inner\"><h4>Elektromonter<\/h4>\n<\/div><\/div><div class=\"et_pb_text_4 et_pb_text et_pb_bg_layout_light et_pb_module et_block_module preset--module--divi-text--default\"><div class=\"et_pb_text_inner\"><p class=\"bodytext\">Firma ZAE Sp. z o.o. poszukuje kandydat\u00f3w do pracy na stanowisku:<b><br \/>elektromonter rozdzielni elektrycznych<\/b><\/p>\n<p class=\"bodytext\">Wymagania:<\/p>\n<ul>\n<li>wykszta\u0142cenie elektryczne min. zawodowe,<\/li>\n<li>mile widziane uprawnienia SEP do 1kV,<\/li>\n<li>umiej\u0119tno\u015b\u0107 czytania schemat\u00f3w i dokumentacji,<\/li>\n<li>odpowiedzialno\u015b\u0107 i dyscyplina pracy.<\/li>\n<\/ul>\n<p class=\"bodytext\">Osoby zainteresowane, spe\u0142niaj\u0105ce nasze warunki prosimy o przes\u0142anie aplikacji na:<span>\u00a0<\/span><span style=\"color: #e02b20;\"><a title=\"Elektromonter rozdzielni elektrycznych\" class=\"mail\" style=\"color: #e02b20;\">rekrutacja@zae.pl<\/a><\/span><\/p>\n<p class=\"bodytext\">*Firma zastrzega sobie prawo do odpowiedzi tylko na wybrane oferty.<\/p>\n<p class=\"bodytext\">*W aplikacji prosimy o zamieszczenie klauzuli:<br \/>\u201eWyra\u017cam zgod\u0119 na przetwarzanie moich danych osobowych dla potrzeb procesu rekrutacji (zgodnie z ustaw\u0105 o ochronie danych osobowych z dnia 29.08.1997 r. Dz.U. z 2002 r. Nr 101, poz. 926 z p\u00f3\u017an. zm.)\u201d<\/p>\n<\/div><\/div><\/div><\/div><div class=\"et_pb_row_2 et_pb_row et_pb_equal_columns et_block_row\"><div class=\"et_pb_column_3 et_pb_column et_pb_column_1_2 et_block_column et_pb_css_mix_blend_mode_passthrough preset--module--divi-column--a7ef23f1-f627-4ecd-806a-02d1f07a1abe\"><div class=\"et_pb_heading_1 et_pb_heading et_pb_module et_block_module preset--module--divi-heading--d107d49f-9310-49c1-879e-2085690a8512\"><div class=\"et_pb_heading_container\"><h3 class=\"et_pb_module_header\">In\u017cynier \u2013 Automatyk<\/h3><\/div><\/div><div class=\"et_pb_text_5 et_pb_text et_pb_bg_layout_light et_pb_module et_block_module preset--module--divi-text--9141f592-7022-4cc8-95ec-cef5b8f9ad2b\"><div class=\"et_pb_text_inner\"><p class=\"bodytext\">Do obowi\u0105zk\u00f3w zatrudnionej osoby nale\u017ca\u0142a b\u0119dzie praca w zespole odpowiedzialnym za tworzenie i uruchamianie automatyki obiektowej, ze szczeg\u00f3lnym uwzgl\u0119dnieniem automatyki SZR-owej. Osoba b\u0119dzie odpowiada\u0142a tak\u017ce za wszelkie prace rozwojowe zwi\u0105zane z urz\u0105dzeniami automatyki SZR.<\/p>\n<p class=\"bodytext\"><b>Podstawowe oczekiwania:<\/b><\/p>\n<ul>\n<li>Wykszta\u0142cenie wy\u017csze techniczne w kierunku elektrycznym\/elektronicznym<\/li>\n<li>Uprawnienia elektryczne do 1kV<\/li>\n<li>Umiej\u0119tno\u015b\u0107 programowania sterownik\u00f3w PLC<\/li>\n<li>Bieg\u0142a znajomo\u015b\u0107 obs\u0142ugi komputera \u015brodowisko MS Office, Autocad<\/li>\n<li>Mile widziana znajomo\u015b\u0107 j. angielskiego<\/li>\n<\/ul>\n<p class=\"bodytext\"><b>Oferujemy:<\/b><\/p>\n<ul>\n<li>Prac\u0119 w dynamicznie rozwijaj\u0105cej si\u0119 firmie<\/li>\n<li>Mo\u017cliwo\u015b\u0107 rozwoju zawodowego<\/li>\n<li>Udzia\u0142 w szkoleniach<\/li>\n<\/ul>\n<p class=\"bodytext\">Osoby zainteresowane prosimy o sk\u0142adanie aplikacji wraz z aktualnym CV na adres e-mail<span>\u00a0<\/span><a title=\"zae@zae.pl\" class=\"mail\">zae@zae.pl<\/a><span>\u00a0<\/span>lub na adres biura Sp\u00f3\u0142ki.<\/p>\n<\/div><\/div><\/div><div class=\"et_pb_column_4 et_pb_column et_pb_column_1_2 et-last-child et_block_column et_pb_css_mix_blend_mode_passthrough preset--module--divi-column--a7ef23f1-f627-4ecd-806a-02d1f07a1abe\"><div class=\"et_pb_heading_2 et_pb_heading et_pb_module et_block_module preset--module--divi-heading--d107d49f-9310-49c1-879e-2085690a8512\"><div class=\"et_pb_heading_container\"><h3 class=\"et_pb_module_header\">In\u017cynier - Elektryk<\/h3><\/div><\/div><div class=\"et_pb_text_6 et_pb_text et_pb_bg_layout_light et_pb_module et_block_module preset--module--divi-text--9141f592-7022-4cc8-95ec-cef5b8f9ad2b\"><div class=\"et_pb_text_inner\"><p><span>prosimy o sk\u0142adanie ofert na adres e-mail\u00a0<\/span><a>zae@zae.pl<\/a><span>\u00a0lub na adres biura Sp\u00f3\u0142ki<\/span><br \/><span>Do obowi\u0105zk\u00f3w zatrudnionej osoby nale\u017ca\u0142a b\u0119dzie praca w zespole odpowiedzialnym<\/span><br \/><span>za techniczne prowadzenie prac zwi\u0105zanych z prefabrykacj\u0105 rozdzielni nn, analiza dokumentacji technicznych, wycena projekt\u00f3w oraz wykonywanie ofert. Od oferent\u00f3w oczekuje si\u0119 dyspozycyjno\u015bci, wykszta\u0142cenia wy\u017cszego elektrycznego, umiej\u0119tno\u015bci organizacji czasu pracy, mile widziane do\u015bwiadczenie zawodowe.<\/span><\/p>\n<\/div><\/div><\/div><\/div><\/div>\n","protected":false},"excerpt":{"rendered":"","protected":false},"author":2,"featured_media":0,"parent":0,"menu_order":0,"comment_status":"closed","ping_status":"closed","template":"","meta":{"footnotes":""},"class_list":["post-243","page","type-page","status-publish","hentry"],"_links":{"self":[{"href":"https:\/\/divi.zae.pl\/index.php\/wp-json\/wp\/v2\/pages\/243","targetHints":{"allow":["GET"]}}],"collection":[{"href":"https:\/\/divi.zae.pl\/index.php\/wp-json\/wp\/v2\/pages"}],"about":[{"href":"https:\/\/divi.zae.pl\/index.php\/wp-json\/wp\/v2\/types\/page"}],"author":[{"embeddable":true,"href":"https:\/\/divi.zae.pl\/index.php\/wp-json\/wp\/v2\/users\/2"}],"replies":[{"embeddable":true,"href":"https:\/\/divi.zae.pl\/index.php\/wp-json\/wp\/v2\/comments?post=243"}],"version-history":[{"count":5,"href":"https:\/\/divi.zae.pl\/index.php\/wp-json\/wp\/v2\/pages\/243\/revisions"}],"predecessor-version":[{"id":786,"href":"https:\/\/divi.zae.pl\/index.php\/wp-json\/wp\/v2\/pages\/243\/revisions\/786"}],"wp:attachment":[{"href":"https:\/\/divi.zae.pl\/index.php\/wp-json\/wp\/v2\/media?parent=243"}],"curies":[{"name":"wp","href":"https:\/\/api.w.org\/{rel}","templated":true}]}}