{"id":241,"date":"2025-12-15T11:34:09","date_gmt":"2025-12-15T10:34:09","guid":{"rendered":"https:\/\/divi.zae.pl\/?page_id=241"},"modified":"2026-04-14T13:09:32","modified_gmt":"2026-04-14T11:09:32","slug":"materialy-dodatkowe","status":"publish","type":"page","link":"https:\/\/divi.zae.pl\/index.php\/materialy-dodatkowe\/","title":{"rendered":"Materia\u0142y dodatkowe"},"content":{"rendered":"\n<div class=\"et_pb_section_0 et_pb_section et_section_regular et_block_section preset--module--divi-section--default\"><span class=\"et_pb_background_mask\"><\/span><div class=\"et_pb_row_0 et_pb_row et_block_row\"><div class=\"et_pb_column_0 et_pb_column et_pb_column_4_4 et-last-child et_block_column et_pb_css_mix_blend_mode_passthrough\"><div class=\"et_pb_heading_0 et_pb_heading et_pb_module et_block_module preset--module--divi-heading--a981e6ca-7fd8-45e6-9c38-41ce8df70846\"><div class=\"et_pb_heading_container\"><h1 class=\"et_pb_module_header\">Materia\u0142y dodatkowe<\/h1><\/div><\/div><\/div><\/div><div class=\"et_pb_row_1 et_pb_row et_block_row\"><div class=\"et_pb_column_1 et_pb_column et_pb_column_3_5 et_block_column et_pb_css_mix_blend_mode_passthrough\"><div class=\"et_pb_text_0 et_pb_text et_pb_bg_layout_light et_pb_module et_block_module preset--module--divi-text--default\"><div class=\"et_pb_text_inner\"><h4 class=\"csc-firstHeader\">Prawa autorskie na stronach www.zae.pl<\/h4>\n<\/div><\/div><div class=\"et_pb_text_1 et_pb_text et_pb_bg_layout_light et_pb_module et_block_module preset--module--divi-text--default\"><div class=\"et_pb_text_inner\"><p><b>Wszelkie prawa zastrze\u017cone<\/b><span>.<\/span><br \/><span>\u017baden fragment publikacji (zawarto\u015b\u0107 taka jak: tekst, grafika, logotypy, ikony, obrazy, zdj\u0119cia, pliki audio, wideo, pliki z danymi, prezentacje, programy oraz wszelkie inne dane) prezentowany na stronie www.zae.pl i innych adresach internetowych zale\u017cnych od www.zae.pl nie mo\u017ce by\u0107 powielany lub rozpowszechniany w \u017cadnej formie i w \u017caden spos\u00f3b bez uprzedniego zezwolenia.<\/span><br \/><span>Wszelkie znaki towarowe, znaki graficzne, nazwy w\u0142asne, logotypy i inne dane s\u0105 chronione prawem autorskim i nale\u017c\u0105 do ich w\u0142a\u015bcicieli.<\/span><\/p>\n<\/div><\/div><\/div><div class=\"et_pb_column_2 et_pb_column et_pb_column_2_5 et-last-child et_block_column et_pb_css_mix_blend_mode_passthrough\"><div class=\"et_pb_text_2 et_pb_text et_pb_bg_layout_light et_pb_module et_block_module preset--module--divi-text--default\"><div class=\"et_pb_text_inner\"><div class=\"csc-header csc-header-n2\">\n<h4 style=\"text-align: center;\">Folder firmowy<\/h4>\n<\/div>\n<\/div><\/div><div class=\"et_pb_image_0 et_pb_image et_pb_module et_block_module\"><a href=\"https:\/\/divi.zae.pl\/wp-content\/uploads\/2025\/12\/folder_ZAE.pdf\"><span class=\"et_pb_image_wrap\"><img loading=\"lazy\" decoding=\"async\" src=\"https:\/\/divi.zae.pl\/wp-content\/uploads\/2025\/12\/csm_folder_ZAE_806faa6769.png\" width=\"151\" height=\"200\" srcset=\"https:\/\/divi.zae.pl\/wp-content\/uploads\/2025\/12\/csm_folder_ZAE_806faa6769.png 151w\" sizes=\"(max-width: 151px) 100vw, 151px\" class=\"wp-image-226\" title=\"csm_folder_ZAE_806faa6769\" \/><\/span><\/a><\/div><\/div><\/div><div class=\"et_pb_row_2 et_pb_row et_pb_equal_columns et_block_row\"><div class=\"et_pb_column_3 et_pb_column et_pb_column_2_5 et_block_column et_pb_css_mix_blend_mode_passthrough preset--module--divi-column--a7ef23f1-f627-4ecd-806a-02d1f07a1abe\"><div class=\"et_pb_text_3 et_pb_text et_pb_bg_layout_light et_pb_module et_block_module preset--module--divi-text--default\"><div class=\"et_pb_text_inner\"><h4>Publikacje<\/h4>\n<\/div><\/div><div class=\"et_pb_module et_pb_button_module_wrapper et_pb_button_0_wrapper preset--module--divi-button--default_wrapper\"><a class=\"et_pb_button_0 et_pb_button et_pb_bg_layout_light et_pb_module et_block_module preset--module--divi-button--default\" href=\"https:\/\/divi.zae.pl\/wp-content\/uploads\/2025\/12\/1.2008_-_elektroinfo.pdf\">Publikacja nr 1<\/a><\/div><div class=\"et_pb_module et_pb_button_module_wrapper et_pb_button_1_wrapper preset--module--divi-button--default_wrapper\"><a class=\"et_pb_button_1 et_pb_button et_pb_bg_layout_light et_pb_module et_block_module preset--module--divi-button--default\" href=\"https:\/\/divi.zae.pl\/wp-content\/uploads\/2025\/12\/3.2008_-_elektroinfo.pdf\">Publikacja nr 2<\/a><\/div><div class=\"et_pb_module et_pb_button_module_wrapper et_pb_button_2_wrapper preset--module--divi-button--default_wrapper\"><a class=\"et_pb_button_2 et_pb_button et_pb_bg_layout_light et_pb_module et_block_module preset--module--divi-button--default\" href=\"https:\/\/divi.zae.pl\/wp-content\/uploads\/2025\/12\/4.2008_-_elektroinfo.pdf\">Publikacja nr 3<\/a><\/div><\/div><div class=\"et_pb_column_4 et_pb_column et_pb_column_3_5 et-last-child et_block_column et_pb_css_mix_blend_mode_passthrough\"><div class=\"et_pb_text_4 et_pb_text et_pb_bg_layout_light et_pb_module et_block_module preset--module--divi-text--default\"><div class=\"et_pb_text_inner\"><h4>Materia\u0142y Graficzne<\/h4>\n<\/div><\/div><div class=\"et_pb_gallery_0 et_pb_gallery et_pb_bg_layout_light et_pb_gallery_grid et_pb_module preset--module--divi-gallery--default\" data-auto-rotate=\"off\" data-auto-rotate-speed=\"\"><div class=\"et_pb_gallery_items et_post_gallery clearfix et_grid_module\" data-per_page=\"2\"><div class=\"et_pb_gallery_item et_pb_grid_item et_pb_gallery_item_0_0\"><div class=\"et_pb_gallery_image landscape\" data-per_page=\"2\"><a href=\"https:\/\/divi.zae.pl\/wp-content\/uploads\/2025\/12\/53217_spec_INTROL.png\" title=\"53217_spec_INTROL\"><img loading=\"lazy\" decoding=\"async\" width=\"400\" height=\"284\" src=\"https:\/\/divi.zae.pl\/wp-content\/uploads\/2025\/12\/53217_spec_INTROL-400x284.png\" alt=\"\" class=\"wp-image-662\" srcset=\"https:\/\/divi.zae.pl\/wp-content\/uploads\/2025\/12\/53217_spec_INTROL.png 479w, https:\/\/divi.zae.pl\/wp-content\/uploads\/2025\/12\/53217_spec_INTROL-400x284.png 480w\" sizes=\"(max-width:479px) 479px, 100vw\" \/><span class=\"et_overlay\" data-icon=\"\" data-icon-tablet=\"\" data-icon-phone=\"\"><\/span><\/a><\/div><h3 class=\"et_pb_gallery_title\">53217_spec_INTROL<\/h3><\/div><div class=\"et_pb_gallery_item et_pb_grid_item et_pb_gallery_item_0_1\"><div class=\"et_pb_gallery_image landscape\" data-per_page=\"2\"><a href=\"https:\/\/divi.zae.pl\/wp-content\/uploads\/2025\/12\/AS-Panel-1.png\" title=\"AS-Panel\"><img loading=\"lazy\" decoding=\"async\" width=\"400\" height=\"284\" src=\"https:\/\/divi.zae.pl\/wp-content\/uploads\/2025\/12\/AS-Panel-1-400x284.png\" alt=\"\" class=\"wp-image-663\" srcset=\"https:\/\/divi.zae.pl\/wp-content\/uploads\/2025\/12\/AS-Panel-1.png 479w, https:\/\/divi.zae.pl\/wp-content\/uploads\/2025\/12\/AS-Panel-1-400x284.png 480w\" sizes=\"(max-width:479px) 479px, 100vw\" \/><span class=\"et_overlay\" data-icon=\"\" data-icon-tablet=\"\" data-icon-phone=\"\"><\/span><\/a><\/div><h3 class=\"et_pb_gallery_title\">AS-Panel<\/h3><\/div><div class=\"et_pb_gallery_item et_pb_grid_item et_pb_gallery_item_0_2\"><div class=\"et_pb_gallery_image landscape\" data-per_page=\"2\"><a href=\"https:\/\/divi.zae.pl\/wp-content\/uploads\/2025\/12\/Etykiety.png\" title=\"Etykiety\"><img loading=\"lazy\" decoding=\"async\" width=\"400\" height=\"284\" src=\"https:\/\/divi.zae.pl\/wp-content\/uploads\/2025\/12\/Etykiety-400x284.png\" alt=\"\" class=\"wp-image-664\" srcset=\"https:\/\/divi.zae.pl\/wp-content\/uploads\/2025\/12\/Etykiety.png 479w, https:\/\/divi.zae.pl\/wp-content\/uploads\/2025\/12\/Etykiety-400x284.png 480w\" sizes=\"(max-width:479px) 479px, 100vw\" \/><span class=\"et_overlay\" data-icon=\"\" data-icon-tablet=\"\" data-icon-phone=\"\"><\/span><\/a><\/div><h3 class=\"et_pb_gallery_title\">Etykiety<\/h3><\/div><div class=\"et_pb_gallery_item et_pb_grid_item et_pb_gallery_item_0_3\"><div class=\"et_pb_gallery_image landscape\" data-per_page=\"2\"><a href=\"https:\/\/divi.zae.pl\/wp-content\/uploads\/2025\/12\/Historia.png\" title=\"Historia\"><img loading=\"lazy\" decoding=\"async\" width=\"400\" height=\"284\" src=\"https:\/\/divi.zae.pl\/wp-content\/uploads\/2025\/12\/Historia-400x284.png\" alt=\"\" class=\"wp-image-665\" srcset=\"https:\/\/divi.zae.pl\/wp-content\/uploads\/2025\/12\/Historia.png 479w, https:\/\/divi.zae.pl\/wp-content\/uploads\/2025\/12\/Historia-400x284.png 480w\" sizes=\"(max-width:479px) 479px, 100vw\" \/><span class=\"et_overlay\" data-icon=\"\" data-icon-tablet=\"\" data-icon-phone=\"\"><\/span><\/a><\/div><h3 class=\"et_pb_gallery_title\">Historia<\/h3><\/div><div class=\"et_pb_gallery_item et_pb_grid_item et_pb_gallery_item_0_4\"><div class=\"et_pb_gallery_image landscape\" data-per_page=\"2\"><a href=\"https:\/\/divi.zae.pl\/wp-content\/uploads\/2025\/12\/Odczyt_nastaw.png\" title=\"Odczyt_nastaw\"><img loading=\"lazy\" decoding=\"async\" width=\"400\" height=\"284\" src=\"https:\/\/divi.zae.pl\/wp-content\/uploads\/2025\/12\/Odczyt_nastaw-400x284.png\" alt=\"\" class=\"wp-image-666\" srcset=\"https:\/\/divi.zae.pl\/wp-content\/uploads\/2025\/12\/Odczyt_nastaw.png 479w, https:\/\/divi.zae.pl\/wp-content\/uploads\/2025\/12\/Odczyt_nastaw-400x284.png 480w\" sizes=\"(max-width:479px) 479px, 100vw\" \/><span class=\"et_overlay\" data-icon=\"\" data-icon-tablet=\"\" data-icon-phone=\"\"><\/span><\/a><\/div><h3 class=\"et_pb_gallery_title\">Odczyt_nastaw<\/h3><\/div><div class=\"et_pb_gallery_item et_pb_grid_item et_pb_gallery_item_0_5\"><div class=\"et_pb_gallery_image landscape\" data-per_page=\"2\"><a href=\"https:\/\/divi.zae.pl\/wp-content\/uploads\/2025\/12\/Sterowanie.png\" title=\"Sterowanie\"><img loading=\"lazy\" decoding=\"async\" width=\"400\" height=\"284\" src=\"https:\/\/divi.zae.pl\/wp-content\/uploads\/2025\/12\/Sterowanie-400x284.png\" alt=\"\" class=\"wp-image-667\" srcset=\"https:\/\/divi.zae.pl\/wp-content\/uploads\/2025\/12\/Sterowanie.png 479w, https:\/\/divi.zae.pl\/wp-content\/uploads\/2025\/12\/Sterowanie-400x284.png 480w\" sizes=\"(max-width:479px) 479px, 100vw\" \/><span class=\"et_overlay\" data-icon=\"\" data-icon-tablet=\"\" data-icon-phone=\"\"><\/span><\/a><\/div><h3 class=\"et_pb_gallery_title\">Sterowanie<\/h3><\/div><div class=\"et_pb_gallery_item et_pb_grid_item et_pb_gallery_item_0_6\"><div class=\"et_pb_gallery_image landscape\" data-per_page=\"2\"><a href=\"https:\/\/divi.zae.pl\/wp-content\/uploads\/2025\/12\/Uprawnienia.png\" title=\"Uprawnienia\"><img loading=\"lazy\" decoding=\"async\" width=\"400\" height=\"284\" src=\"https:\/\/divi.zae.pl\/wp-content\/uploads\/2025\/12\/Uprawnienia-400x284.png\" alt=\"\" class=\"wp-image-668\" srcset=\"https:\/\/divi.zae.pl\/wp-content\/uploads\/2025\/12\/Uprawnienia.png 479w, https:\/\/divi.zae.pl\/wp-content\/uploads\/2025\/12\/Uprawnienia-400x284.png 480w\" sizes=\"(max-width:479px) 479px, 100vw\" \/><span class=\"et_overlay\" data-icon=\"\" data-icon-tablet=\"\" data-icon-phone=\"\"><\/span><\/a><\/div><h3 class=\"et_pb_gallery_title\">Uprawnienia<\/h3><\/div><div class=\"et_pb_gallery_item et_pb_grid_item et_pb_gallery_item_0_7\"><div class=\"et_pb_gallery_image landscape\" data-per_page=\"2\"><a href=\"https:\/\/divi.zae.pl\/wp-content\/uploads\/2025\/12\/Wizualizacja.png\" title=\"Wizualizacja\"><img loading=\"lazy\" decoding=\"async\" width=\"400\" height=\"284\" src=\"https:\/\/divi.zae.pl\/wp-content\/uploads\/2025\/12\/Wizualizacja-400x284.png\" alt=\"\" class=\"wp-image-669\" srcset=\"https:\/\/divi.zae.pl\/wp-content\/uploads\/2025\/12\/Wizualizacja.png 479w, https:\/\/divi.zae.pl\/wp-content\/uploads\/2025\/12\/Wizualizacja-400x284.png 480w\" sizes=\"(max-width:479px) 479px, 100vw\" \/><span class=\"et_overlay\" data-icon=\"\" data-icon-tablet=\"\" data-icon-phone=\"\"><\/span><\/a><\/div><h3 class=\"et_pb_gallery_title\">Wizualizacja<\/h3><\/div><\/div><div class=\"et_pb_gallery_pagination\"><\/div><\/div><\/div><\/div><div class=\"et_pb_row_3 et_pb_row et_block_row\"><div class=\"et_pb_column_5 et_pb_column et_pb_column_4_4 et-last-child et_block_column et_pb_css_mix_blend_mode_passthrough\"><div class=\"et_pb_text_5 et_pb_text et_pb_bg_layout_light et_pb_module et_block_module preset--module--divi-text--default\"><div class=\"et_pb_text_inner\"><h4>Materia\u0142y filmowe<\/h4>\n<\/div><\/div><div class=\"et_pb_text_6 et_pb_text et_pb_bg_layout_light et_pb_module et_block_module preset--module--divi-text--default\"><div class=\"et_pb_text_inner\"><p>Pokaz dzia\u0142ania automatyki RZR z panelem dotykowym<\/p>\n<\/div><\/div><\/div><\/div><div class=\"et_pb_row_4 et_pb_row et_block_row\"><div class=\"et_pb_column_6 et_pb_column et_pb_column_1_3 et_block_column et_pb_css_mix_blend_mode_passthrough\"><div class=\"et_pb_module et_pb_button_module_wrapper et_pb_button_3_wrapper preset--module--divi-button--default_wrapper\"><a class=\"et_pb_button_3 et_pb_button et_pb_bg_layout_light et_pb_module et_block_module preset--module--divi-button--default\" href=\"https:\/\/divi.zae.pl\/wp-content\/uploads\/2025\/12\/Historia.avi\">Odczyt historii zdarze\u0144<\/a><\/div><\/div><div class=\"et_pb_column_7 et_pb_column et_pb_column_1_3 et_block_column et_pb_css_mix_blend_mode_passthrough\"><div class=\"et_pb_module et_pb_button_module_wrapper et_pb_button_4_wrapper preset--module--divi-button--default_wrapper\"><a class=\"et_pb_button_4 et_pb_button et_pb_bg_layout_light et_pb_module et_block_module preset--module--divi-button--default\" href=\"https:\/\/divi.zae.pl\/wp-content\/uploads\/2025\/12\/Nastawy.avi\">Nastawy automatu<\/a><\/div><\/div><div class=\"et_pb_column_8 et_pb_column et_pb_column_1_3 et-last-child et_block_column et_pb_css_mix_blend_mode_passthrough\"><div class=\"et_pb_module et_pb_button_module_wrapper et_pb_button_5_wrapper preset--module--divi-button--default_wrapper\"><a class=\"et_pb_button_5 et_pb_button et_pb_bg_layout_light et_pb_module et_block_module preset--module--divi-button--default\" href=\"https:\/\/divi.zae.pl\/wp-content\/uploads\/2025\/12\/Wizualizacja_i_sterowanie.avi\">Wizualizacja i sterowanie<\/a><\/div><\/div><\/div><div class=\"et_pb_row_5 et_pb_row et_block_row\"><div class=\"et_pb_column_9 et_pb_column et_pb_column_4_4 et-last-child et_block_column et_pb_css_mix_blend_mode_passthrough\"><div class=\"et_pb_text_7 et_pb_text et_pb_bg_layout_light et_pb_module et_block_module preset--module--divi-text--default\"><div class=\"et_pb_text_inner\"><h4>Oprogramowanie<\/h4>\n<\/div><\/div><div class=\"et_pb_text_8 et_pb_text et_pb_bg_layout_light et_pb_module et_block_module preset--module--divi-text--default\"><div class=\"et_pb_text_inner\"><p><span>Oprogramowanie wykorzystywane przez nasze produkty.<\/span><\/p>\n<\/div><\/div><\/div><\/div><div class=\"et_pb_row_6 et_pb_row et_block_row\"><div class=\"et_pb_column_10 et_pb_column et_pb_column_1_2 et_block_column et_pb_css_mix_blend_mode_passthrough\"><div class=\"et_pb_module et_pb_button_module_wrapper et_pb_button_6_wrapper preset--module--divi-button--default_wrapper\"><a class=\"et_pb_button_6 et_pb_button et_pb_bg_layout_light et_pb_module et_block_module preset--module--divi-button--default\" href=\"https:\/\/divi.zae.pl\/wp-content\/uploads\/DOP_eRemote_2.00.12.13_APR_16_2015.exe\">Windows<\/a><\/div><\/div><div class=\"et_pb_column_11 et_pb_column et_pb_column_1_2 et-last-child et_block_column et_pb_css_mix_blend_mode_passthrough\"><div class=\"et_pb_module et_pb_button_module_wrapper et_pb_button_7_wrapper preset--module--divi-button--default_wrapper\"><a class=\"et_pb_button_7 et_pb_button et_pb_bg_layout_light et_pb_module et_block_module preset--module--divi-button--default\" href=\"https:\/\/divi.zae.pl\/wp-content\/uploads\/DOP_eRemote_Mobile_1.0.0.9_APR_16_2015.apk\">Android<\/a><\/div><\/div><\/div><\/div>\n","protected":false},"excerpt":{"rendered":"","protected":false},"author":2,"featured_media":0,"parent":0,"menu_order":0,"comment_status":"closed","ping_status":"closed","template":"","meta":{"footnotes":""},"class_list":["post-241","page","type-page","status-publish","hentry"],"_links":{"self":[{"href":"https:\/\/divi.zae.pl\/index.php\/wp-json\/wp\/v2\/pages\/241","targetHints":{"allow":["GET"]}}],"collection":[{"href":"https:\/\/divi.zae.pl\/index.php\/wp-json\/wp\/v2\/pages"}],"about":[{"href":"https:\/\/divi.zae.pl\/index.php\/wp-json\/wp\/v2\/types\/page"}],"author":[{"embeddable":true,"href":"https:\/\/divi.zae.pl\/index.php\/wp-json\/wp\/v2\/users\/2"}],"replies":[{"embeddable":true,"href":"https:\/\/divi.zae.pl\/index.php\/wp-json\/wp\/v2\/comments?post=241"}],"version-history":[{"count":14,"href":"https:\/\/divi.zae.pl\/index.php\/wp-json\/wp\/v2\/pages\/241\/revisions"}],"predecessor-version":[{"id":787,"href":"https:\/\/divi.zae.pl\/index.php\/wp-json\/wp\/v2\/pages\/241\/revisions\/787"}],"wp:attachment":[{"href":"https:\/\/divi.zae.pl\/index.php\/wp-json\/wp\/v2\/media?parent=241"}],"curies":[{"name":"wp","href":"https:\/\/api.w.org\/{rel}","templated":true}]}}