{"id":237,"date":"2025-12-15T11:34:17","date_gmt":"2025-12-15T10:34:17","guid":{"rendered":"https:\/\/divi.zae.pl\/?page_id=237"},"modified":"2026-04-14T13:09:33","modified_gmt":"2026-04-14T11:09:33","slug":"certyfikaty","status":"publish","type":"page","link":"https:\/\/divi.zae.pl\/index.php\/certyfikaty\/","title":{"rendered":"Certyfikaty"},"content":{"rendered":"\n<div class=\"et_pb_section_0 et_pb_section et_section_regular et_block_section preset--module--divi-section--default\"><span class=\"et_pb_background_mask\"><\/span><div class=\"et_pb_row_0 et_pb_row et_block_row\"><div class=\"et_pb_column_0 et_pb_column et_pb_column_4_4 et-last-child et_block_column et_pb_css_mix_blend_mode_passthrough\"><div class=\"et_pb_heading_0 et_pb_heading et_pb_module et_block_module preset--module--divi-heading--a981e6ca-7fd8-45e6-9c38-41ce8df70846\"><div class=\"et_pb_heading_container\"><h1 class=\"et_pb_module_header\">Certyfikaty<\/h1><\/div><\/div><div class=\"et_pb_text_0 et_pb_text et_pb_bg_layout_light et_pb_module et_block_module preset--module--divi-text--default\"><div class=\"et_pb_text_inner\"><p class=\"bodytext\">Urz\u0105dzenia produkowane przez firm\u0119 ZAE Sp. z o. o. zdoby\u0142y uznanie ju\u017c w 1992 roku na 41 \u015awiatowych Targach BRUSSELS EUREKA w Brukseli oraz Mi\u0119dzynarodowych Targach Pozna\u0144skich, a tak\u017ce na Targach Energii i Telekomunikacji we Wroc\u0142awiu oraz na Targach Nowoczesna Technika w Energetyce w Bielsku Bia\u0142ej.<\/p>\n<ul>\n<li>Moeller<\/li>\n<li>SCHRACK<\/li>\n<li>Schneider<\/li>\n<\/ul>\n<\/div><\/div><\/div><\/div><div class=\"et_pb_row_1 et_pb_row et_block_row\"><div class=\"et_pb_column_1 et_pb_column et_pb_column_1_2 et_block_column et_pb_css_mix_blend_mode_passthrough\"><div class=\"et_pb_image_0 et_pb_image et_pb_module et_block_module\"><span class=\"et_pb_image_wrap\"><img loading=\"lazy\" decoding=\"async\" src=\"https:\/\/divi.zae.pl\/wp-content\/uploads\/2025\/12\/legrand.jpg\" width=\"818\" height=\"578\" srcset=\"https:\/\/divi.zae.pl\/wp-content\/uploads\/2025\/12\/legrand.jpg 818w, https:\/\/divi.zae.pl\/wp-content\/uploads\/2025\/12\/legrand-480x339.jpg 480w\" sizes=\"(min-width: 0px) and (max-width: 480px) 480px, (min-width: 481px) 818px, 100vw\" class=\"wp-image-654\" title=\"legrand\" \/><\/span><\/div><\/div><div class=\"et_pb_column_2 et_pb_column et_pb_column_1_2 et-last-child et_block_column et_pb_css_mix_blend_mode_passthrough\"><div class=\"et_pb_image_1 et_pb_image et_pb_module et_block_module\"><span class=\"et_pb_image_wrap\"><img loading=\"lazy\" decoding=\"async\" src=\"https:\/\/divi.zae.pl\/wp-content\/uploads\/2025\/12\/schneider_prisma.jpg\" width=\"1024\" height=\"724\" srcset=\"https:\/\/divi.zae.pl\/wp-content\/uploads\/2025\/12\/schneider_prisma.jpg 1024w, https:\/\/divi.zae.pl\/wp-content\/uploads\/2025\/12\/schneider_prisma-980x693.jpg 980w, https:\/\/divi.zae.pl\/wp-content\/uploads\/2025\/12\/schneider_prisma-480x339.jpg 480w\" sizes=\"(min-width: 0px) and (max-width: 480px) 480px, (min-width: 481px) and (max-width: 980px) 980px, (min-width: 981px) 1024px, 100vw\" class=\"wp-image-656\" title=\"schneider_prisma\" \/><\/span><\/div><\/div><\/div><div class=\"et_pb_row_2 et_pb_row et_block_row\"><div class=\"et_pb_column_3 et_pb_column et_pb_column_1_2 et_block_column et_pb_css_mix_blend_mode_passthrough\"><div class=\"et_pb_image_2 et_pb_image et_pb_module et_block_module\"><span class=\"et_pb_image_wrap\"><img loading=\"lazy\" decoding=\"async\" src=\"https:\/\/divi.zae.pl\/wp-content\/uploads\/2025\/12\/eaton-1.jpg\" width=\"768\" height=\"1024\" srcset=\"https:\/\/divi.zae.pl\/wp-content\/uploads\/2025\/12\/eaton-1.jpg 768w, https:\/\/divi.zae.pl\/wp-content\/uploads\/2025\/12\/eaton-1-480x640.jpg 480w\" sizes=\"(min-width: 0px) and (max-width: 480px) 480px, (min-width: 481px) 768px, 100vw\" class=\"wp-image-653\" title=\"ZAE projekt na szkle\" \/><\/span><\/div><\/div><div class=\"et_pb_column_4 et_pb_column et_pb_column_1_2 et-last-child et_block_column et_pb_css_mix_blend_mode_passthrough\"><div class=\"et_pb_image_3 et_pb_image et_pb_module et_block_module\"><span class=\"et_pb_image_wrap\"><img loading=\"lazy\" decoding=\"async\" src=\"https:\/\/divi.zae.pl\/wp-content\/uploads\/2025\/12\/schneider.jpg\" width=\"718\" height=\"1014\" srcset=\"https:\/\/divi.zae.pl\/wp-content\/uploads\/2025\/12\/schneider.jpg 718w, https:\/\/divi.zae.pl\/wp-content\/uploads\/2025\/12\/schneider-480x678.jpg 480w\" sizes=\"(min-width: 0px) and (max-width: 480px) 480px, (min-width: 481px) 718px, 100vw\" class=\"wp-image-655\" title=\"certyfikaty pnb_2018 podpisane.pdf\" \/><\/span><\/div><\/div><\/div><\/div>\n","protected":false},"excerpt":{"rendered":"","protected":false},"author":2,"featured_media":0,"parent":0,"menu_order":0,"comment_status":"closed","ping_status":"closed","template":"","meta":{"footnotes":""},"class_list":["post-237","page","type-page","status-publish","hentry"],"_links":{"self":[{"href":"https:\/\/divi.zae.pl\/index.php\/wp-json\/wp\/v2\/pages\/237","targetHints":{"allow":["GET"]}}],"collection":[{"href":"https:\/\/divi.zae.pl\/index.php\/wp-json\/wp\/v2\/pages"}],"about":[{"href":"https:\/\/divi.zae.pl\/index.php\/wp-json\/wp\/v2\/types\/page"}],"author":[{"embeddable":true,"href":"https:\/\/divi.zae.pl\/index.php\/wp-json\/wp\/v2\/users\/2"}],"replies":[{"embeddable":true,"href":"https:\/\/divi.zae.pl\/index.php\/wp-json\/wp\/v2\/comments?post=237"}],"version-history":[{"count":5,"href":"https:\/\/divi.zae.pl\/index.php\/wp-json\/wp\/v2\/pages\/237\/revisions"}],"predecessor-version":[{"id":788,"href":"https:\/\/divi.zae.pl\/index.php\/wp-json\/wp\/v2\/pages\/237\/revisions\/788"}],"wp:attachment":[{"href":"https:\/\/divi.zae.pl\/index.php\/wp-json\/wp\/v2\/media?parent=237"}],"curies":[{"name":"wp","href":"https:\/\/api.w.org\/{rel}","templated":true}]}}