{"id":236,"date":"2025-12-15T11:34:26","date_gmt":"2025-12-15T10:34:26","guid":{"rendered":"https:\/\/divi.zae.pl\/?page_id=236"},"modified":"2026-04-14T13:09:33","modified_gmt":"2026-04-14T11:09:33","slug":"profil-dzialalnosci","status":"publish","type":"page","link":"https:\/\/divi.zae.pl\/index.php\/profil-dzialalnosci\/","title":{"rendered":"Profil dzia\u0142alno\u015bci"},"content":{"rendered":"\n<div class=\"et_pb_section_0 et_pb_section et_section_regular et_block_section preset--module--divi-section--default\"><span class=\"et_pb_background_mask\"><\/span><div class=\"et_pb_row_0 et_pb_row et_block_row\"><div class=\"et_pb_column_0 et_pb_column et_pb_column_4_4 et-last-child et_block_column et_pb_css_mix_blend_mode_passthrough\"><div class=\"et_pb_heading_0 et_pb_heading et_pb_module et_block_module preset--module--divi-heading--a981e6ca-7fd8-45e6-9c38-41ce8df70846\"><div class=\"et_pb_heading_container\"><h1 class=\"et_pb_module_header\">Profil dzia\u0142alno\u015bci<\/h1><\/div><\/div><\/div><\/div><div class=\"et_pb_row_1 et_pb_row et_block_row\"><div class=\"et_pb_column_1 et_pb_column et_pb_column_4_4 et-last-child et_block_column et_pb_css_mix_blend_mode_passthrough\"><div class=\"et_pb_text_0 et_pb_text et_pb_bg_layout_light et_pb_module et_block_module preset--module--divi-text--default\"><div class=\"et_pb_text_inner\"><p><span>Zak\u0142ad Automatyki Energetycznej ZAE od 20 lat zajmuje si\u0119 projektowaniem, wytwarzaniem i wdra\u017caniem urz\u0105dze\u0144 automatyki energetycznej. W naszej ofercie znajduj\u0105 si\u0119 urz\u0105dzenia z powodzeniem stosowane w systemach energetyki i elektrowniach od wielu lat. Do\u015bwiadczony zesp\u00f3\u0142 projektant\u00f3w i technik\u00f3w rozwija linie produkt\u00f3w odpowiedzialnych za prze\u0142\u0105czanie zasila\u0144, kontrol\u0119 stanu linii i okablowania energetycznego, pomiary i kontrol\u0119 zwar\u0107 oraz doziemie\u0144.<\/span><br \/><span>Jeste\u015bmy autoryzowanym prefabrykatorem mi\u0119dzy innymi takich firm jak: Moeller Electric, Schrack Energietechnik.<\/span><\/p>\n<\/div><\/div><div class=\"et_pb_text_1 et_pb_text et_pb_bg_layout_light et_pb_module et_block_module preset--module--divi-text--default\"><div class=\"et_pb_text_inner\"><h4>Produkcja urz\u0105dze\u0144 automatyki elektroenergetycznej<\/h4>\n<\/div><\/div><div class=\"et_pb_text_2 et_pb_text et_pb_bg_layout_light et_pb_module et_block_module preset--module--divi-text--default\"><div class=\"et_pb_text_inner\"><ul>\n<li>Automaty do samoczynnego za\u0142\u0105czania rezerwy (SZR) i planowego prze\u0142\u0105czania zasilania RZR<sup>\u00ae<\/sup>;<\/li>\n<li>Wspomagany komputerowo system impulsowej lokalizacji uszkodze\u0144 napowietrznych linii przesy\u0142owych wysokiego napi\u0119cia WKSL<sup>\u00ae<\/sup>;<\/li>\n<li>Sygnalizatory zwar\u0107 w sieciach kablowych<span>\u00a0<\/span><strong>CPZ<sup>\u00ae<\/sup>-3MFS, CPZ<sup>\u00ae<\/sup>-4, CPZ<sup>\u00ae<\/sup>-4Z<\/strong>;<\/li>\n<li>Przek\u0142adniki pr\u0105dowe i napi\u0119ciowe;<\/li>\n<\/ul>\n<\/div><\/div><\/div><\/div><div class=\"et_pb_row_2 et_pb_row et_pb_equal_columns et_block_row\"><div class=\"et_pb_column_2 et_pb_column et_pb_column_1_2 et_block_column et_pb_css_mix_blend_mode_passthrough preset--module--divi-column--a7ef23f1-f627-4ecd-806a-02d1f07a1abe\"><div class=\"et_pb_heading_1 et_pb_heading et_pb_module et_block_module preset--module--divi-heading--d107d49f-9310-49c1-879e-2085690a8512\"><div class=\"et_pb_heading_container\"><h3 class=\"et_pb_module_header\">Us\u0142ugi<\/h3><\/div><\/div><div class=\"et_pb_text_3 et_pb_text et_pb_bg_layout_light et_pb_module et_block_module preset--module--divi-text--9141f592-7022-4cc8-95ec-cef5b8f9ad2b\"><div class=\"et_pb_text_inner\"><ul>\n<li>Wsp\u00f3\u0142praca w zakresie przygotowania i realizacji budowy,<\/li>\n<li>Uruchomienia, testowanie, diagnostyka i kontrola produkowanych urz\u0105dze\u0144 na obiektach energetyki,<\/li>\n<li>Wdro\u017cenia na obiektach energetyki,<\/li>\n<li>Konstruowanie, modernizacja urz\u0105dze\u0144 wg zlece\u0144 klienta energetyki zawodowej,<\/li>\n<li>Prefabrykacja Rozdzielnic nn i Szaf automatyki,<\/li>\n<li>Ocena lokalnych zasob\u00f3w energetycznych wiatru,<\/li>\n<li>Lokalizacja elektrowni wiatrowych,<\/li>\n<li>Wsp\u00f3\u0142praca w zakresie przygotowania i realizacji budowy elektrowni wiatrowych.<\/li>\n<\/ul>\n<\/div><\/div><\/div><div class=\"et_pb_column_3 et_pb_column et_pb_column_1_2 et-last-child et_block_column et_pb_css_mix_blend_mode_passthrough preset--module--divi-column--a7ef23f1-f627-4ecd-806a-02d1f07a1abe\"><div class=\"et_pb_heading_2 et_pb_heading et_pb_module et_block_module preset--module--divi-heading--d107d49f-9310-49c1-879e-2085690a8512\"><div class=\"et_pb_heading_container\"><h3 class=\"et_pb_module_header\">Jako firma posiadaj\u0105ca dzia\u0142 prefabrykacji oferujemy:<\/h3><\/div><\/div><div class=\"et_pb_text_4 et_pb_text et_pb_bg_layout_light et_pb_module et_block_module preset--module--divi-text--9141f592-7022-4cc8-95ec-cef5b8f9ad2b\"><div class=\"et_pb_text_inner\"><ul>\n<li>Systemy rozdzielnic do rozdzia\u0142u du\u017cych mocy w pe\u0142nym zakresie pr\u0105dowym do 4000A wykonanych na podstawie:<br \/>\u00a0-\u00a0 dostarczonej dokumentacji,<br \/>\u00a0-\u00a0 w\u0142asnych projekt\u00f3w,<br \/>\u00a0-\u00a0 indywidualnych uzgodnie\u0144,<\/li>\n<li>Zestawy rozdzielnic nn wyposa\u017cone:<br \/>\u00a0-\u00a0 w uk\u0142ady automatyki SZR w\u0142asnej produkcji,<br \/>\u00a0-\u00a0 analizatory parametr\u00f3w sieci itp.,<br \/>\u00a0- w baterie kondensator\u00f3w do kompensacji mocy biernej;<\/li>\n<li>Zestawy pomiarowo-rozdzielcze dla instalacji zasilaj\u0105cych hale produkcyjne, budynki mieszkalne;<\/li>\n<li>Szafy automatyki i sterowa\u0144<\/li>\n<\/ul>\n<\/div><\/div><\/div><\/div><\/div>\n","protected":false},"excerpt":{"rendered":"","protected":false},"author":2,"featured_media":0,"parent":0,"menu_order":0,"comment_status":"closed","ping_status":"closed","template":"","meta":{"footnotes":""},"class_list":["post-236","page","type-page","status-publish","hentry"],"_links":{"self":[{"href":"https:\/\/divi.zae.pl\/index.php\/wp-json\/wp\/v2\/pages\/236","targetHints":{"allow":["GET"]}}],"collection":[{"href":"https:\/\/divi.zae.pl\/index.php\/wp-json\/wp\/v2\/pages"}],"about":[{"href":"https:\/\/divi.zae.pl\/index.php\/wp-json\/wp\/v2\/types\/page"}],"author":[{"embeddable":true,"href":"https:\/\/divi.zae.pl\/index.php\/wp-json\/wp\/v2\/users\/2"}],"replies":[{"embeddable":true,"href":"https:\/\/divi.zae.pl\/index.php\/wp-json\/wp\/v2\/comments?post=236"}],"version-history":[{"count":4,"href":"https:\/\/divi.zae.pl\/index.php\/wp-json\/wp\/v2\/pages\/236\/revisions"}],"predecessor-version":[{"id":789,"href":"https:\/\/divi.zae.pl\/index.php\/wp-json\/wp\/v2\/pages\/236\/revisions\/789"}],"wp:attachment":[{"href":"https:\/\/divi.zae.pl\/index.php\/wp-json\/wp\/v2\/media?parent=236"}],"curies":[{"name":"wp","href":"https:\/\/api.w.org\/{rel}","templated":true}]}}