{"id":207,"date":"2025-12-12T13:01:18","date_gmt":"2025-12-12T12:01:18","guid":{"rendered":"https:\/\/divi.zae.pl\/?page_id=207"},"modified":"2026-04-14T13:09:31","modified_gmt":"2026-04-14T11:09:31","slug":"przekladniki","status":"publish","type":"page","link":"https:\/\/divi.zae.pl\/index.php\/przekladniki\/","title":{"rendered":"Przek\u0142adniki"},"content":{"rendered":"\n<div class=\"et_pb_section_0 et_pb_section et_section_regular et_block_section et_pb_section_parallax preset--module--divi-section--0e7d6864-b36a-4f5e-ac0b-7b50cabab208\"><span class=\"et-pb-parallax-wrapper\"><span class=\"et-pb-parallax-background et-pb-parallax-background-module--divi-section-0\" style=\"background-image:url(https:\/\/divi.zae.pl\/wp-content\/uploads\/2025\/12\/electrician-02.jpg)\"><\/span><span class=\"et_parallax_gradient\" style=\"background-image:linear-gradient(190deg, rgba(20,36,51,0.6) 0%,#0b1926 80% 100%)\"><\/span><\/span><div class=\"et_pb_row_0 et_pb_row et_block_row\"><div class=\"et_pb_column_0 et_pb_column et_pb_column_4_4 et-last-child et_block_column et_pb_css_mix_blend_mode_passthrough\"><div class=\"et_pb_heading_0 et_pb_heading et_pb_module et_block_module preset--module--divi-heading--ddeb8c09-9078-4424-bc15-2efb6572e28e\"><div class=\"et_pb_heading_container\"><h1 class=\"et_pb_module_header\">Przek\u0142adniki AZWO - IZPO<\/h1><\/div><\/div><\/div><\/div><\/div><div class=\"et_pb_section_1 et_pb_section et_section_regular et_block_section preset--module--divi-section--default\"><div class=\"et_pb_row_1 et_pb_row et_block_row\"><div class=\"et_pb_column_1 et_pb_column et_pb_column_1_2 et_block_column et_pb_css_mix_blend_mode_passthrough\"><div class=\"et_pb_module et_pb_button_module_wrapper et_pb_button_0_wrapper preset--module--divi-button--default_wrapper\"><a class=\"et_pb_button_0 et_pb_button et_pb_bg_layout_light et_pb_module et_block_module preset--module--divi-button--default\" href=\"https:\/\/divi.zae.pl\/index.php\/azwo\/?et_fb=1&#038;PageSpeed=off\">AZWO<\/a><\/div><div class=\"et_pb_module et_pb_button_module_wrapper et_pb_button_1_wrapper preset--module--divi-button--default_wrapper\"><a class=\"et_pb_button_1 et_pb_button et_pb_bg_layout_light et_pb_module et_block_module preset--module--divi-button--default\" href=\"https:\/\/divi.zae.pl\/index.php\/izpo\/\">IZPO<\/a><\/div><div class=\"et_pb_module et_pb_button_module_wrapper et_pb_button_2_wrapper preset--module--divi-button--default_wrapper\"><a class=\"et_pb_button_2 et_pb_button et_pb_bg_layout_light et_pb_module et_block_module preset--module--divi-button--default\" href=\"\">Pobierz kart\u0119 katalogow\u0105<\/a><\/div><\/div><div class=\"et_pb_column_2 et_pb_column et_pb_column_1_2 et-last-child et_block_column et_pb_css_mix_blend_mode_passthrough\"><div class=\"et_pb_text_0 et_pb_text et_pb_bg_layout_light et_pb_module et_block_module preset--module--divi-text--default\"><div class=\"et_pb_text_inner\"><p class=\"bodytext\">Przek\u0142adniki pr\u0105dowe po\u015brednicz\u0105ce typu IZPO przeznaczone s\u0105 do wsp\u00f3\u0142pracy z przek\u0142adnikami g\u0142\u00f3wnymi. S\u0142u\u017c\u0105 do po\u015bredniego zasilania aparat\u00f3w, kt\u00f3rych pr\u0105d znamionowy r\u00f3\u017cni si\u0119 od pr\u0105du przek\u0142adnika g\u0142\u00f3wnego.<\/p>\n<p class=\"bodytext\">Autotransformatory pr\u0105dowe wyr\u00f3wnawcze jednofazowe typu AZWO przeznaczone s\u0105 do wsp\u00f3\u0142pracy z przek\u0142adnikami g\u0142\u00f3wnymi. Zalecane w obwodach zabezpiecze\u0144 zr\u00f3\u017cnicowanych transformator\u00f3w mocy.<\/p>\n<\/div><\/div><\/div><\/div><\/div>\n","protected":false},"excerpt":{"rendered":"","protected":false},"author":2,"featured_media":0,"parent":0,"menu_order":0,"comment_status":"closed","ping_status":"closed","template":"","meta":{"footnotes":""},"class_list":["post-207","page","type-page","status-publish","hentry"],"_links":{"self":[{"href":"https:\/\/divi.zae.pl\/index.php\/wp-json\/wp\/v2\/pages\/207","targetHints":{"allow":["GET"]}}],"collection":[{"href":"https:\/\/divi.zae.pl\/index.php\/wp-json\/wp\/v2\/pages"}],"about":[{"href":"https:\/\/divi.zae.pl\/index.php\/wp-json\/wp\/v2\/types\/page"}],"author":[{"embeddable":true,"href":"https:\/\/divi.zae.pl\/index.php\/wp-json\/wp\/v2\/users\/2"}],"replies":[{"embeddable":true,"href":"https:\/\/divi.zae.pl\/index.php\/wp-json\/wp\/v2\/comments?post=207"}],"version-history":[{"count":10,"href":"https:\/\/divi.zae.pl\/index.php\/wp-json\/wp\/v2\/pages\/207\/revisions"}],"predecessor-version":[{"id":784,"href":"https:\/\/divi.zae.pl\/index.php\/wp-json\/wp\/v2\/pages\/207\/revisions\/784"}],"wp:attachment":[{"href":"https:\/\/divi.zae.pl\/index.php\/wp-json\/wp\/v2\/media?parent=207"}],"curies":[{"name":"wp","href":"https:\/\/api.w.org\/{rel}","templated":true}]}}