{"id":142,"date":"2025-12-12T12:34:57","date_gmt":"2025-12-12T11:34:57","guid":{"rendered":"https:\/\/divi.zae.pl\/?page_id=142"},"modified":"2026-04-14T13:09:30","modified_gmt":"2026-04-14T11:09:30","slug":"serwis","status":"publish","type":"page","link":"https:\/\/divi.zae.pl\/index.php\/serwis\/","title":{"rendered":"Serwis"},"content":{"rendered":"\n<div class=\"et_pb_section_0 et_pb_section et_section_regular et_block_section preset--module--divi-section--0e7d6864-b36a-4f5e-ac0b-7b50cabab208\"><div class=\"et_pb_row_0 et_pb_row et_block_row\"><div class=\"et_pb_column_0 et_pb_column et_pb_column_4_4 et-last-child et_block_column et_pb_css_mix_blend_mode_passthrough\"><div class=\"et_pb_heading_0 et_pb_heading et_pb_module et_block_module preset--module--divi-heading--a981e6ca-7fd8-45e6-9c38-41ce8df70846\"><div class=\"et_pb_heading_container\"><h1 class=\"et_pb_module_header\">Serwis<\/h1><\/div><\/div><div class=\"et_pb_text_0 et_pb_text et_pb_bg_layout_light et_pb_module et_block_module et_pb_text_align_center preset--module--divi-text--9141f592-7022-4cc8-95ec-cef5b8f9ad2b\"><div class=\"et_pb_text_inner\"><p><span>Fundamentem pierwszorz\u0119dnego serwisu jest w\u0142a\u015bciwy poziom wykszta\u0142cenia pracownik\u00f3w. W tym zakresie jeste\u015bmy wierni tej samej zasadzie co przy konstruowaniu i produkcji naszych urz\u0105dze\u0144: najwy\u017csze wymagania co do jako\u015bci, niezawodna sta\u0142o\u015b\u0107 i precyzyjne badania.<\/span><\/p>\n<\/div><\/div><div class=\"et_pb_heading_1 et_pb_heading et_pb_module et_block_module preset--module--divi-heading--d107d49f-9310-49c1-879e-2085690a8512\"><div class=\"et_pb_heading_container\"><h3 class=\"et_pb_module_header\">71 795 50 11<\/h3><\/div><\/div><\/div><\/div><\/div><div class=\"et_pb_section_1 et_pb_section et_section_regular et_block_section preset--module--divi-section--default\"><div class=\"et_pb_row_1 et_pb_row et_pb_row_4col et_block_row et_block_row_4col\"><div class=\"et_pb_column_1 et_pb_column et_pb_column_1_4 et_block_column et_pb_css_mix_blend_mode_passthrough\"><div class=\"et_pb_module et_pb_button_module_wrapper et_pb_button_0_wrapper preset--module--divi-button--default_wrapper\"><a class=\"et_pb_button_0 et_pb_button et_pb_bg_layout_light et_pb_module et_block_module preset--module--divi-button--default\" href=\"https:\/\/divi.zae.pl\/index.php\/serwis-automatyki-szr\/\">Serwis automatyki SZR<\/a><\/div><\/div><div class=\"et_pb_column_2 et_pb_column et_pb_column_1_4 et_block_column et_pb_css_mix_blend_mode_passthrough\"><div class=\"et_pb_module et_pb_button_module_wrapper et_pb_button_1_wrapper preset--module--divi-button--default_wrapper\"><a class=\"et_pb_button_1 et_pb_button et_pb_bg_layout_light et_pb_module et_block_module preset--module--divi-button--default\" href=\"https:\/\/divi.zae.pl\/index.php\/serwis-elektrowni-wiatrowych\/\">Serwis elektrowni wiatrowych<\/a><\/div><\/div><div class=\"et_pb_column_3 et_pb_column et_pb_column_1_4 et_block_column et_pb_css_mix_blend_mode_passthrough\"><div class=\"et_pb_module et_pb_button_module_wrapper et_pb_button_2_wrapper preset--module--divi-button--default_wrapper\"><a class=\"et_pb_button_2 et_pb_button et_pb_bg_layout_light et_pb_module et_block_module preset--module--divi-button--default\" href=\"https:\/\/divi.zae.pl\/index.php\/serwis-sygnalizatorow-cpz\/\">Serwis sygnalizator\u00f3w CPZ<\/a><\/div><\/div><div class=\"et_pb_column_4 et_pb_column et_pb_column_1_4 et-last-child et_block_column et_pb_css_mix_blend_mode_passthrough\"><div class=\"et_pb_module et_pb_button_module_wrapper et_pb_button_3_wrapper preset--module--divi-button--default_wrapper\"><a class=\"et_pb_button_3 et_pb_button et_pb_bg_layout_light et_pb_module et_block_module preset--module--divi-button--default\" href=\"https:\/\/divi.zae.pl\/index.php\/pomiary-elektryczne\/\">Pomiary elektryczne<\/a><\/div><\/div><\/div><div class=\"et_pb_row_2 et_pb_row et_pb_row_4col et_block_row et_block_row_4col\"><div class=\"et_pb_column_5 et_pb_column et_pb_column_1_4 et_block_column et_pb_css_mix_blend_mode_passthrough\"><div class=\"et_pb_module et_pb_button_module_wrapper et_pb_button_4_wrapper preset--module--divi-button--default_wrapper\"><a class=\"et_pb_button_4 et_pb_button et_pb_bg_layout_light et_pb_module et_block_module preset--module--divi-button--default\" href=\"https:\/\/divi.zae.pl\/index.php\/czyszczenie-regulacja-testy-i-konserwacja\/\">Czyszczenie, regulacja, testy i konserwacja<\/a><\/div><\/div><div class=\"et_pb_column_6 et_pb_column et_pb_column_1_4 et_block_column et_pb_css_mix_blend_mode_passthrough\"><div class=\"et_pb_module et_pb_button_module_wrapper et_pb_button_5_wrapper preset--module--divi-button--default_wrapper\"><a class=\"et_pb_button_5 et_pb_button et_pb_bg_layout_light et_pb_module et_block_module preset--module--divi-button--default\" href=\"https:\/\/divi.zae.pl\/index.php\/modernizacja-instalacji-i-urzadzen-elektrycznych\/\">Modernizacja instalacji i urz\u0105dze\u0144 elektrycznych<\/a><\/div><\/div><div class=\"et_pb_column_7 et_pb_column et_pb_column_1_4 et_block_column et_pb_css_mix_blend_mode_passthrough\"><div class=\"et_pb_module et_pb_button_module_wrapper et_pb_button_6_wrapper preset--module--divi-button--default_wrapper\"><a class=\"et_pb_button_6 et_pb_button et_pb_bg_layout_light et_pb_module et_block_module preset--module--divi-button--default\" href=\"https:\/\/divi.zae.pl\/index.php\/nadzor-eksploatacyjny-instalacji-i-urzadzen-elektrycznych-obiektow\/\">Nadz\u00f3r eksploatacyjny instalacji i urz\u0105dze\u0144 elektrycznych obiekt\u00f3w<\/a><\/div><\/div><div class=\"et_pb_column_8 et_pb_column et_pb_column_1_4 et-last-child et_block_column et_pb_css_mix_blend_mode_passthrough\"><div class=\"et_pb_module et_pb_button_module_wrapper et_pb_button_7_wrapper preset--module--divi-button--default_wrapper\"><a class=\"et_pb_button_7 et_pb_button et_pb_bg_layout_light et_pb_module et_block_module preset--module--divi-button--default\" href=\"https:\/\/divi.zae.pl\/index.php\/doradztwo-techniczne\/\">Doradztwo techniczne<\/a><\/div><\/div><\/div><div class=\"et_pb_row_3 et_pb_row et_block_row\"><div class=\"et_pb_column_9 et_pb_column et_pb_column_4_4 et-last-child et_block_column et_pb_css_mix_blend_mode_passthrough\"><div class=\"et_pb_text_1 et_pb_text et_pb_bg_layout_light et_pb_module et_block_module preset--module--divi-text--default\"><div class=\"et_pb_text_inner\"><h4>Naszym klientom zapewniamy:<\/h4>\n<\/div><\/div><div class=\"et_pb_text_2 et_pb_text et_pb_bg_layout_light et_pb_module et_block_module preset--module--divi-text--default\"><div class=\"et_pb_text_inner\"><ul>\n<li>serwis i wsparcie klienta,<\/li>\n<li>wysok\u0105 jako\u015b\u0107 oferowanych us\u0142ug,<\/li>\n<li>skuteczno\u015b\u0107 opracowanych rozwi\u0105za\u0144,<\/li>\n<li>mi\u0119dzynarodowe standardy techniczne,<\/li>\n<li>bezpiecze\u0144stwo i niezawodno\u015b\u0107 naszych produkt\u00f3w,<\/li>\n<li>bogate zaplecze techniczne,<\/li>\n<li>doradztwo i szkolenia.<\/li>\n<\/ul>\n<p class=\"align-justify\">Tworzymy, serwisujemy, modernizujemy i doradzamy w dziedzinie instalacji elektrycznych zak\u0142ad\u00f3w przemys\u0142owych i us\u0142ugowych, budynk\u00f3w u\u017cyteczno\u015bci publicznej, szk\u00f3\u0142, szpitali i innych. Dzia\u0142amy na ju\u017c istniej\u0105cych instalacjach, pomo\u017cemy tak\u017ce zrealizowa\u0107 Twoj\u0105 inwestycj\u0119. Administratorom budynk\u00f3w proponujemy szereg rozwi\u0105za\u0144 obni\u017caj\u0105cych koszty eksploatacji zwi\u0105zanych ze zu\u017cyciem energii elektrycznej.<\/p>\n<p class=\"align-justify\">Obs\u0142uga budynku, kt\u00f3ry posiadasz lub u\u017cytkujesz ju\u017c nie musi by\u0107 dla Ciebie problemem \u2013 Serwis ZAE wychodz\u0105c naprzeciw oczekiwaniom swoich Klient\u00f3w oferuje kompleksow\u0105 obs\u0142ug\u0119 obiekt\u00f3w.<\/p>\n<\/div><\/div><div class=\"et_pb_text_3 et_pb_text et_pb_bg_layout_light et_pb_module et_block_module preset--module--divi-text--default\"><div class=\"et_pb_text_inner\"><h4>Umowa serwisowa<\/h4>\n<\/div><\/div><div class=\"et_pb_text_4 et_pb_text et_pb_bg_layout_light et_pb_module et_block_module preset--module--divi-text--default\"><div class=\"et_pb_text_inner\"><p class=\"align-justify\"><span>Jedn\u0105 z form dzia\u0142ania naszego Serwisu jest\u00a0<b>\u015bwiadczenie obs\u0142ugi technicznej w oparciu o sta\u0142e umowy serwisowe<\/b>. Jest to najkorzystniejsze dla Klienta rozwi\u0105zanie, gdy\u017c taka umowa gwarantuje zwi\u0119kszenie bezpiecze\u0144stwa pracy instalacji elektrycznej jednocze\u015bnie pozwalaj\u0105c na planowanie wydatk\u00f3w zwi\u0105zanych z jej eksploatacj\u0105 oraz\u00a0\u00a0na obni\u017cenie koszt\u00f3w. Umowa serwisowa okre\u015bla zakres \u015bwiadczonych us\u0142ug i wymagane czasy reakcji.<\/span><\/p>\n<p class=\"bodytext\">Umowa serwisowa do dobry pomys\u0142 z wieloma zaletami:<\/p>\n<ul>\n<li>zyskuj\u0105 Pa\u0144stwo wi\u0119ksze oszcz\u0119dno\u015bci czasu i pieni\u0119dzy,<\/li>\n<li>szybki czas reakcji i usuni\u0119cia awarii,<\/li>\n<li>efektywna praca z najnowsz\u0105 technik\u0105,<\/li>\n<li>minimalizacja ryzyka napraw,<\/li>\n<li>pe\u0142na gwarancja,<\/li>\n<li>pe\u0142na satysfakcja.<\/li>\n<\/ul>\n<\/div><\/div><\/div><\/div><\/div>\n","protected":false},"excerpt":{"rendered":"","protected":false},"author":2,"featured_media":0,"parent":0,"menu_order":0,"comment_status":"closed","ping_status":"closed","template":"","meta":{"footnotes":""},"class_list":["post-142","page","type-page","status-publish","hentry"],"_links":{"self":[{"href":"https:\/\/divi.zae.pl\/index.php\/wp-json\/wp\/v2\/pages\/142","targetHints":{"allow":["GET"]}}],"collection":[{"href":"https:\/\/divi.zae.pl\/index.php\/wp-json\/wp\/v2\/pages"}],"about":[{"href":"https:\/\/divi.zae.pl\/index.php\/wp-json\/wp\/v2\/types\/page"}],"author":[{"embeddable":true,"href":"https:\/\/divi.zae.pl\/index.php\/wp-json\/wp\/v2\/users\/2"}],"replies":[{"embeddable":true,"href":"https:\/\/divi.zae.pl\/index.php\/wp-json\/wp\/v2\/comments?post=142"}],"version-history":[{"count":9,"href":"https:\/\/divi.zae.pl\/index.php\/wp-json\/wp\/v2\/pages\/142\/revisions"}],"predecessor-version":[{"id":780,"href":"https:\/\/divi.zae.pl\/index.php\/wp-json\/wp\/v2\/pages\/142\/revisions\/780"}],"wp:attachment":[{"href":"https:\/\/divi.zae.pl\/index.php\/wp-json\/wp\/v2\/media?parent=142"}],"curies":[{"name":"wp","href":"https:\/\/api.w.org\/{rel}","templated":true}]}}