{"id":140,"date":"2025-12-12T12:34:57","date_gmt":"2025-12-12T11:34:57","guid":{"rendered":"https:\/\/divi.zae.pl\/?page_id=140"},"modified":"2026-04-14T13:09:30","modified_gmt":"2026-04-14T11:09:30","slug":"rozdzielnice-nn","status":"publish","type":"page","link":"https:\/\/divi.zae.pl\/index.php\/rozdzielnice-nn\/","title":{"rendered":"Rozdzielnice nn"},"content":{"rendered":"\n<div class=\"et_pb_section_0 et_pb_section et_section_regular et_block_section preset--module--divi-section--default\"><span class=\"et_pb_background_mask\"><\/span><div class=\"et_pb_row_0 et_pb_row et_block_row\"><div class=\"et_pb_column_0 et_pb_column et_pb_column_4_4 et-last-child et_block_column et_pb_css_mix_blend_mode_passthrough\"><div class=\"et_pb_text_0 et_pb_text et_pb_bg_layout_light et_pb_module et_block_module preset--module--divi-text--default\"><div class=\"et_pb_text_inner\"><h1>Rozdzielnice nn<\/h1>\n<\/div><\/div><\/div><\/div><div class=\"et_pb_row_1 et_pb_row et_block_row et_animated et_clickable\"><div class=\"et_pb_column_1 et_pb_column et_pb_column_4_4 et-last-child et_block_column et_pb_css_mix_blend_mode_passthrough\"><div class=\"et_pb_module et_pb_button_module_wrapper et_pb_button_0_wrapper preset--module--divi-button--default_wrapper\"><a class=\"et_pb_button_0 et_pb_button et_pb_bg_layout_light et_pb_module et_block_module preset--module--divi-button--default\" href=\"https:\/\/divi.zae.pl\/wp-content\/uploads\/2025\/12\/szafy-1-1.pdf\">Pobierz kart\u0119 katalogow\u0105<\/a><\/div><\/div><\/div><div class=\"et_pb_row_2 et_pb_row et_block_row\"><div class=\"et_pb_column_2 et_pb_column et_pb_column_2_5 et_block_column et_pb_css_mix_blend_mode_passthrough\"><div class=\"et_pb_text_1 et_pb_text et_pb_bg_layout_light et_pb_module et_block_module preset--module--divi-text--default\"><div class=\"et_pb_text_inner\"><p><b>SZAFY AUTOMATYKI I STEROWANIA, ROZDZIELNICE ZASILAJ\u0104CE nn<\/b><\/p>\n<\/div><\/div><div class=\"et_pb_text_2 et_pb_text et_pb_bg_layout_light et_pb_module et_block_module preset--module--divi-text--default\"><div class=\"et_pb_text_inner\"><p class=\"bodytext\">Jako firma posiadaj\u0105ca dzia\u0142 prefabrykacji oferujemy:<\/p>\n<ul>\n<li>Systemy rozdzielnic do rozdzia\u0142u du\u017cych mocy.<\/li>\n<li>Zestawy rozdzielnic nn.<\/li>\n<li>Zestawy pomiarowo-rozdzielcze dla instalacji zasilaj\u0105cych hale produkcyjne, budynki mieszkalne.<\/li>\n<li>Szafy automatyki i sterowa\u0144.<\/li>\n<\/ul>\n<\/div><\/div><div class=\"et_pb_image_0 et_pb_image et_pb_module et_block_module\"><span class=\"et_pb_image_wrap\"><img loading=\"lazy\" decoding=\"async\" src=\"https:\/\/divi.zae.pl\/wp-content\/uploads\/2025\/12\/prefabrykacja_2_optimized.jpg\" width=\"1896\" height=\"2104\" srcset=\"https:\/\/divi.zae.pl\/wp-content\/uploads\/2025\/12\/prefabrykacja_2_optimized.jpg 1896w, https:\/\/divi.zae.pl\/wp-content\/uploads\/2025\/12\/prefabrykacja_2_optimized-1280x1420.jpg 1280w, https:\/\/divi.zae.pl\/wp-content\/uploads\/2025\/12\/prefabrykacja_2_optimized-980x1088.jpg 980w, https:\/\/divi.zae.pl\/wp-content\/uploads\/2025\/12\/prefabrykacja_2_optimized-480x533.jpg 480w\" sizes=\"(min-width: 0px) and (max-width: 480px) 480px, (min-width: 481px) and (max-width: 980px) 980px, (min-width: 981px) and (max-width: 1280px) 1280px, (min-width: 1281px) 1896px, 100vw\" class=\"wp-image-326\" title=\"prefabrykacja_2_optimized\" \/><\/span><\/div><\/div><div class=\"et_pb_column_3 et_pb_column et_pb_column_3_5 et-last-child et_block_column et_pb_css_mix_blend_mode_passthrough\"><div class=\"et_pb_image_1 et_pb_image et_pb_module et_block_module preset--module--divi-image--2586f1e8-fe17-40b4-853b-9c01d50277a4\"><span class=\"et_pb_image_wrap\"><img loading=\"lazy\" decoding=\"async\" src=\"https:\/\/divi.zae.pl\/wp-content\/uploads\/2025\/12\/prefabrykacja_1_optimized-scaled.jpg\" width=\"2560\" height=\"1920\" srcset=\"https:\/\/divi.zae.pl\/wp-content\/uploads\/2025\/12\/prefabrykacja_1_optimized-scaled.jpg 2560w, https:\/\/divi.zae.pl\/wp-content\/uploads\/2025\/12\/prefabrykacja_1_optimized-1280x960.jpg 1280w, https:\/\/divi.zae.pl\/wp-content\/uploads\/2025\/12\/prefabrykacja_1_optimized-980x735.jpg 980w, https:\/\/divi.zae.pl\/wp-content\/uploads\/2025\/12\/prefabrykacja_1_optimized-480x360.jpg 480w\" sizes=\"(min-width: 0px) and (max-width: 480px) 480px, (min-width: 481px) and (max-width: 980px) 980px, (min-width: 981px) and (max-width: 1280px) 1280px, (min-width: 1281px) 2560px, 100vw\" class=\"wp-image-329\" title=\"prefabrykacja_1_optimized\" \/><\/span><\/div><div class=\"et_pb_heading_0 et_pb_heading et_pb_module et_block_module preset--module--divi-heading--default\"><div class=\"et_pb_heading_container\"><\/div><\/div><div class=\"et_pb_text_3 et_pb_text et_pb_bg_layout_light et_pb_module et_block_module preset--module--divi-text--default\"><div class=\"et_pb_text_inner\"><p><b>Firma ZAE w swojej ofercie proponuje us\u0142ugi prefabrykacyjne<\/b><\/p>\n<\/div><\/div><div class=\"et_pb_text_4 et_pb_text et_pb_bg_layout_light et_pb_module et_block_module preset--module--divi-text--default\"><div class=\"et_pb_text_inner\"><ul>\n<li>Systemy rozdzielnic do rozdzia\u0142u du\u017cych mocy w pe\u0142nym zakresie pr\u0105dowym do 4000A wykonanych na podstawie:\n<ul>\n<li>dostarczonej dokumentacji,<\/li>\n<li>w\u0142asnych projekt\u00f3w,<\/li>\n<li>indywidualnych uzgodnie\u0144,<\/li>\n<\/ul>\n<p class=\"bodytext\">\n<\/li>\n<li>Zestawy rozdzielnic nn wyposa\u017cone:\n<ul>\n<li>w uk\u0142ady automatyki SZR,<\/li>\n<li>analizatory parametr\u00f3w sieci itp.,<\/li>\n<li>w baterie kondensator\u00f3w do kompensacji mocy biernej;<\/li>\n<\/ul>\n<p class=\"bodytext\">\n<\/li>\n<li>Zestawy pomiarowo-rozdzielcze dla instalacji zasilaj\u0105cych hale produkcyjne, budynki mieszkalne;<\/li>\n<li>Szafy automatyki i sterowa\u0144<br \/>Cz\u0119\u015b\u0107 elektryczna szaf wykonywana jest w oparciu o dokumentacj\u0119 dostarczon\u0105 przez zleceniodawc\u0119 oraz wg okre\u015blonych wymaga\u0144 co do wymiar\u00f3w gabarytowych obudowy, jej cech funkcjonalnych, stopnia ochrony IP, kolorystyki i og\u00f3lnych zalece\u0144 dotycz\u0105cych rozmieszczenia aparatury i wi\u0105zek przewod\u00f3w.<\/li>\n<\/ul>\n<\/div><\/div><\/div><\/div><div class=\"et_pb_row_3 et_pb_row et_pb_equal_columns et_block_row\"><div class=\"et_pb_column_4 et_pb_column et_pb_column_2_3 et_block_column et_pb_css_mix_blend_mode_passthrough preset--module--divi-column--a7ef23f1-f627-4ecd-806a-02d1f07a1abe\"><div class=\"et_pb_heading_1 et_pb_heading et_pb_module et_block_module preset--module--divi-heading--d107d49f-9310-49c1-879e-2085690a8512\"><div class=\"et_pb_heading_container\"><h3 class=\"et_pb_module_header\">Jako\u015b\u0107 \u015bwiadczonych us\u0142ug<\/h3><\/div><\/div><div class=\"et_pb_text_5 et_pb_text et_pb_bg_layout_light et_pb_module et_block_module preset--module--divi-text--9141f592-7022-4cc8-95ec-cef5b8f9ad2b\"><div class=\"et_pb_text_inner\"><p>Jeste\u015bmy autoryzowanym prefabrykatorem mi\u0119dzy innymi takich firm jak: <b>Moeller Electric, Schrack Energietechnik, Schneider Electric.<\/b><\/p>\n<p class=\"bodytext\">Bazuj\u0105c na rozwi\u0105zaniach renomowanych producent\u00f3w: Legrand, Moeller, Schrack, Schneider Electric, Hager, ABB itp. realizujemy projekty zgodnie z najwy\u017cszymi standardami.<\/p>\n<p class=\"bodytext\">Zlecenia wykonujemy szybko\u00a0 i solidnie z uwzgl\u0119dnieniem indywidualnych \u017cycze\u0144 Klienta oraz zgodnie z wymogami zak\u0142ad\u00f3w Energetycznych.<\/p>\n<\/div><\/div><\/div><div class=\"et_pb_column_5 et_pb_column et_pb_column_1_3 et-last-child et_block_column et_pb_css_mix_blend_mode_passthrough\"><div class=\"et_pb_image_2 et_pb_image et_pb_module et_block_module\"><span class=\"et_pb_image_wrap\"><img loading=\"lazy\" decoding=\"async\" src=\"https:\/\/divi.zae.pl\/wp-content\/uploads\/2025\/12\/prefabrykacja_3_optimized.jpg\" width=\"958\" height=\"1277\" srcset=\"https:\/\/divi.zae.pl\/wp-content\/uploads\/2025\/12\/prefabrykacja_3_optimized.jpg 958w, https:\/\/divi.zae.pl\/wp-content\/uploads\/2025\/12\/prefabrykacja_3_optimized-480x640.jpg 480w\" sizes=\"(min-width: 0px) and (max-width: 480px) 480px, (min-width: 481px) 958px, 100vw\" class=\"wp-image-328\" title=\"prefabrykacja_3_optimized\" \/><\/span><\/div><\/div><\/div><\/div>\n","protected":false},"excerpt":{"rendered":"","protected":false},"author":2,"featured_media":0,"parent":0,"menu_order":0,"comment_status":"closed","ping_status":"closed","template":"","meta":{"footnotes":""},"class_list":["post-140","page","type-page","status-publish","hentry"],"_links":{"self":[{"href":"https:\/\/divi.zae.pl\/index.php\/wp-json\/wp\/v2\/pages\/140","targetHints":{"allow":["GET"]}}],"collection":[{"href":"https:\/\/divi.zae.pl\/index.php\/wp-json\/wp\/v2\/pages"}],"about":[{"href":"https:\/\/divi.zae.pl\/index.php\/wp-json\/wp\/v2\/types\/page"}],"author":[{"embeddable":true,"href":"https:\/\/divi.zae.pl\/index.php\/wp-json\/wp\/v2\/users\/2"}],"replies":[{"embeddable":true,"href":"https:\/\/divi.zae.pl\/index.php\/wp-json\/wp\/v2\/comments?post=140"}],"version-history":[{"count":28,"href":"https:\/\/divi.zae.pl\/index.php\/wp-json\/wp\/v2\/pages\/140\/revisions"}],"predecessor-version":[{"id":779,"href":"https:\/\/divi.zae.pl\/index.php\/wp-json\/wp\/v2\/pages\/140\/revisions\/779"}],"wp:attachment":[{"href":"https:\/\/divi.zae.pl\/index.php\/wp-json\/wp\/v2\/media?parent=140"}],"curies":[{"name":"wp","href":"https:\/\/api.w.org\/{rel}","templated":true}]}}