{"id":138,"date":"2025-12-12T12:34:57","date_gmt":"2025-12-12T11:34:57","guid":{"rendered":"https:\/\/divi.zae.pl\/?page_id=138"},"modified":"2026-04-14T14:23:47","modified_gmt":"2026-04-14T12:23:47","slug":"firma-2","status":"publish","type":"page","link":"https:\/\/divi.zae.pl\/","title":{"rendered":"Firma"},"content":{"rendered":"<div class=\"et_pb_section_0 et_pb_section et_section_regular et_block_section preset--module--divi-section--0e7d6864-b36a-4f5e-ac0b-7b50cabab208\">\n<div class=\"et_pb_row_0 et_pb_row et_block_row\">\n<div class=\"et_pb_column_0 et_pb_column et_pb_column_4_4 et-last-child et_block_column et_pb_css_mix_blend_mode_passthrough\">\n<div class=\"et_pb_heading_0 et_pb_heading et_pb_module et_block_module preset--module--divi-heading--a981e6ca-7fd8-45e6-9c38-41ce8df70846\"><div class=\"et_pb_heading_container\"><h1 class=\"et_pb_module_header\">Zak\u0142ad Automatyki Energetycznej ZAE<\/h1><\/div><\/div>\n<\/div>\n<\/div>\n<\/div>\n\n<div class=\"et_pb_section_1 et_pb_section et_section_regular et_block_section preset--module--divi-section--default\"><span class=\"et_pb_background_mask\"><\/span>\n<div class=\"et_pb_row_1 et_pb_row et_pb_row_5col et_block_row et_block_row_5col\">\n<div class=\"et_pb_column_1 et_pb_column et_pb_column_1_5 et_block_column et_pb_css_mix_blend_mode_passthrough\">\n<div class=\"et_pb_module et_pb_button_module_wrapper et_pb_button_0_wrapper preset--module--divi-button--default_wrapper\"><a class=\"et_pb_button_0 et_pb_button et_pb_bg_layout_light et_pb_module et_block_module preset--module--divi-button--default\" href=\"https:\/\/divi.zae.pl\/index.php\/historia-2\/\">Historia<\/a><\/div>\n<\/div>\n\n<div class=\"et_pb_column_2 et_pb_column et_pb_column_1_5 et_block_column et_pb_css_mix_blend_mode_passthrough\">\n<div class=\"et_pb_module et_pb_button_module_wrapper et_pb_button_1_wrapper preset--module--divi-button--default_wrapper\"><a class=\"et_pb_button_1 et_pb_button et_pb_bg_layout_light et_pb_module et_block_module preset--module--divi-button--default\" href=\"https:\/\/divi.zae.pl\/index.php\/profil-dzialalnosci\/\">Profil dzia\u0142alno\u015bci<\/a><\/div>\n<\/div>\n\n<div class=\"et_pb_column_3 et_pb_column et_pb_column_1_5 et_block_column et_pb_css_mix_blend_mode_passthrough\">\n<div class=\"et_pb_module et_pb_button_module_wrapper et_pb_button_2_wrapper preset--module--divi-button--default_wrapper\"><a class=\"et_pb_button_2 et_pb_button et_pb_bg_layout_light et_pb_module et_block_module preset--module--divi-button--default\" href=\"https:\/\/divi.zae.pl\/index.php\/certyfikaty\/\">Certyfikaty<\/a><\/div>\n<\/div>\n\n<div class=\"et_pb_column_4 et_pb_column et_pb_column_1_5 et_block_column et_pb_css_mix_blend_mode_passthrough\">\n<div class=\"et_pb_module et_pb_button_module_wrapper et_pb_button_3_wrapper preset--module--divi-button--default_wrapper\"><a class=\"et_pb_button_3 et_pb_button et_pb_bg_layout_light et_pb_module et_block_module preset--module--divi-button--default\" href=\"https:\/\/divi.zae.pl\/index.php\/materialy-dodatkowe\/\">Materia\u0142y dodatkowe<\/a><\/div>\n<\/div>\n\n<div class=\"et_pb_column_5 et_pb_column et_pb_column_1_5 et-last-child et_block_column et_pb_css_mix_blend_mode_passthrough\">\n<div class=\"et_pb_module et_pb_button_module_wrapper et_pb_button_4_wrapper preset--module--divi-button--default_wrapper\"><a class=\"et_pb_button_4 et_pb_button et_pb_bg_layout_light et_pb_module et_block_module preset--module--divi-button--default\" href=\"https:\/\/divi.zae.pl\/index.php\/praca\/\">Praca<\/a><\/div>\n<\/div>\n<\/div>\n\n<div class=\"et_pb_row_2 et_pb_row et_block_row\">\n<div class=\"et_pb_column_6 et_pb_column et_pb_column_4_4 et-last-child et_block_column et_pb_css_mix_blend_mode_passthrough\">\n<div class=\"et_pb_text_0 et_pb_text et_pb_bg_layout_light et_pb_module et_block_module preset--module--divi-text--default\"><div class=\"et_pb_text_inner\"><h4>Firma<\/h4>\n<\/div><\/div>\n\n<div class=\"et_pb_text_1 et_pb_text et_pb_bg_layout_light et_pb_module et_block_module preset--module--divi-text--default\"><div class=\"et_pb_text_inner\"><div id=\"c2\" class=\"csc-default\">\n<p class=\"bodytext\"><span style=\"color: #000000;\">Zak\u0142ad Automatyki Energetycznej ZAE od 20 lat zajmuje si\u0119 projektowaniem, wytwarzaniem i wdra\u017caniem urz\u0105dze\u0144 automatyki energetycznej. W naszej ofercie znajduj\u0105 si\u0119 urz\u0105dzenia z powodzeniem stosowane w systemach energetyki i elektrowniach od wielu lat. Do\u015bwiadczony zesp\u00f3\u0142 projektant\u00f3w i technik\u00f3w rozwija linie produkt\u00f3w odpowiedzialnych za prze\u0142\u0105czanie zasila\u0144, kontrol\u0119 stanu linii i okablowania energetycznego, pomiary i kontrol\u0119 zwar\u0107 oraz doziemnie\u0144. W ofercie znajduj\u0105 si\u0119 r\u00f3wnie\u017c systemy i wyposa\u017cenie zak\u0142ad\u00f3w energetycznych np. szafy, rozdzielnice, przek\u0142adniki pr\u0105dowe i napi\u0119ciowe.<\/span><\/p>\n<p class=\"bodytext\">\n<\/div>\n<div id=\"c884\" class=\"csc-default\">\n<h3><span style=\"color: #000000; font-size: large;\"><\/span><\/h3>\n<h3><span style=\"color: #000000; font-size: large;\">Wdro\u017cenie w ZAE Sp. z o.o. technologii \u015brodowiskowych, w tym zwi\u0105zanych z gospodark\u0105 obiegu zamkni\u0119tego.<\/span><\/h3>\n<p><span style=\"color: #000000;\">Realizowany w ramach Krajowego Plan Odbudowy i Zwi\u0119kszania Odporno\u015bci, Priorytet Odporno\u015b\u0107 i konkurencyjno\u015b\u0107 gospodarki - cz\u0119\u015b\u0107 grantowa, Dzia\u0142anie A2.2.1. Inwestycje we wdra\u017canie technologii i innowacji \u015brodowiskowych, w tym zwi\u0105zanych z GOZ.<\/span><\/p>\n<p><span style=\"color: #000000;\">\u00a0<span style=\"font-size: 16px;\">Przedmiotem planowanego przedsi\u0119wzi\u0119cia jest wdro\u017cenie zaawansowanych technologii \u015brodowiskowych w przedsi\u0119biorstwie ZAE Sp. z o.o., poprzez zakup nowoczesnych maszyn do produkcji element\u00f3w miedzianych do rozdzielnic elektrycznych. Dzi\u0119ki tej inwestycji mo\u017cliwe b\u0119dzie zredukowanie zu\u017cycia energii elektrycznej, zmniejszenie emisji CO2 czy te\u017c zoptymalizowanie zu\u017cycia surowc\u00f3w w procesie produkcji.<\/span><\/span><\/p>\n<p><span style=\"color: #000000;\">W\u015br\u00f3d spodziewanych rezultat\u00f3w projektu nale\u017cy wskaza\u0107 przede wszystkim:<\/span><\/p>\n<p><span style=\"color: #000000;\">1. Lepsz\u0105 gospodark\u0119 materia\u0142ow\u0105 - dzi\u0119ki precyzyjnym technologiom obr\u00f3bki materia\u0142owej, kt\u00f3re oferuj\u0105 nowe maszyny, mo\u017cliwe b\u0119dzie efektywniejsze wykorzystanie surowc\u00f3w i zredukowanie ilo\u015b\u0107 odpad\u00f3w produkcyjnych.<\/span><br \/><span style=\"color: #000000;\">2. Zwi\u0119kszenie efektywno\u015bci energetycznej - dzi\u0119ki inwestycji zostanie zredukowane zu\u017cycie energii w procesie produkcyjnym.<\/span><br \/><span style=\"color: #000000;\">3. Zmiana filozofii firmy w kierunku zero waste - poprzez minimalizacj\u0119 ilo\u015bci odpad\u00f3w, efektywne zarz\u0105dzanie surowcami i zoptymalizowanie proces\u00f3w produkcyjnych.<\/span><\/p>\n<p><span style=\"color: #000000;\">Projekt obejmuje r\u00f3wnie\u017c dzia\u0142ania edukacyjne i szkoleniowe skierowane do pracownik\u00f3w, kt\u00f3re maj\u0105 na celu zwi\u0119kszenie ich \u015bwiadomo\u015bci ekologicznej oraz zaanga\u017cowanie w dzia\u0142ania pro\u015brodowiskowe.<\/span><\/p>\n<p><span style=\"color: #000000;\">Realizacja projektu b\u0119dzie obejmowa\u0107 zakup maszyn, kt\u00f3re zapewni\u0105 minimalizacj\u0119 strat surowc\u00f3w oraz optymalizacj\u0119 proces\u00f3w produkcyjnych. Dodatkowo w ramach projektu planowane jest nabycie us\u0142ug doradczo-szkoleniowych, pozwalaj\u0105cych na maksymalizacj\u0119 efekt\u00f3w projektu i transformacj\u0119 przedsi\u0119biorstwa w kierunku bardziej przyjaznego \u015brodowisku.<\/span><\/p>\n<p><span style=\"color: #000000;\">Ca\u0142kowity koszt realizacji przedsi\u0119wzi\u0119cia wynosi: 2 002 288,47 z\u0142<\/span><\/p>\n<p><span style=\"color: #000000;\">Warto\u015b\u0107 dofinansowania z UE wynosi: 1 306 184,16 z\u0142<\/span><\/p>\n<p><span style=\"color: #000000;\">#KPO<\/span><br \/><span style=\"color: #000000;\">#NestGenerationEU<\/span><br \/><span style=\"color: #000000;\">#FunduszeEuropejskie<\/span><\/p>\n<\/div>\n<\/div><\/div>\n<\/div>\n<\/div>\n\n<div class=\"et_pb_row_3 et_pb_row et_block_row\">\n<div class=\"et_pb_column_7 et_pb_column et_pb_column_4_4 et-last-child et_block_column et_pb_css_mix_blend_mode_passthrough\">\n<div class=\"et_pb_text_2 et_pb_text et_pb_bg_layout_light et_pb_module et_block_module preset--module--divi-text--default\"><div class=\"et_pb_text_inner\"><p>Your content goes here. Edit or remove this text inline or in the module Content settings. You can also style every aspect of this content in the module Design settings and even apply custom CSS to this text in the module Advanced settings.<\/p>\n<\/div><\/div>\n<\/div>\n<\/div>\n\n<div class=\"et_pb_row_4 et_pb_row et_block_row\">\n<div class=\"et_pb_column_8 et_pb_column et_pb_column_4_4 et-last-child et_block_column et_pb_css_mix_blend_mode_passthrough\">\n<div class=\"et_pb_image_0 et_pb_image et_pb_module et_block_module\"><span class=\"et_pb_image_wrap\"><img loading=\"lazy\" decoding=\"async\" src=\"https:\/\/divi.zae.pl\/wp-content\/uploads\/2025\/12\/unia.jpg\" width=\"1386\" height=\"177\" srcset=\"https:\/\/divi.zae.pl\/wp-content\/uploads\/2025\/12\/unia.jpg 1386w, https:\/\/divi.zae.pl\/wp-content\/uploads\/2025\/12\/unia-1280x163.jpg 1280w, https:\/\/divi.zae.pl\/wp-content\/uploads\/2025\/12\/unia-980x125.jpg 980w, https:\/\/divi.zae.pl\/wp-content\/uploads\/2025\/12\/unia-480x61.jpg 480w\" sizes=\"(min-width: 0px) and (max-width: 480px) 480px, (min-width: 481px) and (max-width: 980px) 980px, (min-width: 981px) and (max-width: 1280px) 1280px, (min-width: 1281px) 1386px, 100vw\" class=\"wp-image-225\" title=\"unia\" \/><\/span><\/div>\n<\/div>\n<\/div>\n\n<div class=\"et_pb_row_5 et_pb_row et_block_row\">\n<div class=\"et_pb_column_9 et_pb_column et_pb_column_4_4 et-last-child et_block_column et_pb_css_mix_blend_mode_passthrough\">\n<div class=\"et_pb_image_1 et_pb_image et_pb_module et_block_module\"><span class=\"et_pb_image_wrap\"><img loading=\"lazy\" decoding=\"async\" src=\"https:\/\/divi.zae.pl\/wp-content\/uploads\/2025\/12\/csm_ue_c4443b5143.jpg\" width=\"730\" height=\"105\" srcset=\"https:\/\/divi.zae.pl\/wp-content\/uploads\/2025\/12\/csm_ue_c4443b5143.jpg 730w, https:\/\/divi.zae.pl\/wp-content\/uploads\/2025\/12\/csm_ue_c4443b5143-480x69.jpg 480w\" sizes=\"(min-width: 0px) and (max-width: 480px) 480px, (min-width: 481px) 730px, 100vw\" class=\"wp-image-229\" title=\"csm_ue_c4443b5143\" \/><\/span><\/div>\n<\/div>\n<\/div>\n<\/div>\n\n<div class=\"et_pb_section_2 et_pb_section et_section_regular et_block_section preset--module--divi-section--default\"><span class=\"et_pb_background_mask\"><\/span>\n<div class=\"et_pb_row_6 et_pb_row et_block_row preset--module--divi-row--00c04b1b-8b26-4936-b21a-ea1494f290ce\">\n<div class=\"et_pb_column_10 et_pb_column et_pb_column_4_4 et-last-child et_block_column et_pb_css_mix_blend_mode_passthrough\">\n<div class=\"et_pb_text_3 et_pb_text et_pb_bg_layout_light et_pb_module et_block_module preset--module--divi-text--default\"><div class=\"et_pb_text_inner\"><p class=\"bodytext\"><span style=\"color: #000000;\">Przedsi\u0119biorstwo ZAE SP\u00d3\u0141KA Z OGRANICZON\u0104 ODPOWIEDZIALNO\u015aCI\u0104 otrzyma\u0142o dofinansowanie na realizacj\u0119 projektu ze \u015brodk\u00f3w Europejskiego Funduszu Rozwoju Regionalnego w ramach Regionalnego Programu Operacyjnego Wojew\u00f3dztwa Dolno\u015bl\u0105skiego 2014-2020, Dzia\u0142anie 1.2 Innowacyjne przedsi\u0119biorstwa, Poddzia\u0142anie 1.2.1 Innowacyjne przedsi\u0119biorstwa \u2013 konkurs horyzontalny.<\/span><\/p>\n<p class=\"bodytext\"><span style=\"color: #000000;\"><b>Tytu\u0142 projektu:<\/b><\/span><\/p>\n<p class=\"bodytext\"><span style=\"color: #000000;\">\u201ePrzeprowadzenie prac badawczo-rozwojowych przez ZAE Sp. z o.o. w celu opracowania systemu zdalnego nadzoru i monitorowania parametr\u00f3w w sieciach kablowych i linii napowietrznych \u015bredniego napi\u0119cia z mo\u017cliwo\u015bci\u0105 prewencyjnej analizy\u201d<\/span><\/p>\n<p class=\"bodytext\"><span style=\"color: #000000;\"><b>Cele projektu:<\/b><\/span><\/p>\n<p class=\"bodytext\"><span style=\"color: #000000;\">G\u0142\u00f3wnym celem projektu jest opracowanie prototypu systemu (urz\u0105dzenia + oprogramowanie) zdalnego nadzoru i monitorowania parametr\u00f3w w sieciach kablowych i linii napowietrznych \u015bredniego napi\u0119cia z mo\u017cliwo\u015bci\u0105 prewencyjnej analizy przy wykorzystaniu nowoczesnych technik pomiarowych w my\u015bl idei \u201eSmart Grid\u201d.<\/span><\/p>\n<p class=\"bodytext\"><span style=\"color: #000000;\"><b>Planowane efekty:<\/b><\/span><\/p>\n<p class=\"bodytext\"><span style=\"color: #000000;\">Realizacja celu doprowadzi do minimalizacji wyst\u0119powania oraz skr\u00f3cenia czasu usuni\u0119cia wyst\u0119puj\u0105cych awarii przez zwarcia na liniach kablowych i napowietrznych \u015bredniego napi\u0119cia przez s\u0142u\u017cby serwisowe, a tym samym zapewnienie wysokiej jako\u015bci dostaw u\u017cytkownikom ko\u0144cowym. Wynikiem tego b\u0119dzie obni\u017canie wska\u017anik\u00f3w czas\u00f3w awarii okre\u015blanych za pomoc\u0105 parametru SAIDI oraz SAIFI, kt\u00f3re raportowane s\u0105 do Urz\u0119du Regulacji Energetycznej przez zak\u0142ady energetyczne.<\/span><\/p>\n<p class=\"bodytext\"><span style=\"color: #000000;\">Warto\u015b\u0107 projektu: 4 023 845,33 PLN<\/span><\/p>\n<p class=\"bodytext\"><span style=\"color: #000000;\">Warto\u015b\u0107 dofinansowania: 2 582 375,50 PLN<\/span><\/p>\n<\/div><\/div>\n<\/div>\n<\/div>\n\n<div class=\"et_pb_row_7 et_pb_row et_block_row\">\n<div class=\"et_pb_column_11 et_pb_column et_pb_column_4_4 et-last-child et_block_column et_pb_css_mix_blend_mode_passthrough\">\n<div class=\"et_pb_text_4 et_pb_text et_pb_bg_layout_light et_pb_module et_block_module preset--module--divi-text--default\"><div class=\"et_pb_text_inner\"><p style=\"text-align: center;\"><strong>Zostali\u015bmy wyr\u00f3znieni na mi\u0119dzynarodowych targach<\/strong><\/p>\n<\/div><\/div>\n\n<div class=\"et_pb_image_2 et_pb_image et_pb_module et_block_module\"><a href=\"https:\/\/divi.zae.pl\/index.php\/cpz-4z\/\"><span class=\"et_pb_image_wrap\"><img loading=\"lazy\" decoding=\"async\" src=\"https:\/\/divi.zae.pl\/wp-content\/uploads\/2025\/12\/csm_targi4_0e883b1a99.jpg\" width=\"400\" height=\"252\" srcset=\"https:\/\/divi.zae.pl\/wp-content\/uploads\/2025\/12\/csm_targi4_0e883b1a99.jpg 400w, https:\/\/divi.zae.pl\/wp-content\/uploads\/2025\/12\/csm_targi4_0e883b1a99-300x189.jpg 300w\" sizes=\"(max-width: 400px) 100vw, 400px\" class=\"wp-image-228\" title=\"csm_targi4_0e883b1a99\" \/><\/span><\/a><\/div>\n<\/div>\n<\/div>\n\n<div class=\"et_pb_row_8 et_pb_row et_pb_row_3-4_1-4 et_block_row et_block_row_3-4_1-4\">\n<div class=\"et_pb_column_12 et_pb_column et_pb_column_3_4 et_block_column et_pb_css_mix_blend_mode_passthrough\">\n<div class=\"et_pb_text_5 et_pb_text et_pb_bg_layout_light et_pb_module et_block_module preset--module--divi-text--default\"><div class=\"et_pb_text_inner\"><p><b>Dolno\u015bl\u0105ski Gryf<\/b><span>\u00a0jest najbardziej presti\u017cowym wyr\u00f3\u017cnieniem biznesowym i gospodarczym na Dolnym \u015al\u0105sku. Do Konkursu mog\u0105 stawa\u0107 przedsi\u0119biorstwa i jednostki samorz\u0105du terytorialnego z regionu. W Kapitule Konkursu zasiadaj\u0105 wybitni przedstawiciele \u015bwiata biznesu, polityki i nauki, m.in.<\/span><br \/><span>\u2022\u00a0\u00a0\u00a0\u00a0\u00a0\u00a0\u00a0 prof.dr hab. Bogus\u0142aw Fiedor \u2013 Prorektor ds. Wsp\u00f3\u0142pracy z Zagranic\u0105 Uniwersytetu Ekonomicznego we Wroc\u0142awiu<\/span><br \/><span>\u2022\u00a0\u00a0\u00a0\u00a0\u00a0\u00a0\u00a0 prof. dr hab. Marek Bojarski \u2013 Rektor Uniwersytetu Wroc\u0142awskiego<\/span><br \/><span>\u2022\u00a0\u00a0\u00a0\u00a0\u00a0\u00a0\u00a0 Rafa\u0142 Dutkiewicz \u2013 Prezydent Wroc\u0142awia<\/span><br \/><span>\u2022\u00a0\u00a0\u00a0\u00a0\u00a0\u00a0\u00a0 prof.dr hab. Stefan Forlicz \u2013 Rektor Wy\u017cszej Szko\u0142y Bankowej we Wroc\u0142awiu<\/span><br \/><span>\u2022\u00a0\u00a0\u00a0\u00a0\u00a0\u00a0\u00a0 prof. dr hab. Andrzej Gospodarowicz \u2013 Rektor Uniwersytetu Ekonomicznego we Wroc\u0142awiu<\/span><br \/><span>\u2022\u00a0\u00a0\u00a0\u00a0\u00a0\u00a0\u00a0 Stanis\u0142aw Han \u2013 Prezes Hasco \u2013 Lek S.A.<\/span><br \/><span>\u2022\u00a0\u00a0\u00a0\u00a0\u00a0\u00a0\u00a0 Stanis\u0142aw Huskowski \u2013 Wiceminister Administracji i Cyfryzacji, Pose\u0142 na Sejm RP<\/span><br \/><span>\u2022\u00a0\u00a0\u00a0\u00a0\u00a0\u00a0\u00a0 prof. dr hab. Roman Ko\u0142acz \u2013 Rektor Uniwersytetu Przyrodniczego we Wroc\u0142awiu<\/span><br \/><span>\u2022\u00a0\u00a0\u00a0\u00a0\u00a0\u00a0\u00a0 Grzegorz Kubacki -Wiceprezes Zwi\u0105zku Pracodawc\u00f3w Polska Mied\u017a, Prezes Zarz\u0105du Centrum Bada\u0144 Jako\u015bci Sp. z o.o.<\/span><br \/><span>\u2022\u00a0\u00a0\u00a0\u00a0\u00a0\u00a0\u00a0 Zbigniew \u0141adzi\u0144ski \u2013 Prezes Dolno\u015bl\u0105skiej Izby Rzemie\u015blniczej<\/span><br \/><span>\u2022\u00a0\u00a0\u00a0\u00a0\u00a0\u00a0\u00a0 Leszek Mierzwa \u2013 Dyrektor Naczelny ds. Nadzoru Korporacyjnego w KGHM Polska Mied\u017a SA<\/span><br \/><span>\u2022\u00a0\u00a0\u00a0\u00a0\u00a0\u00a0\u00a0 prof. dr hab. Marian Noga \u2013 b. Cz\u0142onek RPP, Dyrektor Instytutu Wsp\u00f3\u0142pracy z Biznesem WSB we Wroc\u0142awiu<\/span><br \/><span>\u2022\u00a0\u00a0\u00a0\u00a0\u00a0\u00a0\u00a0 Ryszard Petru \u2013 Przewodnicz\u0105cy Towarzystwa Ekonomist\u00f3w Polskich<\/span><br \/><span>\u2022\u00a0\u00a0\u00a0\u00a0\u00a0\u00a0\u00a0 Cezary Przybylski \u2013 Marsza\u0142ek Wojew\u00f3dztwa Dolno\u015bl\u0105skiego<\/span>.<\/p>\n<\/div><\/div>\n<\/div>\n\n<div class=\"et_pb_column_13 et_pb_column et_pb_column_1_4 et-last-child et_block_column et_pb_css_mix_blend_mode_passthrough\">\n<div class=\"et_pb_image_3 et_pb_image et_pb_module et_block_module\"><span class=\"et_pb_image_wrap\"><img loading=\"lazy\" decoding=\"async\" src=\"https:\/\/divi.zae.pl\/wp-content\/uploads\/2025\/12\/csm_Gryf_d89fd73358-1.jpg\" width=\"230\" height=\"150\" srcset=\"https:\/\/divi.zae.pl\/wp-content\/uploads\/2025\/12\/csm_Gryf_d89fd73358-1.jpg 230w\" sizes=\"(max-width: 230px) 100vw, 230px\" class=\"wp-image-230\" title=\"csm_Gryf_d89fd73358\" \/><\/span><\/div>\n\n<div class=\"et_pb_image_4 et_pb_image et_pb_module et_block_module\"><span class=\"et_pb_image_wrap\"><img loading=\"lazy\" decoding=\"async\" src=\"https:\/\/divi.zae.pl\/wp-content\/uploads\/2025\/12\/csm_Gryf_nominacja_4fa09a376f.jpg\" width=\"140\" height=\"200\" srcset=\"https:\/\/divi.zae.pl\/wp-content\/uploads\/2025\/12\/csm_Gryf_nominacja_4fa09a376f.jpg 140w\" sizes=\"(max-width: 140px) 100vw, 140px\" class=\"wp-image-231\" title=\"csm_Gryf_nominacja_4fa09a376f\" \/><\/span><\/div>\n<\/div>\n<\/div>\n\n<div class=\"et_pb_row_9 et_pb_row et_block_row\">\n<div class=\"et_pb_column_14 et_pb_column et_pb_column_1_3 et_block_column et_pb_css_mix_blend_mode_passthrough\">\n<div class=\"et_pb_text_6 et_pb_text et_pb_bg_layout_light et_pb_module et_block_module preset--module--divi-text--default\"><div class=\"et_pb_text_inner\"><h4 style=\"text-align: center;\">Folder firmowy<\/h4>\n<\/div><\/div>\n\n<div class=\"et_pb_image_5 et_pb_image et_pb_module et_block_module\"><a href=\"https:\/\/divi.zae.pl\/wp-content\/uploads\/2025\/12\/folder_ZAE.pdf\"><span class=\"et_pb_image_wrap\"><img loading=\"lazy\" decoding=\"async\" src=\"https:\/\/divi.zae.pl\/wp-content\/uploads\/2025\/12\/csm_folder_ZAE_806faa6769.png\" width=\"151\" height=\"200\" srcset=\"https:\/\/divi.zae.pl\/wp-content\/uploads\/2025\/12\/csm_folder_ZAE_806faa6769.png 151w\" sizes=\"(max-width: 151px) 100vw, 151px\" class=\"wp-image-226\" title=\"csm_folder_ZAE_806faa6769\" \/><\/span><\/a><\/div>\n<\/div>\n\n<div class=\"et_pb_column_15 et_pb_column et_pb_column_1_3 et_block_column et_pb_css_mix_blend_mode_passthrough\">\n<div class=\"et_pb_text_7 et_pb_text et_pb_bg_layout_light et_pb_module et_block_module preset--module--divi-text--default\"><div class=\"et_pb_text_inner\"><h4 style=\"text-align: center;\">Serwis<\/h4>\n<\/div><\/div>\n\n<div class=\"et_pb_text_8 et_pb_text et_pb_bg_layout_light et_pb_module et_block_module preset--module--divi-text--default\"><div class=\"et_pb_text_inner\"><p style=\"text-align: center;\"><span>Zapraszamy do zapoznania si\u0119 z ofert\u0105 Serwisu.<\/span><\/p>\n<\/div><\/div>\n\n<div class=\"et_pb_module et_pb_button_module_wrapper et_pb_button_5_wrapper preset--module--divi-button--default_wrapper\"><a class=\"et_pb_button_5 et_pb_button et_pb_bg_layout_light et_pb_module et_block_module preset--module--divi-button--default\" href=\"https:\/\/divi.zae.pl\/index.php\/serwis\/\">Przejd\u017a do serwisu<\/a><\/div>\n<\/div>\n\n<div class=\"et_pb_column_16 et_pb_column et_pb_column_1_3 et-last-child et_block_column et_pb_css_mix_blend_mode_passthrough\">\n<div class=\"et_pb_text_9 et_pb_text et_pb_bg_layout_light et_pb_module et_block_module preset--module--divi-text--default\"><div class=\"et_pb_text_inner\"><h4 style=\"text-align: center;\">Poszukujemy pracownik\u00f3w<\/h4>\n<\/div><\/div>\n\n<div class=\"et_pb_text_10 et_pb_text et_pb_bg_layout_light et_pb_module et_block_module preset--module--divi-text--default\"><div class=\"et_pb_text_inner\"><p style=\"text-align: center;\"><span>Zapraszamy do zapoznania si\u0119 z ofertami pracy.<\/span><\/p>\n<\/div><\/div>\n\n<div class=\"et_pb_module et_pb_button_module_wrapper et_pb_button_6_wrapper preset--module--divi-button--default_wrapper\"><a class=\"et_pb_button_6 et_pb_button et_pb_bg_layout_light et_pb_module et_block_module preset--module--divi-button--default\" href=\"https:\/\/divi.zae.pl\/index.php\/praca\/\">przejd\u017a do ofert<\/a><\/div>\n<\/div>\n<\/div>\n<\/div>","protected":false},"excerpt":{"rendered":"","protected":false},"author":2,"featured_media":0,"parent":0,"menu_order":0,"comment_status":"closed","ping_status":"closed","template":"","meta":{"footnotes":""},"class_list":["post-138","page","type-page","status-publish","hentry"],"_links":{"self":[{"href":"https:\/\/divi.zae.pl\/index.php\/wp-json\/wp\/v2\/pages\/138","targetHints":{"allow":["GET"]}}],"collection":[{"href":"https:\/\/divi.zae.pl\/index.php\/wp-json\/wp\/v2\/pages"}],"about":[{"href":"https:\/\/divi.zae.pl\/index.php\/wp-json\/wp\/v2\/types\/page"}],"author":[{"embeddable":true,"href":"https:\/\/divi.zae.pl\/index.php\/wp-json\/wp\/v2\/users\/2"}],"replies":[{"embeddable":true,"href":"https:\/\/divi.zae.pl\/index.php\/wp-json\/wp\/v2\/comments?post=138"}],"version-history":[{"count":15,"href":"https:\/\/divi.zae.pl\/index.php\/wp-json\/wp\/v2\/pages\/138\/revisions"}],"predecessor-version":[{"id":840,"href":"https:\/\/divi.zae.pl\/index.php\/wp-json\/wp\/v2\/pages\/138\/revisions\/840"}],"wp:attachment":[{"href":"https:\/\/divi.zae.pl\/index.php\/wp-json\/wp\/v2\/media?parent=138"}],"curies":[{"name":"wp","href":"https:\/\/api.w.org\/{rel}","templated":true}]}}